{"id":18207,"date":"2024-09-13T10:06:20","date_gmt":"2024-09-13T10:06:20","guid":{"rendered":"https:\/\/ferlux.es\/?post_type=product&#038;p=18207"},"modified":"2026-02-06T16:26:26","modified_gmt":"2026-02-06T16:26:26","slug":"dana-mueble","status":"publish","type":"product","link":"https:\/\/ferlux.es\/pt\/produto\/dana-mueble\/","title":{"rendered":"DANA C\/ MUEBLE"},"content":{"rendered":"<div data-elementor-type=\"product-post\" data-elementor-id=\"18207\" class=\"elementor elementor-18207\" data-elementor-post-type=\"product\">\n\t\t\t\t\t\t<section class=\"elementor-section elementor-top-section elementor-element elementor-element-efde952 elementor-section-boxed elementor-section-height-default elementor-section-height-default\" data-id=\"efde952\" data-element_type=\"section\" data-e-type=\"section\">\n\t\t\t\t\t\t<div class=\"elementor-container elementor-column-gap-default\">\n\t\t\t\t\t<div class=\"elementor-column elementor-col-100 elementor-top-column elementor-element elementor-element-3b0704b\" data-id=\"3b0704b\" data-element_type=\"column\" data-e-type=\"column\">\n\t\t\t<div class=\"elementor-widget-wrap elementor-element-populated\">\n\t\t\t\t\t\t<div class=\"elementor-element elementor-element-5be0bd1 elementor-tabs-view-horizontal elementor-widget elementor-widget-tabs\" data-id=\"5be0bd1\" data-element_type=\"widget\" data-e-type=\"widget\" data-widget_type=\"tabs.default\">\n\t\t\t\t<div class=\"elementor-widget-container\">\n\t\t\t\t\t\t\t<div class=\"elementor-tabs\">\n\t\t\t<div class=\"elementor-tabs-wrapper\" role=\"tablist\" >\n\t\t\t\t\t\t\t\t\t<div id=\"elementor-tab-title-9631\" class=\"elementor-tab-title elementor-tab-desktop-title\" aria-selected=\"true\" data-tab=\"1\" role=\"tab\" tabindex=\"0\" aria-controls=\"elementor-tab-content-9631\" aria-expanded=\"false\">Manual <\/div>\n\t\t\t\t\t\t\t\t\t<div id=\"elementor-tab-title-9632\" class=\"elementor-tab-title elementor-tab-desktop-title\" aria-selected=\"false\" data-tab=\"2\" role=\"tab\" tabindex=\"-1\" aria-controls=\"elementor-tab-content-9632\" aria-expanded=\"false\">Ficha t\u00e9cnica<\/div>\n\t\t\t\t\t\t\t\t\t<div id=\"elementor-tab-title-9633\" class=\"elementor-tab-title elementor-tab-desktop-title\" aria-selected=\"false\" data-tab=\"3\" role=\"tab\" tabindex=\"-1\" aria-controls=\"elementor-tab-content-9633\" aria-expanded=\"false\">Ecodesign<\/div>\n\t\t\t\t\t\t\t\t\t<div id=\"elementor-tab-title-9634\" class=\"elementor-tab-title elementor-tab-desktop-title\" aria-selected=\"false\" data-tab=\"4\" role=\"tab\" tabindex=\"-1\" aria-controls=\"elementor-tab-content-9634\" aria-expanded=\"false\">D.O.P<\/div>\n\t\t\t\t\t\t\t\t\t<div id=\"elementor-tab-title-9635\" class=\"elementor-tab-title elementor-tab-desktop-title\" aria-selected=\"false\" data-tab=\"5\" role=\"tab\" tabindex=\"-1\" aria-controls=\"elementor-tab-content-9635\" aria-expanded=\"false\">Clase energ\u00e9tica<\/div>\n\t\t\t\t\t\t\t<\/div>\n\t\t\t<div class=\"elementor-tabs-content-wrapper\" role=\"tablist\" aria-orientation=\"vertical\">\n\t\t\t\t\t\t\t\t\t<div class=\"elementor-tab-title elementor-tab-mobile-title\" aria-selected=\"true\" data-tab=\"1\" role=\"tab\" tabindex=\"0\" aria-controls=\"elementor-tab-content-9631\" aria-expanded=\"false\">Manual <\/div>\n\t\t\t\t\t<div id=\"elementor-tab-content-9631\" class=\"elementor-tab-content elementor-clearfix\" data-tab=\"1\" role=\"tabpanel\" aria-labelledby=\"elementor-tab-title-9631\" tabindex=\"0\" hidden=\"false\"><\/div>\n\t\t\t\t\t\t\t\t\t<div class=\"elementor-tab-title elementor-tab-mobile-title\" aria-selected=\"false\" data-tab=\"2\" role=\"tab\" tabindex=\"-1\" aria-controls=\"elementor-tab-content-9632\" aria-expanded=\"false\">Ficha t\u00e9cnica<\/div>\n\t\t\t\t\t<div id=\"elementor-tab-content-9632\" class=\"elementor-tab-content elementor-clearfix\" data-tab=\"2\" role=\"tabpanel\" aria-labelledby=\"elementor-tab-title-9632\" tabindex=\"0\" hidden=\"hidden\"><p><a href=\"https:\/\/ferlux.es\/wp-content\/uploads\/2024\/09\/Ficha-tecnica-DANA-MUEBLE-REV00-ES.pdf\">Ficha t\u00e9cnica<\/a><\/p><\/div>\n\t\t\t\t\t\t\t\t\t<div class=\"elementor-tab-title elementor-tab-mobile-title\" aria-selected=\"false\" data-tab=\"3\" role=\"tab\" tabindex=\"-1\" aria-controls=\"elementor-tab-content-9633\" aria-expanded=\"false\">Ecodesign<\/div>\n\t\t\t\t\t<div id=\"elementor-tab-content-9633\" class=\"elementor-tab-content elementor-clearfix\" data-tab=\"3\" role=\"tabpanel\" aria-labelledby=\"elementor-tab-title-9633\" tabindex=\"0\" hidden=\"hidden\"><\/div>\n\t\t\t\t\t\t\t\t\t<div class=\"elementor-tab-title elementor-tab-mobile-title\" aria-selected=\"false\" data-tab=\"4\" role=\"tab\" tabindex=\"-1\" aria-controls=\"elementor-tab-content-9634\" aria-expanded=\"false\">D.O.P<\/div>\n\t\t\t\t\t<div id=\"elementor-tab-content-9634\" class=\"elementor-tab-content elementor-clearfix\" data-tab=\"4\" role=\"tabpanel\" aria-labelledby=\"elementor-tab-title-9634\" tabindex=\"0\" hidden=\"hidden\"><\/div>\n\t\t\t\t\t\t\t\t\t<div class=\"elementor-tab-title elementor-tab-mobile-title\" aria-selected=\"false\" data-tab=\"5\" role=\"tab\" tabindex=\"-1\" aria-controls=\"elementor-tab-content-9635\" aria-expanded=\"false\">Clase energ\u00e9tica<\/div>\n\t\t\t\t\t<div id=\"elementor-tab-content-9635\" class=\"elementor-tab-content elementor-clearfix\" data-tab=\"5\" role=\"tabpanel\" aria-labelledby=\"elementor-tab-title-9635\" tabindex=\"0\" hidden=\"hidden\"><\/div>\n\t\t\t\t\t\t\t<\/div>\n\t\t<\/div>\n\t\t\t\t\t\t<\/div>\n\t\t\t\t<\/div>\n\t\t\t\t\t<\/div>\n\t\t<\/div>\n\t\t\t\t\t<\/div>\n\t\t<\/section>\n\t\t\t\t<\/div>","protected":false},"excerpt":{"rendered":"<ul>\n<li>Estufa de acero al carbono<\/li>\n<li>Interior en vermiculita<\/li>\n<li>Doble combusti\u00f3n<\/li>\n<li>Sistema de cristal limpio<\/li>\n<li>Control de aire primario y secudario<\/li>\n<li>Salida de humos superior de 150 mm<\/li>\n<li>Amplia c\u00e1mara de combusti\u00f3n<\/li>\n<li>Posibilidad de coger aire del exterior<\/li>\n<\/ul>","protected":false},"featured_media":18181,"template":"","meta":{"_acf_changed":false},"product_brand":[],"product_cat":[420],"product_tag":[],"class_list":{"0":"post-18207","1":"product","2":"type-product","3":"status-publish","4":"has-post-thumbnail","6":"product_cat-gama-estufas","8":"first","9":"instock","10":"shipping-taxable","11":"product-type-simple"},"acf":[],"yoast_head":"<!-- This site is optimized with the Yoast SEO plugin v27.3 - https:\/\/yoast.com\/product\/yoast-seo-wordpress\/ -->\n<title>Modelo DANA C\/ MUEBLE | Ferlux<\/title>\n<meta name=\"description\" content=\"Modelo DANA C\/ MUEBLE. Ferlux: m\u00e1s de 28 a\u00f1os dedicados a la fabricaci\u00f3n de aparatos de calefacci\u00f3n.\" \/>\n<meta name=\"robots\" content=\"index, follow, max-snippet:-1, max-image-preview:large, max-video-preview:-1\" \/>\n<link rel=\"canonical\" href=\"https:\/\/ferlux.es\/pt\/produto\/dana-mueble\/\" \/>\n<meta property=\"og:locale\" content=\"pt_PT\" \/>\n<meta property=\"og:type\" content=\"article\" \/>\n<meta property=\"og:title\" content=\"Modelo DANA C\/ MUEBLE | Ferlux\" \/>\n<meta property=\"og:description\" content=\"Modelo DANA C\/ MUEBLE. Ferlux: m\u00e1s de 28 a\u00f1os dedicados a la fabricaci\u00f3n de aparatos de calefacci\u00f3n.\" \/>\n<meta property=\"og:url\" content=\"https:\/\/ferlux.es\/pt\/produto\/dana-mueble\/\" \/>\n<meta property=\"og:site_name\" content=\"Ferlux\" \/>\n<meta property=\"article:modified_time\" content=\"2026-02-06T16:26:26+00:00\" \/>\n<meta property=\"og:image\" content=\"https:\/\/ferlux.es\/wp-content\/uploads\/2024\/09\/DANA_Mueble-removebg-preview.png\" \/>\n\t<meta property=\"og:image:width\" content=\"466\" \/>\n\t<meta property=\"og:image:height\" content=\"535\" \/>\n\t<meta property=\"og:image:type\" content=\"image\/png\" \/>\n<meta name=\"twitter:card\" content=\"summary_large_image\" \/>\n<meta name=\"twitter:label1\" content=\"Tempo estimado de leitura\" \/>\n\t<meta name=\"twitter:data1\" content=\"1 minuto\" \/>\n<script type=\"application\/ld+json\" class=\"yoast-schema-graph\">{\"@context\":\"https:\\\/\\\/schema.org\",\"@graph\":[{\"@type\":\"WebPage\",\"@id\":\"https:\\\/\\\/ferlux.es\\\/producto\\\/dana-mueble\\\/\",\"url\":\"https:\\\/\\\/ferlux.es\\\/producto\\\/dana-mueble\\\/\",\"name\":\"Modelo DANA C\\\/ MUEBLE | Ferlux\",\"isPartOf\":{\"@id\":\"https:\\\/\\\/ferlux.es\\\/fr\\\/#website\"},\"primaryImageOfPage\":{\"@id\":\"https:\\\/\\\/ferlux.es\\\/producto\\\/dana-mueble\\\/#primaryimage\"},\"image\":{\"@id\":\"https:\\\/\\\/ferlux.es\\\/producto\\\/dana-mueble\\\/#primaryimage\"},\"thumbnailUrl\":\"https:\\\/\\\/ferlux.es\\\/wp-content\\\/uploads\\\/2024\\\/09\\\/DANA_Mueble-removebg-preview.png\",\"datePublished\":\"2024-09-13T10:06:20+00:00\",\"dateModified\":\"2026-02-06T16:26:26+00:00\",\"description\":\"Modelo DANA C\\\/ MUEBLE. Ferlux: m\u00e1s de 28 a\u00f1os dedicados a la fabricaci\u00f3n de aparatos de calefacci\u00f3n.\",\"breadcrumb\":{\"@id\":\"https:\\\/\\\/ferlux.es\\\/producto\\\/dana-mueble\\\/#breadcrumb\"},\"inLanguage\":\"pt-PT\",\"potentialAction\":[{\"@type\":\"ReadAction\",\"target\":[\"https:\\\/\\\/ferlux.es\\\/producto\\\/dana-mueble\\\/\"]}]},{\"@type\":\"ImageObject\",\"inLanguage\":\"pt-PT\",\"@id\":\"https:\\\/\\\/ferlux.es\\\/producto\\\/dana-mueble\\\/#primaryimage\",\"url\":\"https:\\\/\\\/ferlux.es\\\/wp-content\\\/uploads\\\/2024\\\/09\\\/DANA_Mueble-removebg-preview.png\",\"contentUrl\":\"https:\\\/\\\/ferlux.es\\\/wp-content\\\/uploads\\\/2024\\\/09\\\/DANA_Mueble-removebg-preview.png\",\"width\":466,\"height\":535},{\"@type\":\"BreadcrumbList\",\"@id\":\"https:\\\/\\\/ferlux.es\\\/producto\\\/dana-mueble\\\/#breadcrumb\",\"itemListElement\":[{\"@type\":\"ListItem\",\"position\":1,\"name\":\"Portada\",\"item\":\"https:\\\/\\\/ferlux.es\\\/\"},{\"@type\":\"ListItem\",\"position\":2,\"name\":\"Tienda\",\"item\":\"https:\\\/\\\/ferlux.es\\\/tienda\\\/\"},{\"@type\":\"ListItem\",\"position\":3,\"name\":\"DANA C\\\/ MUEBLE\"}]},{\"@type\":\"WebSite\",\"@id\":\"https:\\\/\\\/ferlux.es\\\/fr\\\/#website\",\"url\":\"https:\\\/\\\/ferlux.es\\\/fr\\\/\",\"name\":\"Ferlux\",\"description\":\"\",\"publisher\":{\"@id\":\"https:\\\/\\\/ferlux.es\\\/fr\\\/#organization\"},\"potentialAction\":[{\"@type\":\"SearchAction\",\"target\":{\"@type\":\"EntryPoint\",\"urlTemplate\":\"https:\\\/\\\/ferlux.es\\\/fr\\\/?s={search_term_string}\"},\"query-input\":{\"@type\":\"PropertyValueSpecification\",\"valueRequired\":true,\"valueName\":\"search_term_string\"}}],\"inLanguage\":\"pt-PT\"},{\"@type\":\"Organization\",\"@id\":\"https:\\\/\\\/ferlux.es\\\/fr\\\/#organization\",\"name\":\"Ferlux\",\"url\":\"https:\\\/\\\/ferlux.es\\\/fr\\\/\",\"logo\":{\"@type\":\"ImageObject\",\"inLanguage\":\"pt-PT\",\"@id\":\"https:\\\/\\\/ferlux.es\\\/fr\\\/#\\\/schema\\\/logo\\\/image\\\/\",\"url\":\"https:\\\/\\\/ferlux.es\\\/wp-content\\\/uploads\\\/2021\\\/07\\\/logo-ferlux.png\",\"contentUrl\":\"https:\\\/\\\/ferlux.es\\\/wp-content\\\/uploads\\\/2021\\\/07\\\/logo-ferlux.png\",\"width\":20835,\"height\":4702,\"caption\":\"Ferlux\"},\"image\":{\"@id\":\"https:\\\/\\\/ferlux.es\\\/fr\\\/#\\\/schema\\\/logo\\\/image\\\/\"}}]}<\/script>\n<!-- \/ Yoast SEO plugin. -->","yoast_head_json":{"title":"Modelo DANA C\/ MUEBLE | Ferlux","description":"Modelo DANA C\/ MUEBLE. Ferlux: m\u00e1s de 28 a\u00f1os dedicados a la fabricaci\u00f3n de aparatos de calefacci\u00f3n.","robots":{"index":"index","follow":"follow","max-snippet":"max-snippet:-1","max-image-preview":"max-image-preview:large","max-video-preview":"max-video-preview:-1"},"canonical":"https:\/\/ferlux.es\/pt\/produto\/dana-mueble\/","og_locale":"pt_PT","og_type":"article","og_title":"Modelo DANA C\/ MUEBLE | Ferlux","og_description":"Modelo DANA C\/ MUEBLE. Ferlux: m\u00e1s de 28 a\u00f1os dedicados a la fabricaci\u00f3n de aparatos de calefacci\u00f3n.","og_url":"https:\/\/ferlux.es\/pt\/produto\/dana-mueble\/","og_site_name":"Ferlux","article_modified_time":"2026-02-06T16:26:26+00:00","og_image":[{"width":466,"height":535,"url":"https:\/\/ferlux.es\/wp-content\/uploads\/2024\/09\/DANA_Mueble-removebg-preview.png","type":"image\/png"}],"twitter_card":"summary_large_image","twitter_misc":{"Tempo estimado de leitura":"1 minuto"},"schema":{"@context":"https:\/\/schema.org","@graph":[{"@type":"WebPage","@id":"https:\/\/ferlux.es\/producto\/dana-mueble\/","url":"https:\/\/ferlux.es\/producto\/dana-mueble\/","name":"Modelo DANA C\/ MUEBLE | Ferlux","isPartOf":{"@id":"https:\/\/ferlux.es\/fr\/#website"},"primaryImageOfPage":{"@id":"https:\/\/ferlux.es\/producto\/dana-mueble\/#primaryimage"},"image":{"@id":"https:\/\/ferlux.es\/producto\/dana-mueble\/#primaryimage"},"thumbnailUrl":"https:\/\/ferlux.es\/wp-content\/uploads\/2024\/09\/DANA_Mueble-removebg-preview.png","datePublished":"2024-09-13T10:06:20+00:00","dateModified":"2026-02-06T16:26:26+00:00","description":"Modelo DANA C\/ MUEBLE. Ferlux: m\u00e1s de 28 a\u00f1os dedicados a la fabricaci\u00f3n de aparatos de calefacci\u00f3n.","breadcrumb":{"@id":"https:\/\/ferlux.es\/producto\/dana-mueble\/#breadcrumb"},"inLanguage":"pt-PT","potentialAction":[{"@type":"ReadAction","target":["https:\/\/ferlux.es\/producto\/dana-mueble\/"]}]},{"@type":"ImageObject","inLanguage":"pt-PT","@id":"https:\/\/ferlux.es\/producto\/dana-mueble\/#primaryimage","url":"https:\/\/ferlux.es\/wp-content\/uploads\/2024\/09\/DANA_Mueble-removebg-preview.png","contentUrl":"https:\/\/ferlux.es\/wp-content\/uploads\/2024\/09\/DANA_Mueble-removebg-preview.png","width":466,"height":535},{"@type":"BreadcrumbList","@id":"https:\/\/ferlux.es\/producto\/dana-mueble\/#breadcrumb","itemListElement":[{"@type":"ListItem","position":1,"name":"Portada","item":"https:\/\/ferlux.es\/"},{"@type":"ListItem","position":2,"name":"Tienda","item":"https:\/\/ferlux.es\/tienda\/"},{"@type":"ListItem","position":3,"name":"DANA C\/ MUEBLE"}]},{"@type":"WebSite","@id":"https:\/\/ferlux.es\/fr\/#website","url":"https:\/\/ferlux.es\/fr\/","name":"Ferlux","description":"","publisher":{"@id":"https:\/\/ferlux.es\/fr\/#organization"},"potentialAction":[{"@type":"SearchAction","target":{"@type":"EntryPoint","urlTemplate":"https:\/\/ferlux.es\/fr\/?s={search_term_string}"},"query-input":{"@type":"PropertyValueSpecification","valueRequired":true,"valueName":"search_term_string"}}],"inLanguage":"pt-PT"},{"@type":"Organization","@id":"https:\/\/ferlux.es\/fr\/#organization","name":"Ferlux","url":"https:\/\/ferlux.es\/fr\/","logo":{"@type":"ImageObject","inLanguage":"pt-PT","@id":"https:\/\/ferlux.es\/fr\/#\/schema\/logo\/image\/","url":"https:\/\/ferlux.es\/wp-content\/uploads\/2021\/07\/logo-ferlux.png","contentUrl":"https:\/\/ferlux.es\/wp-content\/uploads\/2021\/07\/logo-ferlux.png","width":20835,"height":4702,"caption":"Ferlux"},"image":{"@id":"https:\/\/ferlux.es\/fr\/#\/schema\/logo\/image\/"}}]}},"_links":{"self":[{"href":"https:\/\/ferlux.es\/pt\/wp-json\/wp\/v2\/product\/18207","targetHints":{"allow":["GET"]}}],"collection":[{"href":"https:\/\/ferlux.es\/pt\/wp-json\/wp\/v2\/product"}],"about":[{"href":"https:\/\/ferlux.es\/pt\/wp-json\/wp\/v2\/types\/product"}],"version-history":[{"count":6,"href":"https:\/\/ferlux.es\/pt\/wp-json\/wp\/v2\/product\/18207\/revisions"}],"predecessor-version":[{"id":18953,"href":"https:\/\/ferlux.es\/pt\/wp-json\/wp\/v2\/product\/18207\/revisions\/18953"}],"wp:featuredmedia":[{"embeddable":true,"href":"https:\/\/ferlux.es\/pt\/wp-json\/wp\/v2\/media\/18181"}],"wp:attachment":[{"href":"https:\/\/ferlux.es\/pt\/wp-json\/wp\/v2\/media?parent=18207"}],"wp:term":[{"taxonomy":"product_brand","embeddable":true,"href":"https:\/\/ferlux.es\/pt\/wp-json\/wp\/v2\/product_brand?post=18207"},{"taxonomy":"product_cat","embeddable":true,"href":"https:\/\/ferlux.es\/pt\/wp-json\/wp\/v2\/product_cat?post=18207"},{"taxonomy":"product_tag","embeddable":true,"href":"https:\/\/ferlux.es\/pt\/wp-json\/wp\/v2\/product_tag?post=18207"}],"curies":[{"name":"wp","href":"https:\/\/api.w.org\/{rel}","templated":true}]}}