{"id":17076,"date":"2022-10-13T11:13:27","date_gmt":"2022-10-13T11:13:27","guid":{"rendered":"https:\/\/ferlux.es\/?post_type=product&#038;p=17076"},"modified":"2026-02-10T13:15:48","modified_gmt":"2026-02-10T13:15:48","slug":"4-heat","status":"publish","type":"product","link":"https:\/\/ferlux.es\/pt\/produto\/4-heat\/","title":{"rendered":"PINKEY WIFI (4HEAT)"},"content":{"rendered":"<div data-elementor-type=\"product-post\" data-elementor-id=\"17076\" class=\"elementor elementor-17076\" data-elementor-post-type=\"product\">\n\t\t\t\t\t\t<section class=\"elementor-section elementor-top-section elementor-element elementor-element-7cca711c elementor-section-boxed elementor-section-height-default elementor-section-height-default\" data-id=\"7cca711c\" data-element_type=\"section\" data-e-type=\"section\">\n\t\t\t\t\t\t<div class=\"elementor-container elementor-column-gap-default\">\n\t\t\t\t\t<div class=\"elementor-column elementor-col-100 elementor-top-column elementor-element elementor-element-3f76aea0\" data-id=\"3f76aea0\" data-element_type=\"column\" data-e-type=\"column\">\n\t\t\t<div class=\"elementor-widget-wrap elementor-element-populated\">\n\t\t\t\t\t\t<div class=\"elementor-element elementor-element-41d5e5d8 elementor-tabs-view-horizontal elementor-widget elementor-widget-tabs\" data-id=\"41d5e5d8\" data-element_type=\"widget\" data-e-type=\"widget\" data-widget_type=\"tabs.default\">\n\t\t\t\t<div class=\"elementor-widget-container\">\n\t\t\t\t\t\t\t<div class=\"elementor-tabs\">\n\t\t\t<div class=\"elementor-tabs-wrapper\" role=\"tablist\" >\n\t\t\t\t\t\t\t\t\t<div id=\"elementor-tab-title-1101\" class=\"elementor-tab-title elementor-tab-desktop-title\" aria-selected=\"true\" data-tab=\"1\" role=\"tab\" tabindex=\"0\" aria-controls=\"elementor-tab-content-1101\" aria-expanded=\"false\">Manual<\/div>\n\t\t\t\t\t\t\t<\/div>\n\t\t\t<div class=\"elementor-tabs-content-wrapper\" role=\"tablist\" aria-orientation=\"vertical\">\n\t\t\t\t\t\t\t\t\t<div class=\"elementor-tab-title elementor-tab-mobile-title\" aria-selected=\"true\" data-tab=\"1\" role=\"tab\" tabindex=\"0\" aria-controls=\"elementor-tab-content-1101\" aria-expanded=\"false\">Manual<\/div>\n\t\t\t\t\t<div id=\"elementor-tab-content-1101\" class=\"elementor-tab-content elementor-clearfix\" data-tab=\"1\" role=\"tabpanel\" aria-labelledby=\"elementor-tab-title-1101\" tabindex=\"0\" hidden=\"false\"><ul><li><a href=\"https:\/\/ferlux.es\/wp-content\/uploads\/2022\/10\/Manuale-4HEAT.pdf\">Manual 4Heat<\/a><\/li><\/ul><\/div>\n\t\t\t\t\t\t\t<\/div>\n\t\t<\/div>\n\t\t\t\t\t\t<\/div>\n\t\t\t\t<\/div>\n\t\t\t\t\t<\/div>\n\t\t<\/div>\n\t\t\t\t\t<\/div>\n\t\t<\/section>\n\t\t\t\t<\/div>","protected":false},"excerpt":{"rendered":"<ul id=\"product-list\">\n<li><i class=\"icon-ok\"><\/i>Con este sistema podemos monitorizar y controlar desde nuestro propio m\u00f3vil o tablet todas las funciones de la estufa y\/o caldera, a trav\u00e9s de una aplicaci\u00f3n compatible con \u00abANDROID\u00bb, \u00abIOS\u00bb y \u00abWindows PHONE\u00bb, desde cualquier parte del mundo permiti\u00e9ndonos mayor confort.<\/li>\n<li>Compatible con todos los modelos de la gama pellet.<\/li>\n<\/ul>","protected":false},"featured_media":19435,"template":"","meta":{"_acf_changed":false},"product_brand":[],"product_cat":[442],"product_tag":[443,445],"class_list":{"0":"post-17076","1":"product","2":"type-product","3":"status-publish","4":"has-post-thumbnail","6":"product_cat-accesorios","7":"product_tag-accesorio","8":"product_tag-electronica","10":"first","11":"instock","12":"shipping-taxable","13":"product-type-simple"},"acf":[],"yoast_head":"<!-- This site is optimized with the Yoast SEO plugin v27.3 - https:\/\/yoast.com\/product\/yoast-seo-wordpress\/ -->\n<title>4HEAT<\/title>\n<meta name=\"description\" content=\"4 Heat. Ferlux: m\u00e1s de 28 a\u00f1os dedicados a la fabricaci\u00f3n de aparatos de calefacci\u00f3n.\" \/>\n<meta name=\"robots\" content=\"index, follow, max-snippet:-1, max-image-preview:large, max-video-preview:-1\" \/>\n<link rel=\"canonical\" href=\"https:\/\/ferlux.es\/pt\/produto\/4-heat\/\" \/>\n<meta property=\"og:locale\" content=\"pt_PT\" \/>\n<meta property=\"og:type\" content=\"article\" \/>\n<meta property=\"og:title\" content=\"4HEAT\" \/>\n<meta property=\"og:description\" content=\"4 Heat. Ferlux: m\u00e1s de 28 a\u00f1os dedicados a la fabricaci\u00f3n de aparatos de calefacci\u00f3n.\" \/>\n<meta property=\"og:url\" content=\"https:\/\/ferlux.es\/pt\/produto\/4-heat\/\" \/>\n<meta property=\"og:site_name\" content=\"Ferlux\" \/>\n<meta property=\"article:modified_time\" content=\"2026-02-10T13:15:48+00:00\" \/>\n<meta property=\"og:image\" content=\"https:\/\/ferlux.es\/wp-content\/uploads\/2026\/02\/PSYSR03000002-Pinkey.jpg\" \/>\n\t<meta property=\"og:image:width\" content=\"1000\" \/>\n\t<meta property=\"og:image:height\" content=\"1000\" \/>\n\t<meta property=\"og:image:type\" content=\"image\/jpeg\" \/>\n<meta name=\"twitter:card\" content=\"summary_large_image\" \/>\n<meta name=\"twitter:label1\" content=\"Tempo estimado de leitura\" \/>\n\t<meta name=\"twitter:data1\" content=\"1 minuto\" \/>\n<script type=\"application\/ld+json\" class=\"yoast-schema-graph\">{\"@context\":\"https:\\\/\\\/schema.org\",\"@graph\":[{\"@type\":\"WebPage\",\"@id\":\"https:\\\/\\\/ferlux.es\\\/producto\\\/4-heat\\\/\",\"url\":\"https:\\\/\\\/ferlux.es\\\/producto\\\/4-heat\\\/\",\"name\":\"4HEAT\",\"isPartOf\":{\"@id\":\"https:\\\/\\\/ferlux.es\\\/fr\\\/#website\"},\"primaryImageOfPage\":{\"@id\":\"https:\\\/\\\/ferlux.es\\\/producto\\\/4-heat\\\/#primaryimage\"},\"image\":{\"@id\":\"https:\\\/\\\/ferlux.es\\\/producto\\\/4-heat\\\/#primaryimage\"},\"thumbnailUrl\":\"https:\\\/\\\/ferlux.es\\\/wp-content\\\/uploads\\\/2026\\\/02\\\/PSYSR03000002-Pinkey.jpg\",\"datePublished\":\"2022-10-13T11:13:27+00:00\",\"dateModified\":\"2026-02-10T13:15:48+00:00\",\"description\":\"4 Heat. Ferlux: m\u00e1s de 28 a\u00f1os dedicados a la fabricaci\u00f3n de aparatos de calefacci\u00f3n.\",\"breadcrumb\":{\"@id\":\"https:\\\/\\\/ferlux.es\\\/producto\\\/4-heat\\\/#breadcrumb\"},\"inLanguage\":\"pt-PT\",\"potentialAction\":[{\"@type\":\"ReadAction\",\"target\":[\"https:\\\/\\\/ferlux.es\\\/producto\\\/4-heat\\\/\"]}]},{\"@type\":\"ImageObject\",\"inLanguage\":\"pt-PT\",\"@id\":\"https:\\\/\\\/ferlux.es\\\/producto\\\/4-heat\\\/#primaryimage\",\"url\":\"https:\\\/\\\/ferlux.es\\\/wp-content\\\/uploads\\\/2026\\\/02\\\/PSYSR03000002-Pinkey.jpg\",\"contentUrl\":\"https:\\\/\\\/ferlux.es\\\/wp-content\\\/uploads\\\/2026\\\/02\\\/PSYSR03000002-Pinkey.jpg\",\"width\":1000,\"height\":1000},{\"@type\":\"BreadcrumbList\",\"@id\":\"https:\\\/\\\/ferlux.es\\\/producto\\\/4-heat\\\/#breadcrumb\",\"itemListElement\":[{\"@type\":\"ListItem\",\"position\":1,\"name\":\"Portada\",\"item\":\"https:\\\/\\\/ferlux.es\\\/\"},{\"@type\":\"ListItem\",\"position\":2,\"name\":\"Tienda\",\"item\":\"https:\\\/\\\/ferlux.es\\\/tienda\\\/\"},{\"@type\":\"ListItem\",\"position\":3,\"name\":\"PINKEY WIFI (4HEAT)\"}]},{\"@type\":\"WebSite\",\"@id\":\"https:\\\/\\\/ferlux.es\\\/fr\\\/#website\",\"url\":\"https:\\\/\\\/ferlux.es\\\/fr\\\/\",\"name\":\"Ferlux\",\"description\":\"\",\"publisher\":{\"@id\":\"https:\\\/\\\/ferlux.es\\\/fr\\\/#organization\"},\"potentialAction\":[{\"@type\":\"SearchAction\",\"target\":{\"@type\":\"EntryPoint\",\"urlTemplate\":\"https:\\\/\\\/ferlux.es\\\/fr\\\/?s={search_term_string}\"},\"query-input\":{\"@type\":\"PropertyValueSpecification\",\"valueRequired\":true,\"valueName\":\"search_term_string\"}}],\"inLanguage\":\"pt-PT\"},{\"@type\":\"Organization\",\"@id\":\"https:\\\/\\\/ferlux.es\\\/fr\\\/#organization\",\"name\":\"Ferlux\",\"url\":\"https:\\\/\\\/ferlux.es\\\/fr\\\/\",\"logo\":{\"@type\":\"ImageObject\",\"inLanguage\":\"pt-PT\",\"@id\":\"https:\\\/\\\/ferlux.es\\\/fr\\\/#\\\/schema\\\/logo\\\/image\\\/\",\"url\":\"https:\\\/\\\/ferlux.es\\\/wp-content\\\/uploads\\\/2021\\\/07\\\/logo-ferlux.png\",\"contentUrl\":\"https:\\\/\\\/ferlux.es\\\/wp-content\\\/uploads\\\/2021\\\/07\\\/logo-ferlux.png\",\"width\":20835,\"height\":4702,\"caption\":\"Ferlux\"},\"image\":{\"@id\":\"https:\\\/\\\/ferlux.es\\\/fr\\\/#\\\/schema\\\/logo\\\/image\\\/\"}}]}<\/script>\n<!-- \/ Yoast SEO plugin. -->","yoast_head_json":{"title":"4HEAT","description":"4 Heat. Ferlux: m\u00e1s de 28 a\u00f1os dedicados a la fabricaci\u00f3n de aparatos de calefacci\u00f3n.","robots":{"index":"index","follow":"follow","max-snippet":"max-snippet:-1","max-image-preview":"max-image-preview:large","max-video-preview":"max-video-preview:-1"},"canonical":"https:\/\/ferlux.es\/pt\/produto\/4-heat\/","og_locale":"pt_PT","og_type":"article","og_title":"4HEAT","og_description":"4 Heat. Ferlux: m\u00e1s de 28 a\u00f1os dedicados a la fabricaci\u00f3n de aparatos de calefacci\u00f3n.","og_url":"https:\/\/ferlux.es\/pt\/produto\/4-heat\/","og_site_name":"Ferlux","article_modified_time":"2026-02-10T13:15:48+00:00","og_image":[{"width":1000,"height":1000,"url":"https:\/\/ferlux.es\/wp-content\/uploads\/2026\/02\/PSYSR03000002-Pinkey.jpg","type":"image\/jpeg"}],"twitter_card":"summary_large_image","twitter_misc":{"Tempo estimado de leitura":"1 minuto"},"schema":{"@context":"https:\/\/schema.org","@graph":[{"@type":"WebPage","@id":"https:\/\/ferlux.es\/producto\/4-heat\/","url":"https:\/\/ferlux.es\/producto\/4-heat\/","name":"4HEAT","isPartOf":{"@id":"https:\/\/ferlux.es\/fr\/#website"},"primaryImageOfPage":{"@id":"https:\/\/ferlux.es\/producto\/4-heat\/#primaryimage"},"image":{"@id":"https:\/\/ferlux.es\/producto\/4-heat\/#primaryimage"},"thumbnailUrl":"https:\/\/ferlux.es\/wp-content\/uploads\/2026\/02\/PSYSR03000002-Pinkey.jpg","datePublished":"2022-10-13T11:13:27+00:00","dateModified":"2026-02-10T13:15:48+00:00","description":"4 Heat. Ferlux: m\u00e1s de 28 a\u00f1os dedicados a la fabricaci\u00f3n de aparatos de calefacci\u00f3n.","breadcrumb":{"@id":"https:\/\/ferlux.es\/producto\/4-heat\/#breadcrumb"},"inLanguage":"pt-PT","potentialAction":[{"@type":"ReadAction","target":["https:\/\/ferlux.es\/producto\/4-heat\/"]}]},{"@type":"ImageObject","inLanguage":"pt-PT","@id":"https:\/\/ferlux.es\/producto\/4-heat\/#primaryimage","url":"https:\/\/ferlux.es\/wp-content\/uploads\/2026\/02\/PSYSR03000002-Pinkey.jpg","contentUrl":"https:\/\/ferlux.es\/wp-content\/uploads\/2026\/02\/PSYSR03000002-Pinkey.jpg","width":1000,"height":1000},{"@type":"BreadcrumbList","@id":"https:\/\/ferlux.es\/producto\/4-heat\/#breadcrumb","itemListElement":[{"@type":"ListItem","position":1,"name":"Portada","item":"https:\/\/ferlux.es\/"},{"@type":"ListItem","position":2,"name":"Tienda","item":"https:\/\/ferlux.es\/tienda\/"},{"@type":"ListItem","position":3,"name":"PINKEY WIFI (4HEAT)"}]},{"@type":"WebSite","@id":"https:\/\/ferlux.es\/fr\/#website","url":"https:\/\/ferlux.es\/fr\/","name":"Ferlux","description":"","publisher":{"@id":"https:\/\/ferlux.es\/fr\/#organization"},"potentialAction":[{"@type":"SearchAction","target":{"@type":"EntryPoint","urlTemplate":"https:\/\/ferlux.es\/fr\/?s={search_term_string}"},"query-input":{"@type":"PropertyValueSpecification","valueRequired":true,"valueName":"search_term_string"}}],"inLanguage":"pt-PT"},{"@type":"Organization","@id":"https:\/\/ferlux.es\/fr\/#organization","name":"Ferlux","url":"https:\/\/ferlux.es\/fr\/","logo":{"@type":"ImageObject","inLanguage":"pt-PT","@id":"https:\/\/ferlux.es\/fr\/#\/schema\/logo\/image\/","url":"https:\/\/ferlux.es\/wp-content\/uploads\/2021\/07\/logo-ferlux.png","contentUrl":"https:\/\/ferlux.es\/wp-content\/uploads\/2021\/07\/logo-ferlux.png","width":20835,"height":4702,"caption":"Ferlux"},"image":{"@id":"https:\/\/ferlux.es\/fr\/#\/schema\/logo\/image\/"}}]}},"_links":{"self":[{"href":"https:\/\/ferlux.es\/pt\/wp-json\/wp\/v2\/product\/17076","targetHints":{"allow":["GET"]}}],"collection":[{"href":"https:\/\/ferlux.es\/pt\/wp-json\/wp\/v2\/product"}],"about":[{"href":"https:\/\/ferlux.es\/pt\/wp-json\/wp\/v2\/types\/product"}],"version-history":[{"count":6,"href":"https:\/\/ferlux.es\/pt\/wp-json\/wp\/v2\/product\/17076\/revisions"}],"predecessor-version":[{"id":19423,"href":"https:\/\/ferlux.es\/pt\/wp-json\/wp\/v2\/product\/17076\/revisions\/19423"}],"wp:featuredmedia":[{"embeddable":true,"href":"https:\/\/ferlux.es\/pt\/wp-json\/wp\/v2\/media\/19435"}],"wp:attachment":[{"href":"https:\/\/ferlux.es\/pt\/wp-json\/wp\/v2\/media?parent=17076"}],"wp:term":[{"taxonomy":"product_brand","embeddable":true,"href":"https:\/\/ferlux.es\/pt\/wp-json\/wp\/v2\/product_brand?post=17076"},{"taxonomy":"product_cat","embeddable":true,"href":"https:\/\/ferlux.es\/pt\/wp-json\/wp\/v2\/product_cat?post=17076"},{"taxonomy":"product_tag","embeddable":true,"href":"https:\/\/ferlux.es\/pt\/wp-json\/wp\/v2\/product_tag?post=17076"}],"curies":[{"name":"wp","href":"https:\/\/api.w.org\/{rel}","templated":true}]}}