{"id":16398,"date":"2022-09-21T13:42:06","date_gmt":"2022-09-21T13:42:06","guid":{"rendered":"https:\/\/ferlux.es\/?post_type=product&#038;p=16398"},"modified":"2026-02-10T12:45:45","modified_gmt":"2026-02-10T12:45:45","slug":"s-80","status":"publish","type":"product","link":"https:\/\/ferlux.es\/pt\/produto\/s-80\/","title":{"rendered":"S80"},"content":{"rendered":"<div data-elementor-type=\"product-post\" data-elementor-id=\"16398\" class=\"elementor elementor-16398\" data-elementor-post-type=\"product\">\n\t\t\t\t\t\t<section class=\"elementor-section elementor-top-section elementor-element elementor-element-7cca711c elementor-section-boxed elementor-section-height-default elementor-section-height-default\" data-id=\"7cca711c\" data-element_type=\"section\" data-e-type=\"section\">\n\t\t\t\t\t\t<div class=\"elementor-container elementor-column-gap-default\">\n\t\t\t\t\t<div class=\"elementor-column elementor-col-100 elementor-top-column elementor-element elementor-element-3f76aea0\" data-id=\"3f76aea0\" data-element_type=\"column\" data-e-type=\"column\">\n\t\t\t<div class=\"elementor-widget-wrap elementor-element-populated\">\n\t\t\t\t\t\t<div class=\"elementor-element elementor-element-41d5e5d8 elementor-tabs-view-horizontal elementor-widget elementor-widget-tabs\" data-id=\"41d5e5d8\" data-element_type=\"widget\" data-e-type=\"widget\" data-widget_type=\"tabs.default\">\n\t\t\t\t<div class=\"elementor-widget-container\">\n\t\t\t\t\t\t\t<div class=\"elementor-tabs\">\n\t\t\t<div class=\"elementor-tabs-wrapper\" role=\"tablist\" >\n\t\t\t\t\t\t\t\t\t<div id=\"elementor-tab-title-1101\" class=\"elementor-tab-title elementor-tab-desktop-title\" aria-selected=\"true\" data-tab=\"1\" role=\"tab\" tabindex=\"0\" aria-controls=\"elementor-tab-content-1101\" aria-expanded=\"false\">Manual<\/div>\n\t\t\t\t\t\t\t\t\t<div id=\"elementor-tab-title-1102\" class=\"elementor-tab-title elementor-tab-desktop-title\" aria-selected=\"false\" data-tab=\"2\" role=\"tab\" tabindex=\"-1\" aria-controls=\"elementor-tab-content-1102\" aria-expanded=\"false\">Ficha T\u00e9cnica<\/div>\n\t\t\t\t\t\t\t<\/div>\n\t\t\t<div class=\"elementor-tabs-content-wrapper\" role=\"tablist\" aria-orientation=\"vertical\">\n\t\t\t\t\t\t\t\t\t<div class=\"elementor-tab-title elementor-tab-mobile-title\" aria-selected=\"true\" data-tab=\"1\" role=\"tab\" tabindex=\"0\" aria-controls=\"elementor-tab-content-1101\" aria-expanded=\"false\">Manual<\/div>\n\t\t\t\t\t<div id=\"elementor-tab-content-1101\" class=\"elementor-tab-content elementor-clearfix\" data-tab=\"1\" role=\"tabpanel\" aria-labelledby=\"elementor-tab-title-1101\" tabindex=\"0\" hidden=\"false\"><ul><li><a href=\"https:\/\/ferlux.es\/wp-content\/uploads\/2022\/09\/Manual-BARBACOAS-Ferlux-R02-ES-FR.pdf\">Manual Mod. S80<\/a><\/li><\/ul><\/div>\n\t\t\t\t\t\t\t\t\t<div class=\"elementor-tab-title elementor-tab-mobile-title\" aria-selected=\"false\" data-tab=\"2\" role=\"tab\" tabindex=\"-1\" aria-controls=\"elementor-tab-content-1102\" aria-expanded=\"false\">Ficha T\u00e9cnica<\/div>\n\t\t\t\t\t<div id=\"elementor-tab-content-1102\" class=\"elementor-tab-content elementor-clearfix\" data-tab=\"2\" role=\"tabpanel\" aria-labelledby=\"elementor-tab-title-1102\" tabindex=\"0\" hidden=\"hidden\"><ul><li><a href=\"https:\/\/ferlux.es\/wp-content\/uploads\/2022\/09\/Ficha-tenica-S80-REV01-ES.pdf\">Ficha T\u00e9cnica Mod. S80<\/a><\/li><\/ul><\/div>\n\t\t\t\t\t\t\t<\/div>\n\t\t<\/div>\n\t\t\t\t\t\t<\/div>\n\t\t\t\t<\/div>\n\t\t\t\t\t<\/div>\n\t\t<\/div>\n\t\t\t\t\t<\/div>\n\t\t<\/section>\n\t\t\t\t<\/div>","protected":false},"excerpt":{"rendered":"<ul id=\"product-list\">\n<li><i class=\"icon-ok\"><\/i>Barbacoa de acero<i class=\"icon-ok\"><\/i><i class=\"icon-ok\"><\/i><i class=\"icon-ok\"><\/i><i class=\"icon-ok\"><\/i>\u00a0<i class=\"icon-ok\"><\/i><i class=\"icon-ok\"><\/i><\/li>\n<li>Opcional puerta 2 hojas<\/li>\n<\/ul>","protected":false},"featured_media":13205,"template":"","meta":{"_acf_changed":false},"product_brand":[],"product_cat":[424],"product_tag":[50,267],"class_list":{"0":"post-16398","1":"product","2":"type-product","3":"status-publish","4":"has-post-thumbnail","6":"product_cat-gama-barbacoas","7":"product_tag-acero","8":"product_tag-barbacoas","10":"first","11":"instock","12":"shipping-taxable","13":"product-type-simple"},"acf":[],"yoast_head":"<!-- This site is optimized with the Yoast SEO plugin v27.4 - https:\/\/yoast.com\/product\/yoast-seo-wordpress\/ -->\n<title>Modelo S80 |Ferlux<\/title>\n<meta name=\"description\" content=\"Modelo S80. Ferlux: m\u00e1s de 28 a\u00f1os dedicados a la fabricaci\u00f3n de aparatos de calefacci\u00f3n.\" \/>\n<meta name=\"robots\" content=\"index, follow, max-snippet:-1, max-image-preview:large, max-video-preview:-1\" \/>\n<link rel=\"canonical\" href=\"https:\/\/ferlux.es\/pt\/produto\/s-80\/\" \/>\n<meta property=\"og:locale\" content=\"pt_PT\" \/>\n<meta property=\"og:type\" content=\"article\" \/>\n<meta property=\"og:title\" content=\"Modelo S80 |Ferlux\" \/>\n<meta property=\"og:description\" content=\"Modelo S80. Ferlux: m\u00e1s de 28 a\u00f1os dedicados a la fabricaci\u00f3n de aparatos de calefacci\u00f3n.\" \/>\n<meta property=\"og:url\" content=\"https:\/\/ferlux.es\/pt\/produto\/s-80\/\" \/>\n<meta property=\"og:site_name\" content=\"Ferlux\" \/>\n<meta property=\"article:modified_time\" content=\"2026-02-10T12:45:45+00:00\" \/>\n<meta property=\"og:image\" content=\"https:\/\/ferlux.es\/wp-content\/uploads\/2021\/08\/HOGAR-S80.png\" \/>\n\t<meta property=\"og:image:width\" content=\"1500\" \/>\n\t<meta property=\"og:image:height\" content=\"1500\" \/>\n\t<meta property=\"og:image:type\" content=\"image\/png\" \/>\n<meta name=\"twitter:card\" content=\"summary_large_image\" \/>\n<meta name=\"twitter:label1\" content=\"Tempo estimado de leitura\" \/>\n\t<meta name=\"twitter:data1\" content=\"1 minuto\" \/>\n<script type=\"application\/ld+json\" class=\"yoast-schema-graph\">{\"@context\":\"https:\\\/\\\/schema.org\",\"@graph\":[{\"@type\":\"WebPage\",\"@id\":\"https:\\\/\\\/ferlux.es\\\/producto\\\/s-80\\\/\",\"url\":\"https:\\\/\\\/ferlux.es\\\/producto\\\/s-80\\\/\",\"name\":\"Modelo S80 |Ferlux\",\"isPartOf\":{\"@id\":\"https:\\\/\\\/ferlux.es\\\/fr\\\/#website\"},\"primaryImageOfPage\":{\"@id\":\"https:\\\/\\\/ferlux.es\\\/producto\\\/s-80\\\/#primaryimage\"},\"image\":{\"@id\":\"https:\\\/\\\/ferlux.es\\\/producto\\\/s-80\\\/#primaryimage\"},\"thumbnailUrl\":\"https:\\\/\\\/ferlux.es\\\/wp-content\\\/uploads\\\/2021\\\/08\\\/HOGAR-S80.png\",\"datePublished\":\"2022-09-21T13:42:06+00:00\",\"dateModified\":\"2026-02-10T12:45:45+00:00\",\"description\":\"Modelo S80. Ferlux: m\u00e1s de 28 a\u00f1os dedicados a la fabricaci\u00f3n de aparatos de calefacci\u00f3n.\",\"breadcrumb\":{\"@id\":\"https:\\\/\\\/ferlux.es\\\/producto\\\/s-80\\\/#breadcrumb\"},\"inLanguage\":\"pt-PT\",\"potentialAction\":[{\"@type\":\"ReadAction\",\"target\":[\"https:\\\/\\\/ferlux.es\\\/producto\\\/s-80\\\/\"]}]},{\"@type\":\"ImageObject\",\"inLanguage\":\"pt-PT\",\"@id\":\"https:\\\/\\\/ferlux.es\\\/producto\\\/s-80\\\/#primaryimage\",\"url\":\"https:\\\/\\\/ferlux.es\\\/wp-content\\\/uploads\\\/2021\\\/08\\\/HOGAR-S80.png\",\"contentUrl\":\"https:\\\/\\\/ferlux.es\\\/wp-content\\\/uploads\\\/2021\\\/08\\\/HOGAR-S80.png\",\"width\":1500,\"height\":1500},{\"@type\":\"BreadcrumbList\",\"@id\":\"https:\\\/\\\/ferlux.es\\\/producto\\\/s-80\\\/#breadcrumb\",\"itemListElement\":[{\"@type\":\"ListItem\",\"position\":1,\"name\":\"Portada\",\"item\":\"https:\\\/\\\/ferlux.es\\\/\"},{\"@type\":\"ListItem\",\"position\":2,\"name\":\"Tienda\",\"item\":\"https:\\\/\\\/ferlux.es\\\/tienda\\\/\"},{\"@type\":\"ListItem\",\"position\":3,\"name\":\"S80\"}]},{\"@type\":\"WebSite\",\"@id\":\"https:\\\/\\\/ferlux.es\\\/fr\\\/#website\",\"url\":\"https:\\\/\\\/ferlux.es\\\/fr\\\/\",\"name\":\"Ferlux\",\"description\":\"\",\"publisher\":{\"@id\":\"https:\\\/\\\/ferlux.es\\\/fr\\\/#organization\"},\"potentialAction\":[{\"@type\":\"SearchAction\",\"target\":{\"@type\":\"EntryPoint\",\"urlTemplate\":\"https:\\\/\\\/ferlux.es\\\/fr\\\/?s={search_term_string}\"},\"query-input\":{\"@type\":\"PropertyValueSpecification\",\"valueRequired\":true,\"valueName\":\"search_term_string\"}}],\"inLanguage\":\"pt-PT\"},{\"@type\":\"Organization\",\"@id\":\"https:\\\/\\\/ferlux.es\\\/fr\\\/#organization\",\"name\":\"Ferlux\",\"url\":\"https:\\\/\\\/ferlux.es\\\/fr\\\/\",\"logo\":{\"@type\":\"ImageObject\",\"inLanguage\":\"pt-PT\",\"@id\":\"https:\\\/\\\/ferlux.es\\\/fr\\\/#\\\/schema\\\/logo\\\/image\\\/\",\"url\":\"https:\\\/\\\/ferlux.es\\\/wp-content\\\/uploads\\\/2021\\\/07\\\/logo-ferlux.png\",\"contentUrl\":\"https:\\\/\\\/ferlux.es\\\/wp-content\\\/uploads\\\/2021\\\/07\\\/logo-ferlux.png\",\"width\":20835,\"height\":4702,\"caption\":\"Ferlux\"},\"image\":{\"@id\":\"https:\\\/\\\/ferlux.es\\\/fr\\\/#\\\/schema\\\/logo\\\/image\\\/\"}}]}<\/script>\n<!-- \/ Yoast SEO plugin. -->","yoast_head_json":{"title":"Modelo S80 |Ferlux","description":"Modelo S80. Ferlux: m\u00e1s de 28 a\u00f1os dedicados a la fabricaci\u00f3n de aparatos de calefacci\u00f3n.","robots":{"index":"index","follow":"follow","max-snippet":"max-snippet:-1","max-image-preview":"max-image-preview:large","max-video-preview":"max-video-preview:-1"},"canonical":"https:\/\/ferlux.es\/pt\/produto\/s-80\/","og_locale":"pt_PT","og_type":"article","og_title":"Modelo S80 |Ferlux","og_description":"Modelo S80. Ferlux: m\u00e1s de 28 a\u00f1os dedicados a la fabricaci\u00f3n de aparatos de calefacci\u00f3n.","og_url":"https:\/\/ferlux.es\/pt\/produto\/s-80\/","og_site_name":"Ferlux","article_modified_time":"2026-02-10T12:45:45+00:00","og_image":[{"width":1500,"height":1500,"url":"https:\/\/ferlux.es\/wp-content\/uploads\/2021\/08\/HOGAR-S80.png","type":"image\/png"}],"twitter_card":"summary_large_image","twitter_misc":{"Tempo estimado de leitura":"1 minuto"},"schema":{"@context":"https:\/\/schema.org","@graph":[{"@type":"WebPage","@id":"https:\/\/ferlux.es\/producto\/s-80\/","url":"https:\/\/ferlux.es\/producto\/s-80\/","name":"Modelo S80 |Ferlux","isPartOf":{"@id":"https:\/\/ferlux.es\/fr\/#website"},"primaryImageOfPage":{"@id":"https:\/\/ferlux.es\/producto\/s-80\/#primaryimage"},"image":{"@id":"https:\/\/ferlux.es\/producto\/s-80\/#primaryimage"},"thumbnailUrl":"https:\/\/ferlux.es\/wp-content\/uploads\/2021\/08\/HOGAR-S80.png","datePublished":"2022-09-21T13:42:06+00:00","dateModified":"2026-02-10T12:45:45+00:00","description":"Modelo S80. Ferlux: m\u00e1s de 28 a\u00f1os dedicados a la fabricaci\u00f3n de aparatos de calefacci\u00f3n.","breadcrumb":{"@id":"https:\/\/ferlux.es\/producto\/s-80\/#breadcrumb"},"inLanguage":"pt-PT","potentialAction":[{"@type":"ReadAction","target":["https:\/\/ferlux.es\/producto\/s-80\/"]}]},{"@type":"ImageObject","inLanguage":"pt-PT","@id":"https:\/\/ferlux.es\/producto\/s-80\/#primaryimage","url":"https:\/\/ferlux.es\/wp-content\/uploads\/2021\/08\/HOGAR-S80.png","contentUrl":"https:\/\/ferlux.es\/wp-content\/uploads\/2021\/08\/HOGAR-S80.png","width":1500,"height":1500},{"@type":"BreadcrumbList","@id":"https:\/\/ferlux.es\/producto\/s-80\/#breadcrumb","itemListElement":[{"@type":"ListItem","position":1,"name":"Portada","item":"https:\/\/ferlux.es\/"},{"@type":"ListItem","position":2,"name":"Tienda","item":"https:\/\/ferlux.es\/tienda\/"},{"@type":"ListItem","position":3,"name":"S80"}]},{"@type":"WebSite","@id":"https:\/\/ferlux.es\/fr\/#website","url":"https:\/\/ferlux.es\/fr\/","name":"Ferlux","description":"","publisher":{"@id":"https:\/\/ferlux.es\/fr\/#organization"},"potentialAction":[{"@type":"SearchAction","target":{"@type":"EntryPoint","urlTemplate":"https:\/\/ferlux.es\/fr\/?s={search_term_string}"},"query-input":{"@type":"PropertyValueSpecification","valueRequired":true,"valueName":"search_term_string"}}],"inLanguage":"pt-PT"},{"@type":"Organization","@id":"https:\/\/ferlux.es\/fr\/#organization","name":"Ferlux","url":"https:\/\/ferlux.es\/fr\/","logo":{"@type":"ImageObject","inLanguage":"pt-PT","@id":"https:\/\/ferlux.es\/fr\/#\/schema\/logo\/image\/","url":"https:\/\/ferlux.es\/wp-content\/uploads\/2021\/07\/logo-ferlux.png","contentUrl":"https:\/\/ferlux.es\/wp-content\/uploads\/2021\/07\/logo-ferlux.png","width":20835,"height":4702,"caption":"Ferlux"},"image":{"@id":"https:\/\/ferlux.es\/fr\/#\/schema\/logo\/image\/"}}]}},"_links":{"self":[{"href":"https:\/\/ferlux.es\/pt\/wp-json\/wp\/v2\/product\/16398","targetHints":{"allow":["GET"]}}],"collection":[{"href":"https:\/\/ferlux.es\/pt\/wp-json\/wp\/v2\/product"}],"about":[{"href":"https:\/\/ferlux.es\/pt\/wp-json\/wp\/v2\/types\/product"}],"version-history":[{"count":17,"href":"https:\/\/ferlux.es\/pt\/wp-json\/wp\/v2\/product\/16398\/revisions"}],"predecessor-version":[{"id":19431,"href":"https:\/\/ferlux.es\/pt\/wp-json\/wp\/v2\/product\/16398\/revisions\/19431"}],"wp:featuredmedia":[{"embeddable":true,"href":"https:\/\/ferlux.es\/pt\/wp-json\/wp\/v2\/media\/13205"}],"wp:attachment":[{"href":"https:\/\/ferlux.es\/pt\/wp-json\/wp\/v2\/media?parent=16398"}],"wp:term":[{"taxonomy":"product_brand","embeddable":true,"href":"https:\/\/ferlux.es\/pt\/wp-json\/wp\/v2\/product_brand?post=16398"},{"taxonomy":"product_cat","embeddable":true,"href":"https:\/\/ferlux.es\/pt\/wp-json\/wp\/v2\/product_cat?post=16398"},{"taxonomy":"product_tag","embeddable":true,"href":"https:\/\/ferlux.es\/pt\/wp-json\/wp\/v2\/product_tag?post=16398"}],"curies":[{"name":"wp","href":"https:\/\/api.w.org\/{rel}","templated":true}]}}