{"id":10699,"date":"2021-02-05T16:31:27","date_gmt":"2021-02-05T16:31:27","guid":{"rendered":"https:\/\/ferlux.es\/?page_id=10699"},"modified":"2026-02-07T09:12:14","modified_gmt":"2026-02-07T09:12:14","slug":"gama-pellet","status":"publish","type":"page","link":"https:\/\/ferlux.es\/pt\/gama-pellet\/","title":{"rendered":"Serie Pellets"},"content":{"rendered":"<div data-elementor-type=\"wp-page\" data-elementor-id=\"10699\" class=\"elementor elementor-10699\" data-elementor-post-type=\"page\">\n\t\t\t\t\t\t<section class=\"elementor-section elementor-top-section elementor-element elementor-element-b264a48 elementor-section-boxed elementor-section-height-default elementor-section-height-default\" data-id=\"b264a48\" data-element_type=\"section\" data-e-type=\"section\">\n\t\t\t\t\t\t<div class=\"elementor-container elementor-column-gap-default\">\n\t\t\t\t\t<div class=\"elementor-column elementor-col-100 elementor-top-column elementor-element elementor-element-0ad4f84\" data-id=\"0ad4f84\" data-element_type=\"column\" data-e-type=\"column\">\n\t\t\t<div class=\"elementor-widget-wrap elementor-element-populated\">\n\t\t\t\t\t\t<div class=\"elementor-element elementor-element-bba5656 elementor-widget elementor-widget-heading\" data-id=\"bba5656\" data-element_type=\"widget\" data-e-type=\"widget\" data-widget_type=\"heading.default\">\n\t\t\t\t<div class=\"elementor-widget-container\">\n\t\t\t\t\t<h1 class=\"elementor-heading-title elementor-size-default\">Estufas de Pellets<\/h1>\t\t\t\t<\/div>\n\t\t\t\t<\/div>\n\t\t\t\t\t<\/div>\n\t\t<\/div>\n\t\t\t\t\t<\/div>\n\t\t<\/section>\n\t\t\t\t<section class=\"elementor-section elementor-top-section elementor-element elementor-element-489ed98d elementor-section-height-min-height elementor-section-boxed elementor-section-height-default elementor-section-items-middle\" data-id=\"489ed98d\" data-element_type=\"section\" data-e-type=\"section\" id=\"gamas\">\n\t\t\t\t\t\t<div class=\"elementor-container elementor-column-gap-custom\">\n\t\t\t\t\t<div class=\"elementor-column elementor-col-25 elementor-top-column elementor-element elementor-element-46e98601\" data-id=\"46e98601\" data-element_type=\"column\" data-e-type=\"column\" data-settings=\"{&quot;background_background&quot;:&quot;classic&quot;}\">\n\t\t\t<div class=\"elementor-widget-wrap elementor-element-populated\">\n\t\t\t\t\t\t<div class=\"elementor-element elementor-element-b8e3501 elementor-widget elementor-widget-html\" data-id=\"b8e3501\" data-element_type=\"widget\" data-e-type=\"widget\" data-widget_type=\"html.default\">\n\t\t\t\t<div class=\"elementor-widget-container\">\n\t\t\t\t\t<a class=\"gamas\" href=\"https:\/\/ferlux.es\/pt\/gama-aire\/\">\t\t\t\t<\/div>\n\t\t\t\t<\/div>\n\t\t\t\t<div class=\"elementor-element elementor-element-6e3a4a55 elementor-widget elementor-widget-heading\" data-id=\"6e3a4a55\" data-element_type=\"widget\" data-e-type=\"widget\" data-widget_type=\"heading.default\">\n\t\t\t\t<div class=\"elementor-widget-container\">\n\t\t\t\t\t<h2 class=\"elementor-heading-title elementor-size-default\">Gama de Ar<\/h2>\t\t\t\t<\/div>\n\t\t\t\t<\/div>\n\t\t\t\t<div class=\"elementor-element elementor-element-4db1cb6 elementor-widget elementor-widget-image\" data-id=\"4db1cb6\" data-element_type=\"widget\" data-e-type=\"widget\" data-widget_type=\"image.default\">\n\t\t\t\t<div class=\"elementor-widget-container\">\n\t\t\t\t\t\t\t\t\t\t\t\t\t\t\t<img decoding=\"async\" width=\"150\" height=\"150\" src=\"https:\/\/ferlux.es\/wp-content\/uploads\/2021\/07\/ambiente-Helen-150x150-1.jpg\" class=\"attachment-large size-large wp-image-11156\" alt=\"\" srcset=\"https:\/\/ferlux.es\/wp-content\/uploads\/2021\/07\/ambiente-Helen-150x150-1.jpg 150w, https:\/\/ferlux.es\/wp-content\/uploads\/2021\/07\/ambiente-Helen-150x150-1-12x12.jpg 12w, https:\/\/ferlux.es\/wp-content\/uploads\/2021\/07\/ambiente-Helen-150x150-1-100x100.jpg 100w\" sizes=\"(max-width: 150px) 100vw, 150px\" \/>\t\t\t\t\t\t\t\t\t\t\t\t\t\t\t<\/div>\n\t\t\t\t<\/div>\n\t\t\t\t<div class=\"elementor-element elementor-element-21b9e31e elementor-widget elementor-widget-html\" data-id=\"21b9e31e\" data-element_type=\"widget\" data-e-type=\"widget\" data-widget_type=\"html.default\">\n\t\t\t\t<div class=\"elementor-widget-container\">\n\t\t\t\t\t<\/a>\t\t\t\t<\/div>\n\t\t\t\t<\/div>\n\t\t\t\t\t<\/div>\n\t\t<\/div>\n\t\t\t\t<div class=\"elementor-column elementor-col-25 elementor-top-column elementor-element elementor-element-1e7677db\" data-id=\"1e7677db\" data-element_type=\"column\" data-e-type=\"column\" data-settings=\"{&quot;background_background&quot;:&quot;classic&quot;}\">\n\t\t\t<div class=\"elementor-widget-wrap elementor-element-populated\">\n\t\t\t\t\t\t<div class=\"elementor-element elementor-element-8dade2b elementor-widget elementor-widget-html\" data-id=\"8dade2b\" data-element_type=\"widget\" data-e-type=\"widget\" data-widget_type=\"html.default\">\n\t\t\t\t<div class=\"elementor-widget-container\">\n\t\t\t\t\t<a class=\"gamas\" href=\"https:\/\/ferlux.es\/pt\/gama-canalizable\/\">\t\t\t\t<\/div>\n\t\t\t\t<\/div>\n\t\t\t\t<div class=\"elementor-element elementor-element-7d3e967a elementor-widget elementor-widget-heading\" data-id=\"7d3e967a\" data-element_type=\"widget\" data-e-type=\"widget\" data-widget_type=\"heading.default\">\n\t\t\t\t<div class=\"elementor-widget-container\">\n\t\t\t\t\t<h2 class=\"elementor-heading-title elementor-size-default\">GAMA CANALIZ\u00c1VEL<\/h2>\t\t\t\t<\/div>\n\t\t\t\t<\/div>\n\t\t\t\t<div class=\"elementor-element elementor-element-758b507c elementor-widget elementor-widget-image\" data-id=\"758b507c\" data-element_type=\"widget\" data-e-type=\"widget\" data-widget_type=\"image.default\">\n\t\t\t\t<div class=\"elementor-widget-container\">\n\t\t\t\t\t\t\t\t\t\t\t\t\t\t\t<img decoding=\"async\" width=\"150\" height=\"150\" src=\"https:\/\/ferlux.es\/wp-content\/uploads\/2021\/07\/ambiente-Osiris-150x150-1.jpg\" class=\"attachment-large size-large wp-image-11157\" alt=\"\" srcset=\"https:\/\/ferlux.es\/wp-content\/uploads\/2021\/07\/ambiente-Osiris-150x150-1.jpg 150w, https:\/\/ferlux.es\/wp-content\/uploads\/2021\/07\/ambiente-Osiris-150x150-1-12x12.jpg 12w, https:\/\/ferlux.es\/wp-content\/uploads\/2021\/07\/ambiente-Osiris-150x150-1-100x100.jpg 100w\" sizes=\"(max-width: 150px) 100vw, 150px\" \/>\t\t\t\t\t\t\t\t\t\t\t\t\t\t\t<\/div>\n\t\t\t\t<\/div>\n\t\t\t\t<div class=\"elementor-element elementor-element-7f9eb11 elementor-widget elementor-widget-html\" data-id=\"7f9eb11\" data-element_type=\"widget\" data-e-type=\"widget\" data-widget_type=\"html.default\">\n\t\t\t\t<div class=\"elementor-widget-container\">\n\t\t\t\t\t<\/a>\t\t\t\t<\/div>\n\t\t\t\t<\/div>\n\t\t\t\t\t<\/div>\n\t\t<\/div>\n\t\t\t\t<div class=\"elementor-column elementor-col-25 elementor-top-column elementor-element elementor-element-6f5bf9fd\" data-id=\"6f5bf9fd\" data-element_type=\"column\" data-e-type=\"column\" data-settings=\"{&quot;background_background&quot;:&quot;classic&quot;}\">\n\t\t\t<div class=\"elementor-widget-wrap elementor-element-populated\">\n\t\t\t\t\t\t<div class=\"elementor-element elementor-element-8560204 elementor-widget elementor-widget-html\" data-id=\"8560204\" data-element_type=\"widget\" data-e-type=\"widget\" data-widget_type=\"html.default\">\n\t\t\t\t<div class=\"elementor-widget-container\">\n\t\t\t\t\t<a class=\"gamas\" href=\"https:\/\/ferlux.es\/pt\/gama-agua\/\">\t\t\t\t<\/div>\n\t\t\t\t<\/div>\n\t\t\t\t<div class=\"elementor-element elementor-element-502d9fe0 elementor-widget elementor-widget-heading\" data-id=\"502d9fe0\" data-element_type=\"widget\" data-e-type=\"widget\" data-widget_type=\"heading.default\">\n\t\t\t\t<div class=\"elementor-widget-container\">\n\t\t\t\t\t<h2 class=\"elementor-heading-title elementor-size-default\">Gama de AGUA<\/h2>\t\t\t\t<\/div>\n\t\t\t\t<\/div>\n\t\t\t\t<div class=\"elementor-element elementor-element-468cddd7 elementor-widget elementor-widget-image\" data-id=\"468cddd7\" data-element_type=\"widget\" data-e-type=\"widget\" data-widget_type=\"image.default\">\n\t\t\t\t<div class=\"elementor-widget-container\">\n\t\t\t\t\t\t\t\t\t\t\t\t\t\t\t<img decoding=\"async\" width=\"150\" height=\"150\" src=\"https:\/\/ferlux.es\/wp-content\/uploads\/2021\/07\/ambiente-Selena-150x150-1.jpg\" class=\"attachment-large size-large wp-image-11158\" alt=\"\" srcset=\"https:\/\/ferlux.es\/wp-content\/uploads\/2021\/07\/ambiente-Selena-150x150-1.jpg 150w, https:\/\/ferlux.es\/wp-content\/uploads\/2021\/07\/ambiente-Selena-150x150-1-12x12.jpg 12w, https:\/\/ferlux.es\/wp-content\/uploads\/2021\/07\/ambiente-Selena-150x150-1-100x100.jpg 100w\" sizes=\"(max-width: 150px) 100vw, 150px\" \/>\t\t\t\t\t\t\t\t\t\t\t\t\t\t\t<\/div>\n\t\t\t\t<\/div>\n\t\t\t\t<div class=\"elementor-element elementor-element-2f987c79 elementor-widget elementor-widget-html\" data-id=\"2f987c79\" data-element_type=\"widget\" data-e-type=\"widget\" data-widget_type=\"html.default\">\n\t\t\t\t<div class=\"elementor-widget-container\">\n\t\t\t\t\t<\/a>\t\t\t\t<\/div>\n\t\t\t\t<\/div>\n\t\t\t\t\t<\/div>\n\t\t<\/div>\n\t\t\t\t<div class=\"elementor-column elementor-col-25 elementor-top-column elementor-element elementor-element-d0663b7\" data-id=\"d0663b7\" data-element_type=\"column\" data-e-type=\"column\" data-settings=\"{&quot;background_background&quot;:&quot;classic&quot;}\">\n\t\t\t<div class=\"elementor-widget-wrap elementor-element-populated\">\n\t\t\t\t\t\t<div class=\"elementor-element elementor-element-7436513 elementor-widget elementor-widget-html\" data-id=\"7436513\" data-element_type=\"widget\" data-e-type=\"widget\" data-widget_type=\"html.default\">\n\t\t\t\t<div class=\"elementor-widget-container\">\n\t\t\t\t\t<a class=\"gamas\" href=\"https:\/\/ferlux.es\/pt\/gama-calderas\/\">\t\t\t\t<\/div>\n\t\t\t\t<\/div>\n\t\t\t\t<div class=\"elementor-element elementor-element-987d287 elementor-widget elementor-widget-heading\" data-id=\"987d287\" data-element_type=\"widget\" data-e-type=\"widget\" data-widget_type=\"heading.default\">\n\t\t\t\t<div class=\"elementor-widget-container\">\n\t\t\t\t\t<h2 class=\"elementor-heading-title elementor-size-default\">Gama de Caldeiras<\/h2>\t\t\t\t<\/div>\n\t\t\t\t<\/div>\n\t\t\t\t<div class=\"elementor-element elementor-element-b817c2a elementor-widget elementor-widget-image\" data-id=\"b817c2a\" data-element_type=\"widget\" data-e-type=\"widget\" data-widget_type=\"image.default\">\n\t\t\t\t<div class=\"elementor-widget-container\">\n\t\t\t\t\t\t\t\t\t\t\t\t\t\t\t<img loading=\"lazy\" decoding=\"async\" width=\"150\" height=\"150\" src=\"https:\/\/ferlux.es\/wp-content\/uploads\/2022\/09\/Ambiente-Hidromatic.jpg\" class=\"attachment-large size-large wp-image-16367\" alt=\"\" srcset=\"https:\/\/ferlux.es\/wp-content\/uploads\/2022\/09\/Ambiente-Hidromatic.jpg 150w, https:\/\/ferlux.es\/wp-content\/uploads\/2022\/09\/Ambiente-Hidromatic-12x12.jpg 12w, https:\/\/ferlux.es\/wp-content\/uploads\/2022\/09\/Ambiente-Hidromatic-100x100.jpg 100w\" sizes=\"(max-width: 150px) 100vw, 150px\" \/>\t\t\t\t\t\t\t\t\t\t\t\t\t\t\t<\/div>\n\t\t\t\t<\/div>\n\t\t\t\t<div class=\"elementor-element elementor-element-e8a8ed9 elementor-widget elementor-widget-html\" data-id=\"e8a8ed9\" data-element_type=\"widget\" data-e-type=\"widget\" data-widget_type=\"html.default\">\n\t\t\t\t<div class=\"elementor-widget-container\">\n\t\t\t\t\t<\/a>\t\t\t\t<\/div>\n\t\t\t\t<\/div>\n\t\t\t\t\t<\/div>\n\t\t<\/div>\n\t\t\t\t\t<\/div>\n\t\t<\/section>\n\t\t\t\t<section class=\"elementor-section elementor-top-section elementor-element elementor-element-5232ee2 elementor-section-boxed elementor-section-height-default elementor-section-height-default\" data-id=\"5232ee2\" data-element_type=\"section\" data-e-type=\"section\">\n\t\t\t\t\t\t<div class=\"elementor-container elementor-column-gap-default\">\n\t\t\t\t\t<div class=\"elementor-column elementor-col-100 elementor-top-column elementor-element elementor-element-a714532\" data-id=\"a714532\" data-element_type=\"column\" data-e-type=\"column\">\n\t\t\t<div class=\"elementor-widget-wrap elementor-element-populated\">\n\t\t\t\t\t\t<div class=\"elementor-element elementor-element-9c139c4 elementor-widget elementor-widget-text-editor\" data-id=\"9c139c4\" data-element_type=\"widget\" data-e-type=\"widget\" data-widget_type=\"text-editor.default\">\n\t\t\t\t<div class=\"elementor-widget-container\">\n\t\t\t\t\t\t\t\t\t<p>Las <strong>estufas de pellets<\/strong> son una excelente opci\u00f3n para calentar tu hogar de manera eficiente y sostenible. En Ferlux, ofrecemos una <strong>amplia gama de estufas de pellets de<\/strong> alta calidad para satisfacer las necesidades de cualquier hogar.<\/p><p>Nuestras estufas de pellets funcionan quemando pellets, que son peque\u00f1as bolitas de madera comprimida. Estos pellets son un <strong>combustible renovable y ecol\u00f3gico<\/strong>, ya que se fabrican a partir de residuos de la industria maderera. Al utilizar pellets en lugar de combustibles f\u00f3siles tradicionales, como el gas natural o el petr\u00f3leo, est\u00e1s contribuyendo a reducir las emisiones de gases de efecto invernadero y a cuidar el medio ambiente.<\/p><p>Adem\u00e1s de ser una opci\u00f3n sostenible, las estufas de pellets tambi\u00e9n son muy eficientes. <strong>Estas estufas tienen un rendimiento del 90%<\/strong>, lo que significa que el 90% del calor generado se utiliza para calentar tu hogar. Esto se debe a que los pellets son un combustible de alto poder calor\u00edfico y las estufas de pellets est\u00e1n dise\u00f1adas para aprovechar al m\u00e1ximo ese calor.<\/p><p>En Ferlux, ofrecemos una <strong>amplia variedad de estufas de pellets<\/strong> para satisfacer las necesidades de cualquier hogar. Tenemos estufas de pellets de diferentes tama\u00f1os, dise\u00f1os y caracter\u00edsticas. Por ejemplo, algunas de nuestras estufas tienen un <strong>dise\u00f1o moderno y elegante<\/strong>, mientras que otras tienen un dise\u00f1o m\u00e1s tradicional. Tambi\u00e9n ofrecemos estufas de pellets con diferentes caracter\u00edsticas, como <span style=\"text-decoration: underline;\">encendido autom\u00e1tico, control remoto y programaci\u00f3n<\/span>.<\/p>\t\t\t\t\t\t\t\t<\/div>\n\t\t\t\t<\/div>\n\t\t\t\t\t<\/div>\n\t\t<\/div>\n\t\t\t\t\t<\/div>\n\t\t<\/section>\n\t\t\t\t<\/div>","protected":false},"excerpt":{"rendered":"<p>Estufas de Pellets GAMA de AIRE GAMA CANALIZABLE Gama de AGUA GAMA CALDERAS Las estufas de pellets son una excelente opci\u00f3n para calentar tu hogar de manera eficiente y sostenible. En Ferlux, ofrecemos una amplia gama de estufas de pellets de alta calidad para satisfacer las necesidades de cualquier hogar. Nuestras estufas de pellets funcionan [&hellip;]<\/p>\n","protected":false},"author":1,"featured_media":0,"parent":0,"menu_order":0,"comment_status":"closed","ping_status":"closed","template":"","meta":{"_acf_changed":false,"footnotes":""},"class_list":["post-10699","page","type-page","status-publish","hentry"],"acf":[],"yoast_head":"<!-- This site is optimized with the Yoast SEO plugin v27.3 - https:\/\/yoast.com\/product\/yoast-seo-wordpress\/ -->\n<title>\u25b7 Estufas de pellets - Ferlux<\/title>\n<meta name=\"description\" content=\"Estufas de pellets Ferlux. Dise\u00f1o y tecnolog\u00eda de punta en cada uno de nuestros productos \u00a1Con\u00f3zcanos!\" \/>\n<meta name=\"robots\" content=\"index, follow, max-snippet:-1, max-image-preview:large, max-video-preview:-1\" \/>\n<link rel=\"canonical\" href=\"https:\/\/ferlux.es\/pt\/gama-pellet\/\" \/>\n<meta property=\"og:locale\" content=\"pt_PT\" \/>\n<meta property=\"og:type\" content=\"article\" \/>\n<meta property=\"og:title\" content=\"\u25b7 Estufas de pellets - Ferlux\" \/>\n<meta property=\"og:description\" content=\"Estufas de pellets Ferlux. Dise\u00f1o y tecnolog\u00eda de punta en cada uno de nuestros productos \u00a1Con\u00f3zcanos!\" \/>\n<meta property=\"og:url\" content=\"https:\/\/ferlux.es\/pt\/gama-pellet\/\" \/>\n<meta property=\"og:site_name\" content=\"Ferlux\" \/>\n<meta property=\"article:modified_time\" content=\"2026-02-07T09:12:14+00:00\" \/>\n<meta property=\"og:image\" content=\"https:\/\/ferlux.es\/wp-content\/uploads\/2021\/07\/ambiente-Helen-150x150-1.jpg\" \/>\n<meta name=\"twitter:card\" content=\"summary_large_image\" \/>\n<meta name=\"twitter:label1\" content=\"Tempo estimado de leitura\" \/>\n\t<meta name=\"twitter:data1\" content=\"2 minutos\" \/>\n<script type=\"application\/ld+json\" class=\"yoast-schema-graph\">{\"@context\":\"https:\\\/\\\/schema.org\",\"@graph\":[{\"@type\":\"WebPage\",\"@id\":\"https:\\\/\\\/ferlux.es\\\/gama-pellet\\\/\",\"url\":\"https:\\\/\\\/ferlux.es\\\/gama-pellet\\\/\",\"name\":\"\u25b7 Estufas de pellets - Ferlux\",\"isPartOf\":{\"@id\":\"https:\\\/\\\/ferlux.es\\\/fr\\\/#website\"},\"primaryImageOfPage\":{\"@id\":\"https:\\\/\\\/ferlux.es\\\/gama-pellet\\\/#primaryimage\"},\"image\":{\"@id\":\"https:\\\/\\\/ferlux.es\\\/gama-pellet\\\/#primaryimage\"},\"thumbnailUrl\":\"https:\\\/\\\/ferlux.es\\\/wp-content\\\/uploads\\\/2021\\\/07\\\/ambiente-Helen-150x150-1.jpg\",\"datePublished\":\"2021-02-05T16:31:27+00:00\",\"dateModified\":\"2026-02-07T09:12:14+00:00\",\"description\":\"Estufas de pellets Ferlux. Dise\u00f1o y tecnolog\u00eda de punta en cada uno de nuestros productos \u00a1Con\u00f3zcanos!\",\"breadcrumb\":{\"@id\":\"https:\\\/\\\/ferlux.es\\\/gama-pellet\\\/#breadcrumb\"},\"inLanguage\":\"pt-PT\",\"potentialAction\":[{\"@type\":\"ReadAction\",\"target\":[\"https:\\\/\\\/ferlux.es\\\/gama-pellet\\\/\"]}]},{\"@type\":\"ImageObject\",\"inLanguage\":\"pt-PT\",\"@id\":\"https:\\\/\\\/ferlux.es\\\/gama-pellet\\\/#primaryimage\",\"url\":\"https:\\\/\\\/ferlux.es\\\/wp-content\\\/uploads\\\/2021\\\/07\\\/ambiente-Helen-150x150-1.jpg\",\"contentUrl\":\"https:\\\/\\\/ferlux.es\\\/wp-content\\\/uploads\\\/2021\\\/07\\\/ambiente-Helen-150x150-1.jpg\"},{\"@type\":\"BreadcrumbList\",\"@id\":\"https:\\\/\\\/ferlux.es\\\/gama-pellet\\\/#breadcrumb\",\"itemListElement\":[{\"@type\":\"ListItem\",\"position\":1,\"name\":\"Portada\",\"item\":\"https:\\\/\\\/ferlux.es\\\/\"},{\"@type\":\"ListItem\",\"position\":2,\"name\":\"Serie Pellets\"}]},{\"@type\":\"WebSite\",\"@id\":\"https:\\\/\\\/ferlux.es\\\/fr\\\/#website\",\"url\":\"https:\\\/\\\/ferlux.es\\\/fr\\\/\",\"name\":\"Ferlux\",\"description\":\"\",\"publisher\":{\"@id\":\"https:\\\/\\\/ferlux.es\\\/fr\\\/#organization\"},\"potentialAction\":[{\"@type\":\"SearchAction\",\"target\":{\"@type\":\"EntryPoint\",\"urlTemplate\":\"https:\\\/\\\/ferlux.es\\\/fr\\\/?s={search_term_string}\"},\"query-input\":{\"@type\":\"PropertyValueSpecification\",\"valueRequired\":true,\"valueName\":\"search_term_string\"}}],\"inLanguage\":\"pt-PT\"},{\"@type\":\"Organization\",\"@id\":\"https:\\\/\\\/ferlux.es\\\/fr\\\/#organization\",\"name\":\"Ferlux\",\"url\":\"https:\\\/\\\/ferlux.es\\\/fr\\\/\",\"logo\":{\"@type\":\"ImageObject\",\"inLanguage\":\"pt-PT\",\"@id\":\"https:\\\/\\\/ferlux.es\\\/fr\\\/#\\\/schema\\\/logo\\\/image\\\/\",\"url\":\"https:\\\/\\\/ferlux.es\\\/wp-content\\\/uploads\\\/2021\\\/07\\\/logo-ferlux.png\",\"contentUrl\":\"https:\\\/\\\/ferlux.es\\\/wp-content\\\/uploads\\\/2021\\\/07\\\/logo-ferlux.png\",\"width\":20835,\"height\":4702,\"caption\":\"Ferlux\"},\"image\":{\"@id\":\"https:\\\/\\\/ferlux.es\\\/fr\\\/#\\\/schema\\\/logo\\\/image\\\/\"}}]}<\/script>\n<!-- \/ Yoast SEO plugin. -->","yoast_head_json":{"title":"\u25b7 Estufas de pellets - Ferlux","description":"Estufas de pellets Ferlux. Dise\u00f1o y tecnolog\u00eda de punta en cada uno de nuestros productos \u00a1Con\u00f3zcanos!","robots":{"index":"index","follow":"follow","max-snippet":"max-snippet:-1","max-image-preview":"max-image-preview:large","max-video-preview":"max-video-preview:-1"},"canonical":"https:\/\/ferlux.es\/pt\/gama-pellet\/","og_locale":"pt_PT","og_type":"article","og_title":"\u25b7 Estufas de pellets - Ferlux","og_description":"Estufas de pellets Ferlux. Dise\u00f1o y tecnolog\u00eda de punta en cada uno de nuestros productos \u00a1Con\u00f3zcanos!","og_url":"https:\/\/ferlux.es\/pt\/gama-pellet\/","og_site_name":"Ferlux","article_modified_time":"2026-02-07T09:12:14+00:00","og_image":[{"url":"https:\/\/ferlux.es\/wp-content\/uploads\/2021\/07\/ambiente-Helen-150x150-1.jpg","type":"","width":"","height":""}],"twitter_card":"summary_large_image","twitter_misc":{"Tempo estimado de leitura":"2 minutos"},"schema":{"@context":"https:\/\/schema.org","@graph":[{"@type":"WebPage","@id":"https:\/\/ferlux.es\/gama-pellet\/","url":"https:\/\/ferlux.es\/gama-pellet\/","name":"\u25b7 Estufas de pellets - Ferlux","isPartOf":{"@id":"https:\/\/ferlux.es\/fr\/#website"},"primaryImageOfPage":{"@id":"https:\/\/ferlux.es\/gama-pellet\/#primaryimage"},"image":{"@id":"https:\/\/ferlux.es\/gama-pellet\/#primaryimage"},"thumbnailUrl":"https:\/\/ferlux.es\/wp-content\/uploads\/2021\/07\/ambiente-Helen-150x150-1.jpg","datePublished":"2021-02-05T16:31:27+00:00","dateModified":"2026-02-07T09:12:14+00:00","description":"Estufas de pellets Ferlux. Dise\u00f1o y tecnolog\u00eda de punta en cada uno de nuestros productos \u00a1Con\u00f3zcanos!","breadcrumb":{"@id":"https:\/\/ferlux.es\/gama-pellet\/#breadcrumb"},"inLanguage":"pt-PT","potentialAction":[{"@type":"ReadAction","target":["https:\/\/ferlux.es\/gama-pellet\/"]}]},{"@type":"ImageObject","inLanguage":"pt-PT","@id":"https:\/\/ferlux.es\/gama-pellet\/#primaryimage","url":"https:\/\/ferlux.es\/wp-content\/uploads\/2021\/07\/ambiente-Helen-150x150-1.jpg","contentUrl":"https:\/\/ferlux.es\/wp-content\/uploads\/2021\/07\/ambiente-Helen-150x150-1.jpg"},{"@type":"BreadcrumbList","@id":"https:\/\/ferlux.es\/gama-pellet\/#breadcrumb","itemListElement":[{"@type":"ListItem","position":1,"name":"Portada","item":"https:\/\/ferlux.es\/"},{"@type":"ListItem","position":2,"name":"Serie Pellets"}]},{"@type":"WebSite","@id":"https:\/\/ferlux.es\/fr\/#website","url":"https:\/\/ferlux.es\/fr\/","name":"Ferlux","description":"","publisher":{"@id":"https:\/\/ferlux.es\/fr\/#organization"},"potentialAction":[{"@type":"SearchAction","target":{"@type":"EntryPoint","urlTemplate":"https:\/\/ferlux.es\/fr\/?s={search_term_string}"},"query-input":{"@type":"PropertyValueSpecification","valueRequired":true,"valueName":"search_term_string"}}],"inLanguage":"pt-PT"},{"@type":"Organization","@id":"https:\/\/ferlux.es\/fr\/#organization","name":"Ferlux","url":"https:\/\/ferlux.es\/fr\/","logo":{"@type":"ImageObject","inLanguage":"pt-PT","@id":"https:\/\/ferlux.es\/fr\/#\/schema\/logo\/image\/","url":"https:\/\/ferlux.es\/wp-content\/uploads\/2021\/07\/logo-ferlux.png","contentUrl":"https:\/\/ferlux.es\/wp-content\/uploads\/2021\/07\/logo-ferlux.png","width":20835,"height":4702,"caption":"Ferlux"},"image":{"@id":"https:\/\/ferlux.es\/fr\/#\/schema\/logo\/image\/"}}]}},"_links":{"self":[{"href":"https:\/\/ferlux.es\/pt\/wp-json\/wp\/v2\/pages\/10699","targetHints":{"allow":["GET"]}}],"collection":[{"href":"https:\/\/ferlux.es\/pt\/wp-json\/wp\/v2\/pages"}],"about":[{"href":"https:\/\/ferlux.es\/pt\/wp-json\/wp\/v2\/types\/page"}],"author":[{"embeddable":true,"href":"https:\/\/ferlux.es\/pt\/wp-json\/wp\/v2\/users\/1"}],"replies":[{"embeddable":true,"href":"https:\/\/ferlux.es\/pt\/wp-json\/wp\/v2\/comments?post=10699"}],"version-history":[{"count":56,"href":"https:\/\/ferlux.es\/pt\/wp-json\/wp\/v2\/pages\/10699\/revisions"}],"predecessor-version":[{"id":19175,"href":"https:\/\/ferlux.es\/pt\/wp-json\/wp\/v2\/pages\/10699\/revisions\/19175"}],"wp:attachment":[{"href":"https:\/\/ferlux.es\/pt\/wp-json\/wp\/v2\/media?parent=10699"}],"curies":[{"name":"wp","href":"https:\/\/api.w.org\/{rel}","templated":true}]}}