{"id":17805,"date":"2023-10-04T10:41:47","date_gmt":"2023-10-04T10:41:47","guid":{"rendered":"https:\/\/ferlux.es\/?post_type=product&#038;p=17805"},"modified":"2026-03-20T07:57:58","modified_gmt":"2026-03-20T07:57:58","slug":"enya-90-pie-central","status":"publish","type":"product","link":"https:\/\/ferlux.es\/fr\/produit\/enya-90-pie-central\/","title":{"rendered":"ENYA 90 PIE CENTRAL"},"content":{"rendered":"<div data-elementor-type=\"product-post\" data-elementor-id=\"17805\" class=\"elementor elementor-17805\" data-elementor-post-type=\"product\">\n\t\t\t\t\t\t<section class=\"elementor-section elementor-top-section elementor-element elementor-element-7cca711c elementor-section-boxed elementor-section-height-default elementor-section-height-default\" data-id=\"7cca711c\" data-element_type=\"section\" data-e-type=\"section\">\n\t\t\t\t\t\t<div class=\"elementor-container elementor-column-gap-default\">\n\t\t\t\t\t<div class=\"elementor-column elementor-col-100 elementor-top-column elementor-element elementor-element-3f76aea0\" data-id=\"3f76aea0\" data-element_type=\"column\" data-e-type=\"column\">\n\t\t\t<div class=\"elementor-widget-wrap elementor-element-populated\">\n\t\t\t\t\t\t<div class=\"elementor-element elementor-element-41d5e5d8 elementor-tabs-view-horizontal elementor-widget elementor-widget-tabs\" data-id=\"41d5e5d8\" data-element_type=\"widget\" data-e-type=\"widget\" data-widget_type=\"tabs.default\">\n\t\t\t\t<div class=\"elementor-widget-container\">\n\t\t\t\t\t\t\t<div class=\"elementor-tabs\">\n\t\t\t<div class=\"elementor-tabs-wrapper\" role=\"tablist\" >\n\t\t\t\t\t\t\t\t\t<div id=\"elementor-tab-title-1101\" class=\"elementor-tab-title elementor-tab-desktop-title\" aria-selected=\"true\" data-tab=\"1\" role=\"tab\" tabindex=\"0\" aria-controls=\"elementor-tab-content-1101\" aria-expanded=\"false\">Manual<\/div>\n\t\t\t\t\t\t\t\t\t<div id=\"elementor-tab-title-1102\" class=\"elementor-tab-title elementor-tab-desktop-title\" aria-selected=\"false\" data-tab=\"2\" role=\"tab\" tabindex=\"-1\" aria-controls=\"elementor-tab-content-1102\" aria-expanded=\"false\">Ficha T\u00e9cnica<\/div>\n\t\t\t\t\t\t\t\t\t<div id=\"elementor-tab-title-1103\" class=\"elementor-tab-title elementor-tab-desktop-title\" aria-selected=\"false\" data-tab=\"3\" role=\"tab\" tabindex=\"-1\" aria-controls=\"elementor-tab-content-1103\" aria-expanded=\"false\">Ecodesign<\/div>\n\t\t\t\t\t\t\t\t\t<div id=\"elementor-tab-title-1104\" class=\"elementor-tab-title elementor-tab-desktop-title\" aria-selected=\"false\" data-tab=\"4\" role=\"tab\" tabindex=\"-1\" aria-controls=\"elementor-tab-content-1104\" aria-expanded=\"false\">D.O.P<\/div>\n\t\t\t\t\t\t\t\t\t<div id=\"elementor-tab-title-1105\" class=\"elementor-tab-title elementor-tab-desktop-title\" aria-selected=\"false\" data-tab=\"5\" role=\"tab\" tabindex=\"-1\" aria-controls=\"elementor-tab-content-1105\" aria-expanded=\"false\">Classe \u00c9nerg\u00e9tique<\/div>\n\t\t\t\t\t\t\t<\/div>\n\t\t\t<div class=\"elementor-tabs-content-wrapper\" role=\"tablist\" aria-orientation=\"vertical\">\n\t\t\t\t\t\t\t\t\t<div class=\"elementor-tab-title elementor-tab-mobile-title\" aria-selected=\"true\" data-tab=\"1\" role=\"tab\" tabindex=\"0\" aria-controls=\"elementor-tab-content-1101\" aria-expanded=\"false\">Manual<\/div>\n\t\t\t\t\t<div id=\"elementor-tab-content-1101\" class=\"elementor-tab-content elementor-clearfix\" data-tab=\"1\" role=\"tabpanel\" aria-labelledby=\"elementor-tab-title-1101\" tabindex=\"0\" hidden=\"false\"><ul><li><a href=\"https:\/\/ferlux.es\/wp-content\/uploads\/2025\/06\/Manual-INSERTABLES-LENA-Ferlux-R08-ES-PT-EN-IT.pdf\">Manual Enya 90 Pie Central<\/a><\/li><\/ul><\/div>\n\t\t\t\t\t\t\t\t\t<div class=\"elementor-tab-title elementor-tab-mobile-title\" aria-selected=\"false\" data-tab=\"2\" role=\"tab\" tabindex=\"-1\" aria-controls=\"elementor-tab-content-1102\" aria-expanded=\"false\">Ficha T\u00e9cnica<\/div>\n\t\t\t\t\t<div id=\"elementor-tab-content-1102\" class=\"elementor-tab-content elementor-clearfix\" data-tab=\"2\" role=\"tabpanel\" aria-labelledby=\"elementor-tab-title-1102\" tabindex=\"0\" hidden=\"hidden\"><ul><li><a href=\"https:\/\/ferlux.es\/wp-content\/uploads\/2023\/09\/Ficha-tenica-ENYA-90-PIE-CENTRAL-REV01-ES.pdf\">Ficha t\u00e9cnica Enya 90 Pie Central<\/a><\/li><\/ul><\/div>\n\t\t\t\t\t\t\t\t\t<div class=\"elementor-tab-title elementor-tab-mobile-title\" aria-selected=\"false\" data-tab=\"3\" role=\"tab\" tabindex=\"-1\" aria-controls=\"elementor-tab-content-1103\" aria-expanded=\"false\">Ecodesign<\/div>\n\t\t\t\t\t<div id=\"elementor-tab-content-1103\" class=\"elementor-tab-content elementor-clearfix\" data-tab=\"3\" role=\"tabpanel\" aria-labelledby=\"elementor-tab-title-1103\" tabindex=\"0\" hidden=\"hidden\"><ul><li><a href=\"https:\/\/ferlux.es\/wp-content\/uploads\/2023\/09\/EcoDesign-FERLUX-ENYA-90-R01.pdf\">Ecodesign Enya 90 Pie Central<\/a><\/li><\/ul><\/div>\n\t\t\t\t\t\t\t\t\t<div class=\"elementor-tab-title elementor-tab-mobile-title\" aria-selected=\"false\" data-tab=\"4\" role=\"tab\" tabindex=\"-1\" aria-controls=\"elementor-tab-content-1104\" aria-expanded=\"false\">D.O.P<\/div>\n\t\t\t\t\t<div id=\"elementor-tab-content-1104\" class=\"elementor-tab-content elementor-clearfix\" data-tab=\"4\" role=\"tabpanel\" aria-labelledby=\"elementor-tab-title-1104\" tabindex=\"0\" hidden=\"hidden\"><ul><li><a href=\"https:\/\/ferlux.es\/wp-content\/uploads\/2023\/11\/Declaracion-de-Prestaciones-FERLUX-CPD-ICR-ENYA90PC.pdf\">D.O.P Enya 90 Pie Central<\/a><\/li><\/ul><\/div>\n\t\t\t\t\t\t\t\t\t<div class=\"elementor-tab-title elementor-tab-mobile-title\" aria-selected=\"false\" data-tab=\"5\" role=\"tab\" tabindex=\"-1\" aria-controls=\"elementor-tab-content-1105\" aria-expanded=\"false\">Classe \u00c9nerg\u00e9tique<\/div>\n\t\t\t\t\t<div id=\"elementor-tab-content-1105\" class=\"elementor-tab-content elementor-clearfix\" data-tab=\"5\" role=\"tabpanel\" aria-labelledby=\"elementor-tab-title-1105\" tabindex=\"0\" hidden=\"hidden\"><ul><li><a href=\"https:\/\/ferlux.es\/wp-content\/uploads\/2023\/09\/ENYA-90.pdf\">EEE Enya 90 Pie Central<\/a><\/li><\/ul><\/div>\n\t\t\t\t\t\t\t<\/div>\n\t\t<\/div>\n\t\t\t\t\t\t<\/div>\n\t\t\t\t<\/div>\n\t\t\t\t\t<\/div>\n\t\t<\/div>\n\t\t\t\t\t<\/div>\n\t\t<\/section>\n\t\t\t\t<\/div>","protected":false},"excerpt":{"rendered":"<ul id=\"product-list\">\n<li><i class=\"icon-ok\"><\/i>Casete de acero al carbono<\/li>\n<li>Dispone de dos turbinas coaxiales silenciosas e interruptor 3 posiciones<\/li>\n<li>Termostato de seguridad<\/li>\n<li>Opci\u00f3n de entrada de aire inferior o trasera<\/li>\n<li><i class=\"icon-ok\"><\/i>Porte en verre s\u00e9rigraphi\u00e9<\/li>\n<li><i class=\"icon-ok\"><\/i>Syst\u00e8me de verre propre<\/li>\n<li><i class=\"icon-ok\"><\/i>Chambre de combustion en vermiculite<\/li>\n<li><i class=\"icon-ok\"><\/i>Contr\u00f4le de l'air primaire et secondaire<i class=\"icon-ok\"><\/i><i class=\"icon-ok\"><\/i><\/li>\n<li><i class=\"icon-ok\"><\/i>Syst\u00e8me de double combustion<\/li>\n<\/ul>","protected":false},"featured_media":17601,"template":"","meta":{"_acf_changed":false},"product_brand":[],"product_cat":[420],"product_tag":[50,447],"class_list":{"0":"post-17805","1":"product","2":"type-product","3":"status-publish","4":"has-post-thumbnail","6":"product_cat-gama-estufas","7":"product_tag-acero","8":"product_tag-cassette-con-turbina-opcional","10":"first","11":"instock","12":"shipping-taxable","13":"product-type-simple"},"acf":[],"yoast_head":"<!-- This site is optimized with the Yoast SEO plugin v27.4 - https:\/\/yoast.com\/product\/yoast-seo-wordpress\/ -->\n<title>Modelo Enya 90 Pie Central | Ferlux<\/title>\n<meta name=\"description\" content=\"Modelo Enya 90 Pie Central. Ferlux: m\u00e1s de 28 a\u00f1os dedicados a la fabricaci\u00f3n de aparatos de calefacci\u00f3n.\" \/>\n<meta name=\"robots\" content=\"index, follow, max-snippet:-1, max-image-preview:large, max-video-preview:-1\" \/>\n<link rel=\"canonical\" href=\"https:\/\/ferlux.es\/fr\/produit\/enya-90-pie-central\/\" \/>\n<meta property=\"og:locale\" content=\"fr_FR\" \/>\n<meta property=\"og:type\" content=\"article\" \/>\n<meta property=\"og:title\" content=\"Modelo Enya 90 Pie Central | Ferlux\" \/>\n<meta property=\"og:description\" content=\"Modelo Enya 90 Pie Central. Ferlux: m\u00e1s de 28 a\u00f1os dedicados a la fabricaci\u00f3n de aparatos de calefacci\u00f3n.\" \/>\n<meta property=\"og:url\" content=\"https:\/\/ferlux.es\/fr\/produit\/enya-90-pie-central\/\" \/>\n<meta property=\"og:site_name\" content=\"Ferlux\" \/>\n<meta property=\"article:modified_time\" content=\"2026-03-20T07:57:58+00:00\" \/>\n<meta property=\"og:image\" content=\"https:\/\/ferlux.es\/wp-content\/uploads\/2023\/09\/ENYA_90_PIE_CENTRAL-1024x998.png\" \/>\n\t<meta property=\"og:image:width\" content=\"1024\" \/>\n\t<meta property=\"og:image:height\" content=\"998\" \/>\n\t<meta property=\"og:image:type\" content=\"image\/png\" \/>\n<meta name=\"twitter:card\" content=\"summary_large_image\" \/>\n<meta name=\"twitter:label1\" content=\"Dur\u00e9e de lecture estim\u00e9e\" \/>\n\t<meta name=\"twitter:data1\" content=\"1 minute\" \/>\n<script type=\"application\/ld+json\" class=\"yoast-schema-graph\">{\"@context\":\"https:\\\/\\\/schema.org\",\"@graph\":[{\"@type\":\"WebPage\",\"@id\":\"https:\\\/\\\/ferlux.es\\\/producto\\\/enya-90-pie-central\\\/\",\"url\":\"https:\\\/\\\/ferlux.es\\\/producto\\\/enya-90-pie-central\\\/\",\"name\":\"Modelo Enya 90 Pie Central | Ferlux\",\"isPartOf\":{\"@id\":\"https:\\\/\\\/ferlux.es\\\/fr\\\/#website\"},\"primaryImageOfPage\":{\"@id\":\"https:\\\/\\\/ferlux.es\\\/producto\\\/enya-90-pie-central\\\/#primaryimage\"},\"image\":{\"@id\":\"https:\\\/\\\/ferlux.es\\\/producto\\\/enya-90-pie-central\\\/#primaryimage\"},\"thumbnailUrl\":\"https:\\\/\\\/ferlux.es\\\/wp-content\\\/uploads\\\/2023\\\/09\\\/ENYA_90_PIE_CENTRAL.png\",\"datePublished\":\"2023-10-04T10:41:47+00:00\",\"dateModified\":\"2026-03-20T07:57:58+00:00\",\"description\":\"Modelo Enya 90 Pie Central. Ferlux: m\u00e1s de 28 a\u00f1os dedicados a la fabricaci\u00f3n de aparatos de calefacci\u00f3n.\",\"breadcrumb\":{\"@id\":\"https:\\\/\\\/ferlux.es\\\/producto\\\/enya-90-pie-central\\\/#breadcrumb\"},\"inLanguage\":\"fr-FR\",\"potentialAction\":[{\"@type\":\"ReadAction\",\"target\":[\"https:\\\/\\\/ferlux.es\\\/producto\\\/enya-90-pie-central\\\/\"]}]},{\"@type\":\"ImageObject\",\"inLanguage\":\"fr-FR\",\"@id\":\"https:\\\/\\\/ferlux.es\\\/producto\\\/enya-90-pie-central\\\/#primaryimage\",\"url\":\"https:\\\/\\\/ferlux.es\\\/wp-content\\\/uploads\\\/2023\\\/09\\\/ENYA_90_PIE_CENTRAL.png\",\"contentUrl\":\"https:\\\/\\\/ferlux.es\\\/wp-content\\\/uploads\\\/2023\\\/09\\\/ENYA_90_PIE_CENTRAL.png\",\"width\":3989,\"height\":3886},{\"@type\":\"BreadcrumbList\",\"@id\":\"https:\\\/\\\/ferlux.es\\\/producto\\\/enya-90-pie-central\\\/#breadcrumb\",\"itemListElement\":[{\"@type\":\"ListItem\",\"position\":1,\"name\":\"Portada\",\"item\":\"https:\\\/\\\/ferlux.es\\\/\"},{\"@type\":\"ListItem\",\"position\":2,\"name\":\"Tienda\",\"item\":\"https:\\\/\\\/ferlux.es\\\/tienda\\\/\"},{\"@type\":\"ListItem\",\"position\":3,\"name\":\"ENYA 90 PIE CENTRAL\"}]},{\"@type\":\"WebSite\",\"@id\":\"https:\\\/\\\/ferlux.es\\\/fr\\\/#website\",\"url\":\"https:\\\/\\\/ferlux.es\\\/fr\\\/\",\"name\":\"Ferlux\",\"description\":\"\",\"publisher\":{\"@id\":\"https:\\\/\\\/ferlux.es\\\/fr\\\/#organization\"},\"potentialAction\":[{\"@type\":\"SearchAction\",\"target\":{\"@type\":\"EntryPoint\",\"urlTemplate\":\"https:\\\/\\\/ferlux.es\\\/fr\\\/?s={search_term_string}\"},\"query-input\":{\"@type\":\"PropertyValueSpecification\",\"valueRequired\":true,\"valueName\":\"search_term_string\"}}],\"inLanguage\":\"fr-FR\"},{\"@type\":\"Organization\",\"@id\":\"https:\\\/\\\/ferlux.es\\\/fr\\\/#organization\",\"name\":\"Ferlux\",\"url\":\"https:\\\/\\\/ferlux.es\\\/fr\\\/\",\"logo\":{\"@type\":\"ImageObject\",\"inLanguage\":\"fr-FR\",\"@id\":\"https:\\\/\\\/ferlux.es\\\/fr\\\/#\\\/schema\\\/logo\\\/image\\\/\",\"url\":\"https:\\\/\\\/ferlux.es\\\/wp-content\\\/uploads\\\/2021\\\/07\\\/logo-ferlux.png\",\"contentUrl\":\"https:\\\/\\\/ferlux.es\\\/wp-content\\\/uploads\\\/2021\\\/07\\\/logo-ferlux.png\",\"width\":20835,\"height\":4702,\"caption\":\"Ferlux\"},\"image\":{\"@id\":\"https:\\\/\\\/ferlux.es\\\/fr\\\/#\\\/schema\\\/logo\\\/image\\\/\"}}]}<\/script>\n<!-- \/ Yoast SEO plugin. -->","yoast_head_json":{"title":"Modelo Enya 90 Pie Central | Ferlux","description":"Modelo Enya 90 Pie Central. Ferlux: m\u00e1s de 28 a\u00f1os dedicados a la fabricaci\u00f3n de aparatos de calefacci\u00f3n.","robots":{"index":"index","follow":"follow","max-snippet":"max-snippet:-1","max-image-preview":"max-image-preview:large","max-video-preview":"max-video-preview:-1"},"canonical":"https:\/\/ferlux.es\/fr\/produit\/enya-90-pie-central\/","og_locale":"fr_FR","og_type":"article","og_title":"Modelo Enya 90 Pie Central | Ferlux","og_description":"Modelo Enya 90 Pie Central. Ferlux: m\u00e1s de 28 a\u00f1os dedicados a la fabricaci\u00f3n de aparatos de calefacci\u00f3n.","og_url":"https:\/\/ferlux.es\/fr\/produit\/enya-90-pie-central\/","og_site_name":"Ferlux","article_modified_time":"2026-03-20T07:57:58+00:00","og_image":[{"width":1024,"height":998,"url":"https:\/\/ferlux.es\/wp-content\/uploads\/2023\/09\/ENYA_90_PIE_CENTRAL-1024x998.png","type":"image\/png"}],"twitter_card":"summary_large_image","twitter_misc":{"Dur\u00e9e de lecture estim\u00e9e":"1 minute"},"schema":{"@context":"https:\/\/schema.org","@graph":[{"@type":"WebPage","@id":"https:\/\/ferlux.es\/producto\/enya-90-pie-central\/","url":"https:\/\/ferlux.es\/producto\/enya-90-pie-central\/","name":"Modelo Enya 90 Pie Central | Ferlux","isPartOf":{"@id":"https:\/\/ferlux.es\/fr\/#website"},"primaryImageOfPage":{"@id":"https:\/\/ferlux.es\/producto\/enya-90-pie-central\/#primaryimage"},"image":{"@id":"https:\/\/ferlux.es\/producto\/enya-90-pie-central\/#primaryimage"},"thumbnailUrl":"https:\/\/ferlux.es\/wp-content\/uploads\/2023\/09\/ENYA_90_PIE_CENTRAL.png","datePublished":"2023-10-04T10:41:47+00:00","dateModified":"2026-03-20T07:57:58+00:00","description":"Modelo Enya 90 Pie Central. Ferlux: m\u00e1s de 28 a\u00f1os dedicados a la fabricaci\u00f3n de aparatos de calefacci\u00f3n.","breadcrumb":{"@id":"https:\/\/ferlux.es\/producto\/enya-90-pie-central\/#breadcrumb"},"inLanguage":"fr-FR","potentialAction":[{"@type":"ReadAction","target":["https:\/\/ferlux.es\/producto\/enya-90-pie-central\/"]}]},{"@type":"ImageObject","inLanguage":"fr-FR","@id":"https:\/\/ferlux.es\/producto\/enya-90-pie-central\/#primaryimage","url":"https:\/\/ferlux.es\/wp-content\/uploads\/2023\/09\/ENYA_90_PIE_CENTRAL.png","contentUrl":"https:\/\/ferlux.es\/wp-content\/uploads\/2023\/09\/ENYA_90_PIE_CENTRAL.png","width":3989,"height":3886},{"@type":"BreadcrumbList","@id":"https:\/\/ferlux.es\/producto\/enya-90-pie-central\/#breadcrumb","itemListElement":[{"@type":"ListItem","position":1,"name":"Portada","item":"https:\/\/ferlux.es\/"},{"@type":"ListItem","position":2,"name":"Tienda","item":"https:\/\/ferlux.es\/tienda\/"},{"@type":"ListItem","position":3,"name":"ENYA 90 PIE CENTRAL"}]},{"@type":"WebSite","@id":"https:\/\/ferlux.es\/fr\/#website","url":"https:\/\/ferlux.es\/fr\/","name":"Ferlux","description":"","publisher":{"@id":"https:\/\/ferlux.es\/fr\/#organization"},"potentialAction":[{"@type":"SearchAction","target":{"@type":"EntryPoint","urlTemplate":"https:\/\/ferlux.es\/fr\/?s={search_term_string}"},"query-input":{"@type":"PropertyValueSpecification","valueRequired":true,"valueName":"search_term_string"}}],"inLanguage":"fr-FR"},{"@type":"Organization","@id":"https:\/\/ferlux.es\/fr\/#organization","name":"Ferlux","url":"https:\/\/ferlux.es\/fr\/","logo":{"@type":"ImageObject","inLanguage":"fr-FR","@id":"https:\/\/ferlux.es\/fr\/#\/schema\/logo\/image\/","url":"https:\/\/ferlux.es\/wp-content\/uploads\/2021\/07\/logo-ferlux.png","contentUrl":"https:\/\/ferlux.es\/wp-content\/uploads\/2021\/07\/logo-ferlux.png","width":20835,"height":4702,"caption":"Ferlux"},"image":{"@id":"https:\/\/ferlux.es\/fr\/#\/schema\/logo\/image\/"}}]}},"_links":{"self":[{"href":"https:\/\/ferlux.es\/fr\/wp-json\/wp\/v2\/product\/17805","targetHints":{"allow":["GET"]}}],"collection":[{"href":"https:\/\/ferlux.es\/fr\/wp-json\/wp\/v2\/product"}],"about":[{"href":"https:\/\/ferlux.es\/fr\/wp-json\/wp\/v2\/types\/product"}],"version-history":[{"count":22,"href":"https:\/\/ferlux.es\/fr\/wp-json\/wp\/v2\/product\/17805\/revisions"}],"predecessor-version":[{"id":19563,"href":"https:\/\/ferlux.es\/fr\/wp-json\/wp\/v2\/product\/17805\/revisions\/19563"}],"wp:featuredmedia":[{"embeddable":true,"href":"https:\/\/ferlux.es\/fr\/wp-json\/wp\/v2\/media\/17601"}],"wp:attachment":[{"href":"https:\/\/ferlux.es\/fr\/wp-json\/wp\/v2\/media?parent=17805"}],"wp:term":[{"taxonomy":"product_brand","embeddable":true,"href":"https:\/\/ferlux.es\/fr\/wp-json\/wp\/v2\/product_brand?post=17805"},{"taxonomy":"product_cat","embeddable":true,"href":"https:\/\/ferlux.es\/fr\/wp-json\/wp\/v2\/product_cat?post=17805"},{"taxonomy":"product_tag","embeddable":true,"href":"https:\/\/ferlux.es\/fr\/wp-json\/wp\/v2\/product_tag?post=17805"}],"curies":[{"name":"wp","href":"https:\/\/api.w.org\/{rel}","templated":true}]}}