{"id":12572,"date":"2021-08-03T09:32:21","date_gmt":"2021-08-03T09:32:21","guid":{"rendered":"https:\/\/citysem.net\/ferlux\/?post_type=product&#038;p=12572"},"modified":"2026-02-10T13:57:15","modified_gmt":"2026-02-10T13:57:15","slug":"ulyses","status":"publish","type":"product","link":"https:\/\/ferlux.es\/fr\/produit\/ulyses\/","title":{"rendered":"Ulyses"},"content":{"rendered":"<div data-elementor-type=\"product-post\" data-elementor-id=\"12572\" class=\"elementor elementor-12572\" data-elementor-post-type=\"product\">\n\t\t\t\t\t\t<section class=\"elementor-section elementor-top-section elementor-element elementor-element-4b8d2865 elementor-section-boxed elementor-section-height-default elementor-section-height-default\" data-id=\"4b8d2865\" data-element_type=\"section\" data-e-type=\"section\">\n\t\t\t\t\t\t<div class=\"elementor-container elementor-column-gap-default\">\n\t\t\t\t\t<div class=\"elementor-column elementor-col-100 elementor-top-column elementor-element elementor-element-34c00254\" data-id=\"34c00254\" data-element_type=\"column\" data-e-type=\"column\">\n\t\t\t<div class=\"elementor-widget-wrap elementor-element-populated\">\n\t\t\t\t\t\t<div class=\"elementor-element elementor-element-1475c229 elementor-tabs-view-horizontal elementor-widget elementor-widget-tabs\" data-id=\"1475c229\" data-element_type=\"widget\" data-e-type=\"widget\" data-widget_type=\"tabs.default\">\n\t\t\t\t<div class=\"elementor-widget-container\">\n\t\t\t\t\t\t\t<div class=\"elementor-tabs\">\n\t\t\t<div class=\"elementor-tabs-wrapper\" role=\"tablist\" >\n\t\t\t\t\t\t\t\t\t<div id=\"elementor-tab-title-3431\" class=\"elementor-tab-title elementor-tab-desktop-title\" aria-selected=\"true\" data-tab=\"1\" role=\"tab\" tabindex=\"0\" aria-controls=\"elementor-tab-content-3431\" aria-expanded=\"false\">Manual <\/div>\n\t\t\t\t\t\t\t\t\t<div id=\"elementor-tab-title-3432\" class=\"elementor-tab-title elementor-tab-desktop-title\" aria-selected=\"false\" data-tab=\"2\" role=\"tab\" tabindex=\"-1\" aria-controls=\"elementor-tab-content-3432\" aria-expanded=\"false\">Fiche Technique<\/div>\n\t\t\t\t\t\t\t\t\t<div id=\"elementor-tab-title-3433\" class=\"elementor-tab-title elementor-tab-desktop-title\" aria-selected=\"false\" data-tab=\"3\" role=\"tab\" tabindex=\"-1\" aria-controls=\"elementor-tab-content-3433\" aria-expanded=\"false\">Ecodesign<\/div>\n\t\t\t\t\t\t\t\t\t<div id=\"elementor-tab-title-3434\" class=\"elementor-tab-title elementor-tab-desktop-title\" aria-selected=\"false\" data-tab=\"4\" role=\"tab\" tabindex=\"-1\" aria-controls=\"elementor-tab-content-3434\" aria-expanded=\"false\">D.O.P<\/div>\n\t\t\t\t\t\t\t\t\t<div id=\"elementor-tab-title-3435\" class=\"elementor-tab-title elementor-tab-desktop-title\" aria-selected=\"false\" data-tab=\"5\" role=\"tab\" tabindex=\"-1\" aria-controls=\"elementor-tab-content-3435\" aria-expanded=\"false\">Classe \u00c9nerg\u00e9tique<\/div>\n\t\t\t\t\t\t\t\t\t<div id=\"elementor-tab-title-3436\" class=\"elementor-tab-title elementor-tab-desktop-title\" aria-selected=\"false\" data-tab=\"6\" role=\"tab\" tabindex=\"-1\" aria-controls=\"elementor-tab-content-3436\" aria-expanded=\"false\">Short Report<\/div>\n\t\t\t\t\t\t\t<\/div>\n\t\t\t<div class=\"elementor-tabs-content-wrapper\" role=\"tablist\" aria-orientation=\"vertical\">\n\t\t\t\t\t\t\t\t\t<div class=\"elementor-tab-title elementor-tab-mobile-title\" aria-selected=\"true\" data-tab=\"1\" role=\"tab\" tabindex=\"0\" aria-controls=\"elementor-tab-content-3431\" aria-expanded=\"false\">Manual <\/div>\n\t\t\t\t\t<div id=\"elementor-tab-content-3431\" class=\"elementor-tab-content elementor-clearfix\" data-tab=\"1\" role=\"tabpanel\" aria-labelledby=\"elementor-tab-title-3431\" tabindex=\"0\" hidden=\"false\"><ul><li><a href=\"https:\/\/ferlux.es\/wp-content\/uploads\/2022\/03\/MANUAL-GAMA-INSERTABLE-ferlux-espanol.pdf\">Manual insertable espa\u00f1ol<\/a><\/li><li><a href=\"https:\/\/ferlux.es\/wp-content\/uploads\/2022\/03\/MANUAL-GAMA-INSERTABLE-ferlux-frances.pdf\">Manual insertable franc\u00e9s<\/a><\/li><li><a href=\"https:\/\/ferlux.es\/wp-content\/uploads\/2022\/03\/MANUAL-GAMA-INSERTABLE-ferlux-holandes.pdf\">Manual insertable holand\u00e9s<\/a><\/li><li><a href=\"https:\/\/ferlux.es\/wp-content\/uploads\/2022\/03\/MANUAL-GAMA-INSERTABLE-ferlux-ingles.pdf\">Manual insertable ingl\u00e9s<\/a><\/li><li><a href=\"https:\/\/ferlux.es\/wp-content\/uploads\/2022\/03\/MANUAL-GAMA-INSERTABLE-ferlux-portugues.pdf\">Manual insertable portugu\u00e9s<\/a><\/li><\/ul><\/div>\n\t\t\t\t\t\t\t\t\t<div class=\"elementor-tab-title elementor-tab-mobile-title\" aria-selected=\"false\" data-tab=\"2\" role=\"tab\" tabindex=\"-1\" aria-controls=\"elementor-tab-content-3432\" aria-expanded=\"false\">Fiche Technique<\/div>\n\t\t\t\t\t<div id=\"elementor-tab-content-3432\" class=\"elementor-tab-content elementor-clearfix\" data-tab=\"2\" role=\"tabpanel\" aria-labelledby=\"elementor-tab-title-3432\" tabindex=\"0\" hidden=\"hidden\"><ul><li><a href=\"https:\/\/ferlux.es\/wp-content\/uploads\/2022\/03\/Ulyses-8.pdf\">Ficha t\u00e9cnica Ulyses 8<\/a><\/li><li><a href=\"https:\/\/ferlux.es\/wp-content\/uploads\/2022\/03\/Ulyses-10.pdf\">Ficha t\u00e9cnica Ulyses 10<\/a><\/li><\/ul><\/div>\n\t\t\t\t\t\t\t\t\t<div class=\"elementor-tab-title elementor-tab-mobile-title\" aria-selected=\"false\" data-tab=\"3\" role=\"tab\" tabindex=\"-1\" aria-controls=\"elementor-tab-content-3433\" aria-expanded=\"false\">Ecodesign<\/div>\n\t\t\t\t\t<div id=\"elementor-tab-content-3433\" class=\"elementor-tab-content elementor-clearfix\" data-tab=\"3\" role=\"tabpanel\" aria-labelledby=\"elementor-tab-title-3433\" tabindex=\"0\" hidden=\"hidden\"><ul><li><a href=\"https:\/\/ferlux.es\/wp-content\/uploads\/2022\/10\/Ulyses-8.pdf\">Ecodesign Ulyses 8<\/a><\/li><li><a href=\"https:\/\/ferlux.es\/wp-content\/uploads\/2022\/10\/Ulyses-10.pdf\">Ecodesign Ulyses 10<\/a><\/li><\/ul><\/div>\n\t\t\t\t\t\t\t\t\t<div class=\"elementor-tab-title elementor-tab-mobile-title\" aria-selected=\"false\" data-tab=\"4\" role=\"tab\" tabindex=\"-1\" aria-controls=\"elementor-tab-content-3434\" aria-expanded=\"false\">D.O.P<\/div>\n\t\t\t\t\t<div id=\"elementor-tab-content-3434\" class=\"elementor-tab-content elementor-clearfix\" data-tab=\"4\" role=\"tabpanel\" aria-labelledby=\"elementor-tab-title-3434\" tabindex=\"0\" hidden=\"hidden\"><ul><li><a href=\"https:\/\/ferlux.es\/wp-content\/uploads\/2022\/03\/Declaracion-de-Prestaciones-FERLUX-CPD-EP-ULYSES-8.pdf\">D.O.P Ulyses 8<\/a><\/li><li><a href=\"https:\/\/ferlux.es\/wp-content\/uploads\/2022\/03\/Declaracion-de-Prestaciones-FERLUX-CPD-EP-ULYSES-10.pdf\">D.O.P Ulyses 10<\/a><\/li><\/ul><\/div>\n\t\t\t\t\t\t\t\t\t<div class=\"elementor-tab-title elementor-tab-mobile-title\" aria-selected=\"false\" data-tab=\"5\" role=\"tab\" tabindex=\"-1\" aria-controls=\"elementor-tab-content-3435\" aria-expanded=\"false\">Classe \u00c9nerg\u00e9tique<\/div>\n\t\t\t\t\t<div id=\"elementor-tab-content-3435\" class=\"elementor-tab-content elementor-clearfix\" data-tab=\"5\" role=\"tabpanel\" aria-labelledby=\"elementor-tab-title-3435\" tabindex=\"0\" hidden=\"hidden\"><ul><li><a href=\"https:\/\/ferlux.es\/wp-content\/uploads\/2022\/03\/ULYSES-8.pdf\">EEE Ulyses 8<\/a><\/li><li><a href=\"https:\/\/ferlux.es\/wp-content\/uploads\/2022\/03\/ULYSES-10.pdf\">EEE Ulyses 10<\/a><\/li><\/ul><\/div>\n\t\t\t\t\t\t\t\t\t<div class=\"elementor-tab-title elementor-tab-mobile-title\" aria-selected=\"false\" data-tab=\"6\" role=\"tab\" tabindex=\"-1\" aria-controls=\"elementor-tab-content-3436\" aria-expanded=\"false\">Short Report<\/div>\n\t\t\t\t\t<div id=\"elementor-tab-content-3436\" class=\"elementor-tab-content elementor-clearfix\" data-tab=\"6\" role=\"tabpanel\" aria-labelledby=\"elementor-tab-title-3436\" tabindex=\"0\" hidden=\"hidden\"><ul><li><a href=\"https:\/\/ferlux.es\/wp-content\/uploads\/2022\/03\/Declaracion-8kW-CEE003-21-Ferlux-Denmark.pdf\">Short Report Ulyses 8<\/a><\/li><li><a href=\"https:\/\/ferlux.es\/wp-content\/uploads\/2022\/03\/Declaracion-10-kW-CEE004-21-Ferlux-Denmark.pdf\">Short Report Ulyses 10<\/a><\/li><\/ul><\/div>\n\t\t\t\t\t\t\t<\/div>\n\t\t<\/div>\n\t\t\t\t\t\t<\/div>\n\t\t\t\t<\/div>\n\t\t\t\t\t<\/div>\n\t\t<\/div>\n\t\t\t\t\t<\/div>\n\t\t<\/section>\n\t\t\t\t<\/div>","protected":false},"excerpt":{"rendered":"<ul id=\"product-list\">\n<li>Sistema Confortlux<\/li>\n<li>AIRSILENCE sistema silencioso<\/li>\n<li>Programas diario, semanal y fin de semana<\/li>\n<li>Quemador hierro fundido<\/li>\n<li>Intercambiador de calor<\/li>\n<li>Caj\u00f3n frontal para llenado de pellets<\/li>\n<li>Petite taille ins\u00e9rable, permettant une installation facile<\/li>\n<li><i class=\"icon-ok\"><\/i>Porte en verre s\u00e9rigraphi\u00e9<\/li>\n<li><i class=\"icon-ok\"><\/i>Grille de ventilation en aluminium satin\u00e9<\/li>\n<li><a href=\"https:\/\/ferlux.es\/fr\/produit\/tubo-adicional-de-llenado\/\">Opcional : Tubo adicional de llenado<\/a><\/li>\n<li><a href=\"https:\/\/ferlux.es\/fr\/produit\/base-apoyo-con-altura-regulable\/\">Opcional : Base de apoyo con altura regulable<\/a><\/li>\n<li><a href=\"https:\/\/ferlux.es\/fr\/produit\/4-heat\/\">Opcional : Dispositivo WIFI Pinkey<\/a><\/li>\n<li>Opcional : Sensor capacitativo (carga del pellets)<\/li>\n<li>Opcional : <a href=\"https:\/\/ferlux.es\/fr\/produit\/monilite\/\">Monolite<\/a><\/li>\n<\/ul>","protected":false},"featured_media":13476,"template":"","meta":{"_acf_changed":false},"product_brand":[],"product_cat":[403],"product_tag":[201,164,165],"class_list":{"0":"post-12572","1":"product","2":"type-product","3":"status-publish","4":"has-post-thumbnail","6":"product_cat-gama-aire","7":"product_tag-aire","8":"product_tag-estufas","9":"product_tag-pellets","11":"first","12":"instock","13":"shipping-taxable","14":"product-type-simple"},"acf":[],"yoast_head":"<!-- This site is optimized with the Yoast SEO plugin v27.3 - https:\/\/yoast.com\/product\/yoast-seo-wordpress\/ -->\n<title>Modelo Ulyses | Ferlux<\/title>\n<meta name=\"description\" content=\"Modelo Ulyses. Ferlux: m\u00e1s de 28 a\u00f1os dedicados a la fabricaci\u00f3n de aparatos de calefacci\u00f3n.\" \/>\n<meta name=\"robots\" content=\"index, follow, max-snippet:-1, max-image-preview:large, max-video-preview:-1\" \/>\n<link rel=\"canonical\" href=\"https:\/\/ferlux.es\/fr\/produit\/ulyses\/\" \/>\n<meta property=\"og:locale\" content=\"fr_FR\" \/>\n<meta property=\"og:type\" content=\"article\" \/>\n<meta property=\"og:title\" content=\"Modelo Ulyses | Ferlux\" \/>\n<meta property=\"og:description\" content=\"Modelo Ulyses. Ferlux: m\u00e1s de 28 a\u00f1os dedicados a la fabricaci\u00f3n de aparatos de calefacci\u00f3n.\" \/>\n<meta property=\"og:url\" content=\"https:\/\/ferlux.es\/fr\/produit\/ulyses\/\" \/>\n<meta property=\"og:site_name\" content=\"Ferlux\" \/>\n<meta property=\"article:modified_time\" content=\"2026-02-10T13:57:15+00:00\" \/>\n<meta property=\"og:image\" content=\"https:\/\/ferlux.es\/wp-content\/uploads\/2021\/08\/Ulyses-1024x1024.png\" \/>\n\t<meta property=\"og:image:width\" content=\"1024\" \/>\n\t<meta property=\"og:image:height\" content=\"1024\" \/>\n\t<meta property=\"og:image:type\" content=\"image\/png\" \/>\n<meta name=\"twitter:card\" content=\"summary_large_image\" \/>\n<meta name=\"twitter:label1\" content=\"Dur\u00e9e de lecture estim\u00e9e\" \/>\n\t<meta name=\"twitter:data1\" content=\"1 minute\" \/>\n<script type=\"application\/ld+json\" class=\"yoast-schema-graph\">{\"@context\":\"https:\\\/\\\/schema.org\",\"@graph\":[{\"@type\":\"WebPage\",\"@id\":\"https:\\\/\\\/ferlux.es\\\/producto\\\/ulyses\\\/\",\"url\":\"https:\\\/\\\/ferlux.es\\\/producto\\\/ulyses\\\/\",\"name\":\"Modelo Ulyses | Ferlux\",\"isPartOf\":{\"@id\":\"https:\\\/\\\/ferlux.es\\\/fr\\\/#website\"},\"primaryImageOfPage\":{\"@id\":\"https:\\\/\\\/ferlux.es\\\/producto\\\/ulyses\\\/#primaryimage\"},\"image\":{\"@id\":\"https:\\\/\\\/ferlux.es\\\/producto\\\/ulyses\\\/#primaryimage\"},\"thumbnailUrl\":\"https:\\\/\\\/ferlux.es\\\/wp-content\\\/uploads\\\/2021\\\/08\\\/Ulyses.png\",\"datePublished\":\"2021-08-03T09:32:21+00:00\",\"dateModified\":\"2026-02-10T13:57:15+00:00\",\"description\":\"Modelo Ulyses. Ferlux: m\u00e1s de 28 a\u00f1os dedicados a la fabricaci\u00f3n de aparatos de calefacci\u00f3n.\",\"breadcrumb\":{\"@id\":\"https:\\\/\\\/ferlux.es\\\/producto\\\/ulyses\\\/#breadcrumb\"},\"inLanguage\":\"fr-FR\",\"potentialAction\":[{\"@type\":\"ReadAction\",\"target\":[\"https:\\\/\\\/ferlux.es\\\/producto\\\/ulyses\\\/\"]}]},{\"@type\":\"ImageObject\",\"inLanguage\":\"fr-FR\",\"@id\":\"https:\\\/\\\/ferlux.es\\\/producto\\\/ulyses\\\/#primaryimage\",\"url\":\"https:\\\/\\\/ferlux.es\\\/wp-content\\\/uploads\\\/2021\\\/08\\\/Ulyses.png\",\"contentUrl\":\"https:\\\/\\\/ferlux.es\\\/wp-content\\\/uploads\\\/2021\\\/08\\\/Ulyses.png\",\"width\":2000,\"height\":2000},{\"@type\":\"BreadcrumbList\",\"@id\":\"https:\\\/\\\/ferlux.es\\\/producto\\\/ulyses\\\/#breadcrumb\",\"itemListElement\":[{\"@type\":\"ListItem\",\"position\":1,\"name\":\"Portada\",\"item\":\"https:\\\/\\\/ferlux.es\\\/\"},{\"@type\":\"ListItem\",\"position\":2,\"name\":\"Tienda\",\"item\":\"https:\\\/\\\/ferlux.es\\\/tienda\\\/\"},{\"@type\":\"ListItem\",\"position\":3,\"name\":\"Ulyses\"}]},{\"@type\":\"WebSite\",\"@id\":\"https:\\\/\\\/ferlux.es\\\/fr\\\/#website\",\"url\":\"https:\\\/\\\/ferlux.es\\\/fr\\\/\",\"name\":\"Ferlux\",\"description\":\"\",\"publisher\":{\"@id\":\"https:\\\/\\\/ferlux.es\\\/fr\\\/#organization\"},\"potentialAction\":[{\"@type\":\"SearchAction\",\"target\":{\"@type\":\"EntryPoint\",\"urlTemplate\":\"https:\\\/\\\/ferlux.es\\\/fr\\\/?s={search_term_string}\"},\"query-input\":{\"@type\":\"PropertyValueSpecification\",\"valueRequired\":true,\"valueName\":\"search_term_string\"}}],\"inLanguage\":\"fr-FR\"},{\"@type\":\"Organization\",\"@id\":\"https:\\\/\\\/ferlux.es\\\/fr\\\/#organization\",\"name\":\"Ferlux\",\"url\":\"https:\\\/\\\/ferlux.es\\\/fr\\\/\",\"logo\":{\"@type\":\"ImageObject\",\"inLanguage\":\"fr-FR\",\"@id\":\"https:\\\/\\\/ferlux.es\\\/fr\\\/#\\\/schema\\\/logo\\\/image\\\/\",\"url\":\"https:\\\/\\\/ferlux.es\\\/wp-content\\\/uploads\\\/2021\\\/07\\\/logo-ferlux.png\",\"contentUrl\":\"https:\\\/\\\/ferlux.es\\\/wp-content\\\/uploads\\\/2021\\\/07\\\/logo-ferlux.png\",\"width\":20835,\"height\":4702,\"caption\":\"Ferlux\"},\"image\":{\"@id\":\"https:\\\/\\\/ferlux.es\\\/fr\\\/#\\\/schema\\\/logo\\\/image\\\/\"}}]}<\/script>\n<!-- \/ Yoast SEO plugin. -->","yoast_head_json":{"title":"Modelo Ulyses | Ferlux","description":"Modelo Ulyses. Ferlux: m\u00e1s de 28 a\u00f1os dedicados a la fabricaci\u00f3n de aparatos de calefacci\u00f3n.","robots":{"index":"index","follow":"follow","max-snippet":"max-snippet:-1","max-image-preview":"max-image-preview:large","max-video-preview":"max-video-preview:-1"},"canonical":"https:\/\/ferlux.es\/fr\/produit\/ulyses\/","og_locale":"fr_FR","og_type":"article","og_title":"Modelo Ulyses | Ferlux","og_description":"Modelo Ulyses. Ferlux: m\u00e1s de 28 a\u00f1os dedicados a la fabricaci\u00f3n de aparatos de calefacci\u00f3n.","og_url":"https:\/\/ferlux.es\/fr\/produit\/ulyses\/","og_site_name":"Ferlux","article_modified_time":"2026-02-10T13:57:15+00:00","og_image":[{"width":1024,"height":1024,"url":"https:\/\/ferlux.es\/wp-content\/uploads\/2021\/08\/Ulyses-1024x1024.png","type":"image\/png"}],"twitter_card":"summary_large_image","twitter_misc":{"Dur\u00e9e de lecture estim\u00e9e":"1 minute"},"schema":{"@context":"https:\/\/schema.org","@graph":[{"@type":"WebPage","@id":"https:\/\/ferlux.es\/producto\/ulyses\/","url":"https:\/\/ferlux.es\/producto\/ulyses\/","name":"Modelo Ulyses | Ferlux","isPartOf":{"@id":"https:\/\/ferlux.es\/fr\/#website"},"primaryImageOfPage":{"@id":"https:\/\/ferlux.es\/producto\/ulyses\/#primaryimage"},"image":{"@id":"https:\/\/ferlux.es\/producto\/ulyses\/#primaryimage"},"thumbnailUrl":"https:\/\/ferlux.es\/wp-content\/uploads\/2021\/08\/Ulyses.png","datePublished":"2021-08-03T09:32:21+00:00","dateModified":"2026-02-10T13:57:15+00:00","description":"Modelo Ulyses. Ferlux: m\u00e1s de 28 a\u00f1os dedicados a la fabricaci\u00f3n de aparatos de calefacci\u00f3n.","breadcrumb":{"@id":"https:\/\/ferlux.es\/producto\/ulyses\/#breadcrumb"},"inLanguage":"fr-FR","potentialAction":[{"@type":"ReadAction","target":["https:\/\/ferlux.es\/producto\/ulyses\/"]}]},{"@type":"ImageObject","inLanguage":"fr-FR","@id":"https:\/\/ferlux.es\/producto\/ulyses\/#primaryimage","url":"https:\/\/ferlux.es\/wp-content\/uploads\/2021\/08\/Ulyses.png","contentUrl":"https:\/\/ferlux.es\/wp-content\/uploads\/2021\/08\/Ulyses.png","width":2000,"height":2000},{"@type":"BreadcrumbList","@id":"https:\/\/ferlux.es\/producto\/ulyses\/#breadcrumb","itemListElement":[{"@type":"ListItem","position":1,"name":"Portada","item":"https:\/\/ferlux.es\/"},{"@type":"ListItem","position":2,"name":"Tienda","item":"https:\/\/ferlux.es\/tienda\/"},{"@type":"ListItem","position":3,"name":"Ulyses"}]},{"@type":"WebSite","@id":"https:\/\/ferlux.es\/fr\/#website","url":"https:\/\/ferlux.es\/fr\/","name":"Ferlux","description":"","publisher":{"@id":"https:\/\/ferlux.es\/fr\/#organization"},"potentialAction":[{"@type":"SearchAction","target":{"@type":"EntryPoint","urlTemplate":"https:\/\/ferlux.es\/fr\/?s={search_term_string}"},"query-input":{"@type":"PropertyValueSpecification","valueRequired":true,"valueName":"search_term_string"}}],"inLanguage":"fr-FR"},{"@type":"Organization","@id":"https:\/\/ferlux.es\/fr\/#organization","name":"Ferlux","url":"https:\/\/ferlux.es\/fr\/","logo":{"@type":"ImageObject","inLanguage":"fr-FR","@id":"https:\/\/ferlux.es\/fr\/#\/schema\/logo\/image\/","url":"https:\/\/ferlux.es\/wp-content\/uploads\/2021\/07\/logo-ferlux.png","contentUrl":"https:\/\/ferlux.es\/wp-content\/uploads\/2021\/07\/logo-ferlux.png","width":20835,"height":4702,"caption":"Ferlux"},"image":{"@id":"https:\/\/ferlux.es\/fr\/#\/schema\/logo\/image\/"}}]}},"_links":{"self":[{"href":"https:\/\/ferlux.es\/fr\/wp-json\/wp\/v2\/product\/12572","targetHints":{"allow":["GET"]}}],"collection":[{"href":"https:\/\/ferlux.es\/fr\/wp-json\/wp\/v2\/product"}],"about":[{"href":"https:\/\/ferlux.es\/fr\/wp-json\/wp\/v2\/types\/product"}],"version-history":[{"count":40,"href":"https:\/\/ferlux.es\/fr\/wp-json\/wp\/v2\/product\/12572\/revisions"}],"predecessor-version":[{"id":19471,"href":"https:\/\/ferlux.es\/fr\/wp-json\/wp\/v2\/product\/12572\/revisions\/19471"}],"wp:featuredmedia":[{"embeddable":true,"href":"https:\/\/ferlux.es\/fr\/wp-json\/wp\/v2\/media\/13476"}],"wp:attachment":[{"href":"https:\/\/ferlux.es\/fr\/wp-json\/wp\/v2\/media?parent=12572"}],"wp:term":[{"taxonomy":"product_brand","embeddable":true,"href":"https:\/\/ferlux.es\/fr\/wp-json\/wp\/v2\/product_brand?post=12572"},{"taxonomy":"product_cat","embeddable":true,"href":"https:\/\/ferlux.es\/fr\/wp-json\/wp\/v2\/product_cat?post=12572"},{"taxonomy":"product_tag","embeddable":true,"href":"https:\/\/ferlux.es\/fr\/wp-json\/wp\/v2\/product_tag?post=12572"}],"curies":[{"name":"wp","href":"https:\/\/api.w.org\/{rel}","templated":true}]}}