{"id":12180,"date":"2023-07-01T14:57:03","date_gmt":"2023-07-01T14:57:03","guid":{"rendered":"https:\/\/citysem.net\/ferlux\/?post_type=product&#038;p=12180"},"modified":"2026-02-10T13:32:50","modified_gmt":"2026-02-10T13:32:50","slug":"helen-glass","status":"publish","type":"product","link":"https:\/\/ferlux.es\/fr\/produit\/helen-glass\/","title":{"rendered":"Helen Glass"},"content":{"rendered":"<div data-elementor-type=\"product-post\" data-elementor-id=\"12180\" class=\"elementor elementor-12180\" data-elementor-post-type=\"product\">\n\t\t\t\t\t\t<section class=\"elementor-section elementor-top-section elementor-element elementor-element-1bd25c66 elementor-section-boxed elementor-section-height-default elementor-section-height-default\" data-id=\"1bd25c66\" data-element_type=\"section\" data-e-type=\"section\">\n\t\t\t\t\t\t<div class=\"elementor-container elementor-column-gap-default\">\n\t\t\t\t\t<div class=\"elementor-column elementor-col-100 elementor-top-column elementor-element elementor-element-1906aee4\" data-id=\"1906aee4\" data-element_type=\"column\" data-e-type=\"column\">\n\t\t\t<div class=\"elementor-widget-wrap elementor-element-populated\">\n\t\t\t\t\t\t<div class=\"elementor-element elementor-element-6029d450 elementor-tabs-view-horizontal elementor-widget elementor-widget-tabs\" data-id=\"6029d450\" data-element_type=\"widget\" data-e-type=\"widget\" data-widget_type=\"tabs.default\">\n\t\t\t\t<div class=\"elementor-widget-container\">\n\t\t\t\t\t\t\t<div class=\"elementor-tabs\">\n\t\t\t<div class=\"elementor-tabs-wrapper\" role=\"tablist\" >\n\t\t\t\t\t\t\t\t\t<div id=\"elementor-tab-title-1611\" class=\"elementor-tab-title elementor-tab-desktop-title\" aria-selected=\"true\" data-tab=\"1\" role=\"tab\" tabindex=\"0\" aria-controls=\"elementor-tab-content-1611\" aria-expanded=\"false\">Manual<\/div>\n\t\t\t\t\t\t\t\t\t<div id=\"elementor-tab-title-1612\" class=\"elementor-tab-title elementor-tab-desktop-title\" aria-selected=\"false\" data-tab=\"2\" role=\"tab\" tabindex=\"-1\" aria-controls=\"elementor-tab-content-1612\" aria-expanded=\"false\">Fiche Technique<\/div>\n\t\t\t\t\t\t\t\t\t<div id=\"elementor-tab-title-1613\" class=\"elementor-tab-title elementor-tab-desktop-title\" aria-selected=\"false\" data-tab=\"3\" role=\"tab\" tabindex=\"-1\" aria-controls=\"elementor-tab-content-1613\" aria-expanded=\"false\">Ecodesign<\/div>\n\t\t\t\t\t\t\t\t\t<div id=\"elementor-tab-title-1614\" class=\"elementor-tab-title elementor-tab-desktop-title\" aria-selected=\"false\" data-tab=\"4\" role=\"tab\" tabindex=\"-1\" aria-controls=\"elementor-tab-content-1614\" aria-expanded=\"false\">D.O.P<\/div>\n\t\t\t\t\t\t\t\t\t<div id=\"elementor-tab-title-1615\" class=\"elementor-tab-title elementor-tab-desktop-title\" aria-selected=\"false\" data-tab=\"5\" role=\"tab\" tabindex=\"-1\" aria-controls=\"elementor-tab-content-1615\" aria-expanded=\"false\">Clase Energ\u00e9tica<\/div>\n\t\t\t\t\t\t\t\t\t<div id=\"elementor-tab-title-1616\" class=\"elementor-tab-title elementor-tab-desktop-title\" aria-selected=\"false\" data-tab=\"6\" role=\"tab\" tabindex=\"-1\" aria-controls=\"elementor-tab-content-1616\" aria-expanded=\"false\">Short Report<\/div>\n\t\t\t\t\t\t\t<\/div>\n\t\t\t<div class=\"elementor-tabs-content-wrapper\" role=\"tablist\" aria-orientation=\"vertical\">\n\t\t\t\t\t\t\t\t\t<div class=\"elementor-tab-title elementor-tab-mobile-title\" aria-selected=\"true\" data-tab=\"1\" role=\"tab\" tabindex=\"0\" aria-controls=\"elementor-tab-content-1611\" aria-expanded=\"false\">Manual<\/div>\n\t\t\t\t\t<div id=\"elementor-tab-content-1611\" class=\"elementor-tab-content elementor-clearfix\" data-tab=\"1\" role=\"tabpanel\" aria-labelledby=\"elementor-tab-title-1611\" tabindex=\"0\" hidden=\"false\"><ul><li><a href=\"https:\/\/ferlux.es\/wp-content\/uploads\/2022\/03\/MANUAL-GAMA-AIRE-ferlux-espanol.pdf\">Manual aire espa\u00f1ol<\/a><\/li><li><a href=\"https:\/\/ferlux.es\/wp-content\/uploads\/2022\/03\/MANUAL-GAMA-AIRE-ferlux-danes.pdf\">Manual aire dan\u00e9s<\/a><\/li><li><a href=\"https:\/\/ferlux.es\/wp-content\/uploads\/2022\/03\/MANUAL-GAMA-AIRE-ferlux-frances.pdf\">Manual aire franc\u00e9s<\/a><\/li><li><a href=\"https:\/\/ferlux.es\/wp-content\/uploads\/2022\/03\/MANUAL-GAMA-AIRE-ferlux-griego.pdf\">Manual aire griego<\/a><\/li><li><a href=\"https:\/\/ferlux.es\/wp-content\/uploads\/2022\/03\/MANUAL-GAMA-AIRE-ferlux-holandes.pdf\">Manual aire holand\u00e9s<\/a><\/li><li><a href=\"https:\/\/ferlux.es\/wp-content\/uploads\/2022\/03\/MANUAL-GAMA-AIRE-ferlux-ingles.pdf\">Manual aire ingl\u00e9s<\/a><\/li><li><a href=\"https:\/\/ferlux.es\/wp-content\/uploads\/2022\/03\/MANUAL-GAMA-AIRE-ferlux-italiano.pdf\">Manual aire italiano<\/a><\/li><li><a href=\"https:\/\/ferlux.es\/wp-content\/uploads\/2022\/03\/MANUAL-GAMA-AIRE-ferlux-portugues.pdf\">Manual aire portugu\u00e9s<\/a><\/li><\/ul><\/div>\n\t\t\t\t\t\t\t\t\t<div class=\"elementor-tab-title elementor-tab-mobile-title\" aria-selected=\"false\" data-tab=\"2\" role=\"tab\" tabindex=\"-1\" aria-controls=\"elementor-tab-content-1612\" aria-expanded=\"false\">Fiche Technique<\/div>\n\t\t\t\t\t<div id=\"elementor-tab-content-1612\" class=\"elementor-tab-content elementor-clearfix\" data-tab=\"2\" role=\"tabpanel\" aria-labelledby=\"elementor-tab-title-1612\" tabindex=\"0\" hidden=\"hidden\"><ul><li><a href=\"https:\/\/ferlux.es\/wp-content\/uploads\/2022\/03\/Helen-Glass-6.pdf\">Ficha t\u00e9cnica Helen Glass 6<\/a><\/li><li><a href=\"https:\/\/ferlux.es\/wp-content\/uploads\/2022\/03\/Helen-Glass-8.pdf\">Ficha t\u00e9cnica Helen Glass 8<\/a><\/li><li><a href=\"https:\/\/ferlux.es\/wp-content\/uploads\/2022\/03\/Helen-Glass-10.pdf\">Ficha t\u00e9cnica Helen Glass 10<\/a><\/li><\/ul><\/div>\n\t\t\t\t\t\t\t\t\t<div class=\"elementor-tab-title elementor-tab-mobile-title\" aria-selected=\"false\" data-tab=\"3\" role=\"tab\" tabindex=\"-1\" aria-controls=\"elementor-tab-content-1613\" aria-expanded=\"false\">Ecodesign<\/div>\n\t\t\t\t\t<div id=\"elementor-tab-content-1613\" class=\"elementor-tab-content elementor-clearfix\" data-tab=\"3\" role=\"tabpanel\" aria-labelledby=\"elementor-tab-title-1613\" tabindex=\"0\" hidden=\"hidden\"><ul><li><a href=\"https:\/\/ferlux.es\/wp-content\/uploads\/2022\/10\/Helen-6.pdf\">Ecodesign Helen Glass 6<\/a><\/li><li><a href=\"https:\/\/ferlux.es\/wp-content\/uploads\/2022\/10\/Helen-8.pdf\">Ecodesign Helen Glass 8<\/a><\/li><li><a href=\"https:\/\/ferlux.es\/wp-content\/uploads\/2022\/10\/Helen-10.pdf\">Ecodesign Helen Glass 10<\/a><\/li><\/ul><\/div>\n\t\t\t\t\t\t\t\t\t<div class=\"elementor-tab-title elementor-tab-mobile-title\" aria-selected=\"false\" data-tab=\"4\" role=\"tab\" tabindex=\"-1\" aria-controls=\"elementor-tab-content-1614\" aria-expanded=\"false\">D.O.P<\/div>\n\t\t\t\t\t<div id=\"elementor-tab-content-1614\" class=\"elementor-tab-content elementor-clearfix\" data-tab=\"4\" role=\"tabpanel\" aria-labelledby=\"elementor-tab-title-1614\" tabindex=\"0\" hidden=\"hidden\"><ul><li><a href=\"https:\/\/ferlux.es\/wp-content\/uploads\/2022\/03\/Declaracion-de-Prestaciones-FERLUX-CPD-EP-HELEN-6.pdf\">D.O.P Helen Glass 6<\/a><\/li><li><a href=\"https:\/\/ferlux.es\/wp-content\/uploads\/2022\/03\/Declaracion-de-Prestaciones-FERLUX-CPD-EP-HELEN-8.pdf\">D.O.P Helen Glass 8<\/a><\/li><li><a href=\"https:\/\/ferlux.es\/wp-content\/uploads\/2022\/03\/Declaracion-de-Prestaciones-FERLUX-CPD-EP-HELEN-10.pdf\">D.O.P Helen Glass 10<\/a><\/li><\/ul><\/div>\n\t\t\t\t\t\t\t\t\t<div class=\"elementor-tab-title elementor-tab-mobile-title\" aria-selected=\"false\" data-tab=\"5\" role=\"tab\" tabindex=\"-1\" aria-controls=\"elementor-tab-content-1615\" aria-expanded=\"false\">Clase Energ\u00e9tica<\/div>\n\t\t\t\t\t<div id=\"elementor-tab-content-1615\" class=\"elementor-tab-content elementor-clearfix\" data-tab=\"5\" role=\"tabpanel\" aria-labelledby=\"elementor-tab-title-1615\" tabindex=\"0\" hidden=\"hidden\"><ul><li><a href=\"https:\/\/ferlux.es\/wp-content\/uploads\/2022\/03\/HELEN-6.pdf\">EEE Helen Glass 6<\/a><\/li><li><a href=\"https:\/\/ferlux.es\/wp-content\/uploads\/2022\/03\/HELEN-8.pdf\">EEE Helen Glass 8<\/a><\/li><li><a href=\"https:\/\/ferlux.es\/wp-content\/uploads\/2022\/03\/HELEN-10.pdf\">EEE Helen Glass 10<\/a><\/li><\/ul><\/div>\n\t\t\t\t\t\t\t\t\t<div class=\"elementor-tab-title elementor-tab-mobile-title\" aria-selected=\"false\" data-tab=\"6\" role=\"tab\" tabindex=\"-1\" aria-controls=\"elementor-tab-content-1616\" aria-expanded=\"false\">Short Report<\/div>\n\t\t\t\t\t<div id=\"elementor-tab-content-1616\" class=\"elementor-tab-content elementor-clearfix\" data-tab=\"6\" role=\"tabpanel\" aria-labelledby=\"elementor-tab-title-1616\" tabindex=\"0\" hidden=\"hidden\"><ul><li><a href=\"https:\/\/ferlux.es\/wp-content\/uploads\/2022\/03\/Declaracion-Venus6-Ferlux-Denmark.pdf\" target=\"_blank\" rel=\"noopener\">Short Report Helen Glass 6<\/a><\/li><li><a href=\"https:\/\/ferlux.es\/wp-content\/uploads\/2022\/03\/Declaracion-Venus8-Ferlux-Denmark.pdf\" target=\"_blank\" rel=\"noopener\">Short Report Helen Glass 8\u00a0<\/a><\/li><li><a href=\"https:\/\/ferlux.es\/wp-content\/uploads\/2022\/03\/Declaracion-Venus10-Ferlux-Denmark.pdf\" target=\"_blank\" rel=\"noopener\">Short Report Helen Glass 10<\/a><\/li><\/ul><\/div>\n\t\t\t\t\t\t\t<\/div>\n\t\t<\/div>\n\t\t\t\t\t\t<\/div>\n\t\t\t\t<\/div>\n\t\t\t\t\t<\/div>\n\t\t<\/div>\n\t\t\t\t\t<\/div>\n\t\t<\/section>\n\t\t\t\t<\/div>","protected":false},"excerpt":{"rendered":"<ul id=\"product-list\">\n<li>Sistema Confortlux<\/li>\n<li>AIRSILENCE sistema silencioso<\/li>\n<li>Programas diario, semanal y fin de semana<\/li>\n<li>Vermiculita en el interior<\/li>\n<li>Quemador hierro fundido<\/li>\n<li>Intercambiador de calor<\/li>\n<li>Mando a distancia incluido<\/li>\n<li>Puerta en cristal magic (oscuro cuando esta apagada)<\/li>\n<li><i class=\"icon-ok\"><\/i>C\u00f4t\u00e9s incurv\u00e9s en verre s\u00e9rigraphi\u00e9 noir<\/li>\n<li><i class=\"icon-ok\"><\/i>Plateau rond en verre s\u00e9rigraphi\u00e9 noir<\/li>\n<li><i class=\"icon-ok\"><\/i>Permet l\u2019installation sans avoir besoin d\u2019\u00eatre retir\u00e9 du mur<\/li>\n<li><i class=\"icon-ok\"><\/i><a href=\"https:\/\/ferlux.es\/fr\/produit\/kit-salida-humos-mod-a\/\">Opcional : Salida de humo vertical Kit A<\/a><\/li>\n<li><a href=\"https:\/\/ferlux.es\/fr\/produit\/4-heat\/\">Opcional : Dispositivo WIFI Pinkey<\/a><\/li>\n<li><a href=\"https:\/\/ferlux.es\/fr\/produit\/monilite\/\">Opcional : Monolite<\/a><\/li>\n<\/ul>","protected":false},"featured_media":13462,"template":"","meta":{"_acf_changed":false},"product_brand":[],"product_cat":[403],"product_tag":[201,164,165],"class_list":{"0":"post-12180","1":"product","2":"type-product","3":"status-publish","4":"has-post-thumbnail","6":"product_cat-gama-aire","7":"product_tag-aire","8":"product_tag-estufas","9":"product_tag-pellets","11":"first","12":"instock","13":"shipping-taxable","14":"product-type-simple"},"acf":[],"yoast_head":"<!-- This site is optimized with the Yoast SEO plugin v27.3 - https:\/\/yoast.com\/product\/yoast-seo-wordpress\/ -->\n<title>Modelo Helen Glass | Ferlux<\/title>\n<meta name=\"description\" content=\"Modelo Helen Glass. Ferlux: m\u00e1s de 28 a\u00f1os dedicados a la fabricaci\u00f3n de aparatos de calefacci\u00f3n.\" \/>\n<meta name=\"robots\" content=\"index, follow, max-snippet:-1, max-image-preview:large, max-video-preview:-1\" \/>\n<link rel=\"canonical\" href=\"https:\/\/ferlux.es\/fr\/produit\/helen-glass\/\" \/>\n<meta property=\"og:locale\" content=\"fr_FR\" \/>\n<meta property=\"og:type\" content=\"article\" \/>\n<meta property=\"og:title\" content=\"Modelo Helen Glass | Ferlux\" \/>\n<meta property=\"og:description\" content=\"Modelo Helen Glass. Ferlux: m\u00e1s de 28 a\u00f1os dedicados a la fabricaci\u00f3n de aparatos de calefacci\u00f3n.\" \/>\n<meta property=\"og:url\" content=\"https:\/\/ferlux.es\/fr\/produit\/helen-glass\/\" \/>\n<meta property=\"og:site_name\" content=\"Ferlux\" \/>\n<meta property=\"article:modified_time\" content=\"2026-02-10T13:32:50+00:00\" \/>\n<meta property=\"og:image\" content=\"https:\/\/ferlux.es\/wp-content\/uploads\/2021\/08\/HELEN-glass-D22.png\" \/>\n\t<meta property=\"og:image:width\" content=\"2000\" \/>\n\t<meta property=\"og:image:height\" content=\"2000\" \/>\n\t<meta property=\"og:image:type\" content=\"image\/png\" \/>\n<meta name=\"twitter:card\" content=\"summary_large_image\" \/>\n<meta name=\"twitter:label1\" content=\"Dur\u00e9e de lecture estim\u00e9e\" \/>\n\t<meta name=\"twitter:data1\" content=\"1 minute\" \/>\n<script type=\"application\/ld+json\" class=\"yoast-schema-graph\">{\"@context\":\"https:\\\/\\\/schema.org\",\"@graph\":[{\"@type\":\"WebPage\",\"@id\":\"https:\\\/\\\/ferlux.es\\\/producto\\\/helen-glass\\\/\",\"url\":\"https:\\\/\\\/ferlux.es\\\/producto\\\/helen-glass\\\/\",\"name\":\"Modelo Helen Glass | Ferlux\",\"isPartOf\":{\"@id\":\"https:\\\/\\\/ferlux.es\\\/fr\\\/#website\"},\"primaryImageOfPage\":{\"@id\":\"https:\\\/\\\/ferlux.es\\\/producto\\\/helen-glass\\\/#primaryimage\"},\"image\":{\"@id\":\"https:\\\/\\\/ferlux.es\\\/producto\\\/helen-glass\\\/#primaryimage\"},\"thumbnailUrl\":\"https:\\\/\\\/ferlux.es\\\/wp-content\\\/uploads\\\/2021\\\/08\\\/HELEN-glass-D22.png\",\"datePublished\":\"2023-07-01T14:57:03+00:00\",\"dateModified\":\"2026-02-10T13:32:50+00:00\",\"description\":\"Modelo Helen Glass. Ferlux: m\u00e1s de 28 a\u00f1os dedicados a la fabricaci\u00f3n de aparatos de calefacci\u00f3n.\",\"breadcrumb\":{\"@id\":\"https:\\\/\\\/ferlux.es\\\/producto\\\/helen-glass\\\/#breadcrumb\"},\"inLanguage\":\"fr-FR\",\"potentialAction\":[{\"@type\":\"ReadAction\",\"target\":[\"https:\\\/\\\/ferlux.es\\\/producto\\\/helen-glass\\\/\"]}]},{\"@type\":\"ImageObject\",\"inLanguage\":\"fr-FR\",\"@id\":\"https:\\\/\\\/ferlux.es\\\/producto\\\/helen-glass\\\/#primaryimage\",\"url\":\"https:\\\/\\\/ferlux.es\\\/wp-content\\\/uploads\\\/2021\\\/08\\\/HELEN-glass-D22.png\",\"contentUrl\":\"https:\\\/\\\/ferlux.es\\\/wp-content\\\/uploads\\\/2021\\\/08\\\/HELEN-glass-D22.png\",\"width\":2000,\"height\":2000},{\"@type\":\"BreadcrumbList\",\"@id\":\"https:\\\/\\\/ferlux.es\\\/producto\\\/helen-glass\\\/#breadcrumb\",\"itemListElement\":[{\"@type\":\"ListItem\",\"position\":1,\"name\":\"Portada\",\"item\":\"https:\\\/\\\/ferlux.es\\\/\"},{\"@type\":\"ListItem\",\"position\":2,\"name\":\"Tienda\",\"item\":\"https:\\\/\\\/ferlux.es\\\/tienda\\\/\"},{\"@type\":\"ListItem\",\"position\":3,\"name\":\"Helen Glass\"}]},{\"@type\":\"WebSite\",\"@id\":\"https:\\\/\\\/ferlux.es\\\/fr\\\/#website\",\"url\":\"https:\\\/\\\/ferlux.es\\\/fr\\\/\",\"name\":\"Ferlux\",\"description\":\"\",\"publisher\":{\"@id\":\"https:\\\/\\\/ferlux.es\\\/fr\\\/#organization\"},\"potentialAction\":[{\"@type\":\"SearchAction\",\"target\":{\"@type\":\"EntryPoint\",\"urlTemplate\":\"https:\\\/\\\/ferlux.es\\\/fr\\\/?s={search_term_string}\"},\"query-input\":{\"@type\":\"PropertyValueSpecification\",\"valueRequired\":true,\"valueName\":\"search_term_string\"}}],\"inLanguage\":\"fr-FR\"},{\"@type\":\"Organization\",\"@id\":\"https:\\\/\\\/ferlux.es\\\/fr\\\/#organization\",\"name\":\"Ferlux\",\"url\":\"https:\\\/\\\/ferlux.es\\\/fr\\\/\",\"logo\":{\"@type\":\"ImageObject\",\"inLanguage\":\"fr-FR\",\"@id\":\"https:\\\/\\\/ferlux.es\\\/fr\\\/#\\\/schema\\\/logo\\\/image\\\/\",\"url\":\"https:\\\/\\\/ferlux.es\\\/wp-content\\\/uploads\\\/2021\\\/07\\\/logo-ferlux.png\",\"contentUrl\":\"https:\\\/\\\/ferlux.es\\\/wp-content\\\/uploads\\\/2021\\\/07\\\/logo-ferlux.png\",\"width\":20835,\"height\":4702,\"caption\":\"Ferlux\"},\"image\":{\"@id\":\"https:\\\/\\\/ferlux.es\\\/fr\\\/#\\\/schema\\\/logo\\\/image\\\/\"}}]}<\/script>\n<!-- \/ Yoast SEO plugin. -->","yoast_head_json":{"title":"Modelo Helen Glass | Ferlux","description":"Modelo Helen Glass. Ferlux: m\u00e1s de 28 a\u00f1os dedicados a la fabricaci\u00f3n de aparatos de calefacci\u00f3n.","robots":{"index":"index","follow":"follow","max-snippet":"max-snippet:-1","max-image-preview":"max-image-preview:large","max-video-preview":"max-video-preview:-1"},"canonical":"https:\/\/ferlux.es\/fr\/produit\/helen-glass\/","og_locale":"fr_FR","og_type":"article","og_title":"Modelo Helen Glass | Ferlux","og_description":"Modelo Helen Glass. Ferlux: m\u00e1s de 28 a\u00f1os dedicados a la fabricaci\u00f3n de aparatos de calefacci\u00f3n.","og_url":"https:\/\/ferlux.es\/fr\/produit\/helen-glass\/","og_site_name":"Ferlux","article_modified_time":"2026-02-10T13:32:50+00:00","og_image":[{"width":2000,"height":2000,"url":"https:\/\/ferlux.es\/wp-content\/uploads\/2021\/08\/HELEN-glass-D22.png","type":"image\/png"}],"twitter_card":"summary_large_image","twitter_misc":{"Dur\u00e9e de lecture estim\u00e9e":"1 minute"},"schema":{"@context":"https:\/\/schema.org","@graph":[{"@type":"WebPage","@id":"https:\/\/ferlux.es\/producto\/helen-glass\/","url":"https:\/\/ferlux.es\/producto\/helen-glass\/","name":"Modelo Helen Glass | Ferlux","isPartOf":{"@id":"https:\/\/ferlux.es\/fr\/#website"},"primaryImageOfPage":{"@id":"https:\/\/ferlux.es\/producto\/helen-glass\/#primaryimage"},"image":{"@id":"https:\/\/ferlux.es\/producto\/helen-glass\/#primaryimage"},"thumbnailUrl":"https:\/\/ferlux.es\/wp-content\/uploads\/2021\/08\/HELEN-glass-D22.png","datePublished":"2023-07-01T14:57:03+00:00","dateModified":"2026-02-10T13:32:50+00:00","description":"Modelo Helen Glass. Ferlux: m\u00e1s de 28 a\u00f1os dedicados a la fabricaci\u00f3n de aparatos de calefacci\u00f3n.","breadcrumb":{"@id":"https:\/\/ferlux.es\/producto\/helen-glass\/#breadcrumb"},"inLanguage":"fr-FR","potentialAction":[{"@type":"ReadAction","target":["https:\/\/ferlux.es\/producto\/helen-glass\/"]}]},{"@type":"ImageObject","inLanguage":"fr-FR","@id":"https:\/\/ferlux.es\/producto\/helen-glass\/#primaryimage","url":"https:\/\/ferlux.es\/wp-content\/uploads\/2021\/08\/HELEN-glass-D22.png","contentUrl":"https:\/\/ferlux.es\/wp-content\/uploads\/2021\/08\/HELEN-glass-D22.png","width":2000,"height":2000},{"@type":"BreadcrumbList","@id":"https:\/\/ferlux.es\/producto\/helen-glass\/#breadcrumb","itemListElement":[{"@type":"ListItem","position":1,"name":"Portada","item":"https:\/\/ferlux.es\/"},{"@type":"ListItem","position":2,"name":"Tienda","item":"https:\/\/ferlux.es\/tienda\/"},{"@type":"ListItem","position":3,"name":"Helen Glass"}]},{"@type":"WebSite","@id":"https:\/\/ferlux.es\/fr\/#website","url":"https:\/\/ferlux.es\/fr\/","name":"Ferlux","description":"","publisher":{"@id":"https:\/\/ferlux.es\/fr\/#organization"},"potentialAction":[{"@type":"SearchAction","target":{"@type":"EntryPoint","urlTemplate":"https:\/\/ferlux.es\/fr\/?s={search_term_string}"},"query-input":{"@type":"PropertyValueSpecification","valueRequired":true,"valueName":"search_term_string"}}],"inLanguage":"fr-FR"},{"@type":"Organization","@id":"https:\/\/ferlux.es\/fr\/#organization","name":"Ferlux","url":"https:\/\/ferlux.es\/fr\/","logo":{"@type":"ImageObject","inLanguage":"fr-FR","@id":"https:\/\/ferlux.es\/fr\/#\/schema\/logo\/image\/","url":"https:\/\/ferlux.es\/wp-content\/uploads\/2021\/07\/logo-ferlux.png","contentUrl":"https:\/\/ferlux.es\/wp-content\/uploads\/2021\/07\/logo-ferlux.png","width":20835,"height":4702,"caption":"Ferlux"},"image":{"@id":"https:\/\/ferlux.es\/fr\/#\/schema\/logo\/image\/"}}]}},"_links":{"self":[{"href":"https:\/\/ferlux.es\/fr\/wp-json\/wp\/v2\/product\/12180","targetHints":{"allow":["GET"]}}],"collection":[{"href":"https:\/\/ferlux.es\/fr\/wp-json\/wp\/v2\/product"}],"about":[{"href":"https:\/\/ferlux.es\/fr\/wp-json\/wp\/v2\/types\/product"}],"version-history":[{"count":45,"href":"https:\/\/ferlux.es\/fr\/wp-json\/wp\/v2\/product\/12180\/revisions"}],"predecessor-version":[{"id":19451,"href":"https:\/\/ferlux.es\/fr\/wp-json\/wp\/v2\/product\/12180\/revisions\/19451"}],"wp:featuredmedia":[{"embeddable":true,"href":"https:\/\/ferlux.es\/fr\/wp-json\/wp\/v2\/media\/13462"}],"wp:attachment":[{"href":"https:\/\/ferlux.es\/fr\/wp-json\/wp\/v2\/media?parent=12180"}],"wp:term":[{"taxonomy":"product_brand","embeddable":true,"href":"https:\/\/ferlux.es\/fr\/wp-json\/wp\/v2\/product_brand?post=12180"},{"taxonomy":"product_cat","embeddable":true,"href":"https:\/\/ferlux.es\/fr\/wp-json\/wp\/v2\/product_cat?post=12180"},{"taxonomy":"product_tag","embeddable":true,"href":"https:\/\/ferlux.es\/fr\/wp-json\/wp\/v2\/product_tag?post=12180"}],"curies":[{"name":"wp","href":"https:\/\/api.w.org\/{rel}","templated":true}]}}