{"id":10747,"date":"2021-02-08T10:26:16","date_gmt":"2021-02-08T10:26:16","guid":{"rendered":"https:\/\/ferlux.es\/?page_id=10747"},"modified":"2026-02-07T12:44:04","modified_gmt":"2026-02-07T12:44:04","slug":"gama-lena","status":"publish","type":"page","link":"https:\/\/ferlux.es\/fr\/gama-lena\/","title":{"rendered":"Serie Le\u00f1a"},"content":{"rendered":"<div data-elementor-type=\"wp-page\" data-elementor-id=\"10747\" class=\"elementor elementor-10747\" data-elementor-post-type=\"page\">\n\t\t\t\t\t\t<section class=\"elementor-section elementor-top-section elementor-element elementor-element-64dea53 elementor-section-boxed elementor-section-height-default elementor-section-height-default\" data-id=\"64dea53\" data-element_type=\"section\" data-e-type=\"section\">\n\t\t\t\t\t\t<div class=\"elementor-container elementor-column-gap-default\">\n\t\t\t\t\t<div class=\"elementor-column elementor-col-100 elementor-top-column elementor-element elementor-element-dc00638\" data-id=\"dc00638\" data-element_type=\"column\" data-e-type=\"column\">\n\t\t\t<div class=\"elementor-widget-wrap elementor-element-populated\">\n\t\t\t\t\t\t<div class=\"elementor-element elementor-element-cfc302e elementor-widget elementor-widget-heading\" data-id=\"cfc302e\" data-element_type=\"widget\" data-e-type=\"widget\" data-widget_type=\"heading.default\">\n\t\t\t\t<div class=\"elementor-widget-container\">\n\t\t\t\t\t<h1 class=\"elementor-heading-title elementor-size-default\">Chimeneas y Estufas de Le\u00f1a<\/h1>\t\t\t\t<\/div>\n\t\t\t\t<\/div>\n\t\t\t\t\t<\/div>\n\t\t<\/div>\n\t\t\t\t\t<\/div>\n\t\t<\/section>\n\t\t\t\t<section class=\"elementor-section elementor-top-section elementor-element elementor-element-b78996c elementor-section-boxed elementor-section-height-default elementor-section-height-default\" data-id=\"b78996c\" data-element_type=\"section\" data-e-type=\"section\">\n\t\t\t\t\t\t<div class=\"elementor-container elementor-column-gap-default\">\n\t\t\t\t\t<div class=\"elementor-column elementor-col-100 elementor-top-column elementor-element elementor-element-571a8bf\" data-id=\"571a8bf\" data-element_type=\"column\" data-e-type=\"column\">\n\t\t\t<div class=\"elementor-widget-wrap elementor-element-populated\">\n\t\t\t\t\t\t<div class=\"elementor-element elementor-element-8f870ab elementor-widget elementor-widget-text-editor\" data-id=\"8f870ab\" data-element_type=\"widget\" data-e-type=\"widget\" data-widget_type=\"text-editor.default\">\n\t\t\t\t<div class=\"elementor-widget-container\">\n\t\t\t\t\t\t\t\t\t<p>Ferlux es tu mejor opci\u00f3n en <strong>estufas de le\u00f1a<\/strong>. Ofrecemos una amplia gama de estufas de alta calidad y eficiencia para calentar tu hogar con estilo. Nuestras estufas de le\u00f1a son ideales para aquellos que buscan una <strong>forma tradicional y ecol\u00f3gica de calentar su hogar<\/strong>. Adem\u00e1s, nuestras estufas son f\u00e1ciles de usar y mantener. Ofrecemos una variedad de dise\u00f1os y tama\u00f1os para adaptarse a cualquier espacio. Si est\u00e1s buscando una forma c\u00f3moda y eficiente de calentar tu hogar, Ferlux es la opci\u00f3n perfecta<\/p>\t\t\t\t\t\t\t\t<\/div>\n\t\t\t\t<\/div>\n\t\t\t\t\t<\/div>\n\t\t<\/div>\n\t\t\t\t\t<\/div>\n\t\t<\/section>\n\t\t\t\t<section class=\"elementor-section elementor-top-section elementor-element elementor-element-6bc6b958 elementor-section-content-top elementor-section-boxed elementor-section-height-default elementor-section-height-default\" data-id=\"6bc6b958\" data-element_type=\"section\" data-e-type=\"section\" id=\"gamas\">\n\t\t\t\t\t\t<div class=\"elementor-container elementor-column-gap-extended\">\n\t\t\t\t\t<div class=\"elementor-column elementor-col-25 elementor-top-column elementor-element elementor-element-c8adbec\" data-id=\"c8adbec\" data-element_type=\"column\" data-e-type=\"column\" data-settings=\"{&quot;background_background&quot;:&quot;classic&quot;}\">\n\t\t\t<div class=\"elementor-widget-wrap elementor-element-populated\">\n\t\t\t\t\t\t<div class=\"elementor-element elementor-element-7b2178b3 elementor-widget elementor-widget-html\" data-id=\"7b2178b3\" data-element_type=\"widget\" data-e-type=\"widget\" data-widget_type=\"html.default\">\n\t\t\t\t<div class=\"elementor-widget-container\">\n\t\t\t\t\t<a class=\"gamas\" href=\"https:\/\/ferlux.es\/fr\/gama-insertables\/\">\t\t\t\t<\/div>\n\t\t\t\t<\/div>\n\t\t\t\t<div class=\"elementor-element elementor-element-8e20bff elementor-widget elementor-widget-heading\" data-id=\"8e20bff\" data-element_type=\"widget\" data-e-type=\"widget\" data-widget_type=\"heading.default\">\n\t\t\t\t<div class=\"elementor-widget-container\">\n\t\t\t\t\t<h2 class=\"elementor-heading-title elementor-size-default\">INSERTABLES<\/h2>\t\t\t\t<\/div>\n\t\t\t\t<\/div>\n\t\t\t\t<div class=\"elementor-element elementor-element-2cb7f7d7 elementor-widget elementor-widget-image\" data-id=\"2cb7f7d7\" data-element_type=\"widget\" data-e-type=\"widget\" data-widget_type=\"image.default\">\n\t\t\t\t<div class=\"elementor-widget-container\">\n\t\t\t\t\t\t\t\t\t\t\t\t\t\t\t<img decoding=\"async\" width=\"150\" height=\"150\" src=\"https:\/\/ferlux.es\/wp-content\/uploads\/2022\/09\/Ambiente-Galaxy-150-x-150.jpg\" class=\"attachment-large size-large wp-image-16375\" alt=\"\" srcset=\"https:\/\/ferlux.es\/wp-content\/uploads\/2022\/09\/Ambiente-Galaxy-150-x-150.jpg 150w, https:\/\/ferlux.es\/wp-content\/uploads\/2022\/09\/Ambiente-Galaxy-150-x-150-12x12.jpg 12w, https:\/\/ferlux.es\/wp-content\/uploads\/2022\/09\/Ambiente-Galaxy-150-x-150-100x100.jpg 100w\" sizes=\"(max-width: 150px) 100vw, 150px\" \/>\t\t\t\t\t\t\t\t\t\t\t\t\t\t\t<\/div>\n\t\t\t\t<\/div>\n\t\t\t\t<div class=\"elementor-element elementor-element-62e9eb9b elementor-widget elementor-widget-html\" data-id=\"62e9eb9b\" data-element_type=\"widget\" data-e-type=\"widget\" data-widget_type=\"html.default\">\n\t\t\t\t<div class=\"elementor-widget-container\">\n\t\t\t\t\t<\/a>\t\t\t\t<\/div>\n\t\t\t\t<\/div>\n\t\t\t\t\t<\/div>\n\t\t<\/div>\n\t\t\t\t<div class=\"elementor-column elementor-col-25 elementor-top-column elementor-element elementor-element-25d0af78\" data-id=\"25d0af78\" data-element_type=\"column\" data-e-type=\"column\" data-settings=\"{&quot;background_background&quot;:&quot;classic&quot;}\">\n\t\t\t<div class=\"elementor-widget-wrap elementor-element-populated\">\n\t\t\t\t\t\t<div class=\"elementor-element elementor-element-3f49a5e2 elementor-widget elementor-widget-html\" data-id=\"3f49a5e2\" data-element_type=\"widget\" data-e-type=\"widget\" data-widget_type=\"html.default\">\n\t\t\t\t<div class=\"elementor-widget-container\">\n\t\t\t\t\t<a class=\"gamas\" href=\"https:\/\/ferlux.es\/fr\/gama-termochimeneas\/\">\t\t\t\t<\/div>\n\t\t\t\t<\/div>\n\t\t\t\t<div class=\"elementor-element elementor-element-1a73706d elementor-widget elementor-widget-heading\" data-id=\"1a73706d\" data-element_type=\"widget\" data-e-type=\"widget\" data-widget_type=\"heading.default\">\n\t\t\t\t<div class=\"elementor-widget-container\">\n\t\t\t\t\t<h2 class=\"elementor-heading-title elementor-size-default\">termochimeneas<\/h2>\t\t\t\t<\/div>\n\t\t\t\t<\/div>\n\t\t\t\t<div class=\"elementor-element elementor-element-1380b849 elementor-widget elementor-widget-image\" data-id=\"1380b849\" data-element_type=\"widget\" data-e-type=\"widget\" data-widget_type=\"image.default\">\n\t\t\t\t<div class=\"elementor-widget-container\">\n\t\t\t\t\t\t\t\t\t\t\t\t\t\t\t<img decoding=\"async\" width=\"150\" height=\"150\" src=\"https:\/\/ferlux.es\/wp-content\/uploads\/2021\/07\/ambiente-K100-MINI-150x150-1.png\" class=\"attachment-thumbnail size-thumbnail wp-image-11201\" alt=\"\" srcset=\"https:\/\/ferlux.es\/wp-content\/uploads\/2021\/07\/ambiente-K100-MINI-150x150-1.png 150w, https:\/\/ferlux.es\/wp-content\/uploads\/2021\/07\/ambiente-K100-MINI-150x150-1-12x12.png 12w, https:\/\/ferlux.es\/wp-content\/uploads\/2021\/07\/ambiente-K100-MINI-150x150-1-100x100.png 100w\" sizes=\"(max-width: 150px) 100vw, 150px\" \/>\t\t\t\t\t\t\t\t\t\t\t\t\t\t\t<\/div>\n\t\t\t\t<\/div>\n\t\t\t\t<div class=\"elementor-element elementor-element-262693a5 elementor-widget elementor-widget-html\" data-id=\"262693a5\" data-element_type=\"widget\" data-e-type=\"widget\" data-widget_type=\"html.default\">\n\t\t\t\t<div class=\"elementor-widget-container\">\n\t\t\t\t\t<\/a>\t\t\t\t<\/div>\n\t\t\t\t<\/div>\n\t\t\t\t\t<\/div>\n\t\t<\/div>\n\t\t\t\t<div class=\"elementor-column elementor-col-25 elementor-top-column elementor-element elementor-element-18bd4e6d\" data-id=\"18bd4e6d\" data-element_type=\"column\" data-e-type=\"column\" data-settings=\"{&quot;background_background&quot;:&quot;classic&quot;}\">\n\t\t\t<div class=\"elementor-widget-wrap elementor-element-populated\">\n\t\t\t\t\t\t<div class=\"elementor-element elementor-element-98da8a5 elementor-widget elementor-widget-html\" data-id=\"98da8a5\" data-element_type=\"widget\" data-e-type=\"widget\" data-widget_type=\"html.default\">\n\t\t\t\t<div class=\"elementor-widget-container\">\n\t\t\t\t\t<a class=\"gamas\" href=\"https:\/\/ferlux.es\/fr\/gama-estufas\/\">\t\t\t\t<\/div>\n\t\t\t\t<\/div>\n\t\t\t\t<div class=\"elementor-element elementor-element-13a9f311 elementor-widget elementor-widget-heading\" data-id=\"13a9f311\" data-element_type=\"widget\" data-e-type=\"widget\" data-widget_type=\"heading.default\">\n\t\t\t\t<div class=\"elementor-widget-container\">\n\t\t\t\t\t<h2 class=\"elementor-heading-title elementor-size-default\">estufas <\/h2>\t\t\t\t<\/div>\n\t\t\t\t<\/div>\n\t\t\t\t<div class=\"elementor-element elementor-element-146585e9 elementor-widget elementor-widget-image\" data-id=\"146585e9\" data-element_type=\"widget\" data-e-type=\"widget\" data-widget_type=\"image.default\">\n\t\t\t\t<div class=\"elementor-widget-container\">\n\t\t\t\t\t\t\t\t\t\t\t\t\t\t\t<img decoding=\"async\" width=\"150\" height=\"150\" src=\"https:\/\/ferlux.es\/wp-content\/uploads\/2026\/02\/PAN903C_SUSPENDIDO_AMBIENTE-150x150.jpg\" class=\"attachment-thumbnail size-thumbnail wp-image-19141\" alt=\"\" srcset=\"https:\/\/ferlux.es\/wp-content\/uploads\/2026\/02\/PAN903C_SUSPENDIDO_AMBIENTE-150x150.jpg 150w, https:\/\/ferlux.es\/wp-content\/uploads\/2026\/02\/PAN903C_SUSPENDIDO_AMBIENTE-300x300.jpg 300w, https:\/\/ferlux.es\/wp-content\/uploads\/2026\/02\/PAN903C_SUSPENDIDO_AMBIENTE-100x100.jpg 100w\" sizes=\"(max-width: 150px) 100vw, 150px\" \/>\t\t\t\t\t\t\t\t\t\t\t\t\t\t\t<\/div>\n\t\t\t\t<\/div>\n\t\t\t\t<div class=\"elementor-element elementor-element-7b89d17e elementor-widget elementor-widget-html\" data-id=\"7b89d17e\" data-element_type=\"widget\" data-e-type=\"widget\" data-widget_type=\"html.default\">\n\t\t\t\t<div class=\"elementor-widget-container\">\n\t\t\t\t\t<\/a>\t\t\t\t<\/div>\n\t\t\t\t<\/div>\n\t\t\t\t\t<\/div>\n\t\t<\/div>\n\t\t\t\t<div class=\"elementor-column elementor-col-25 elementor-top-column elementor-element elementor-element-6e2b68f9\" data-id=\"6e2b68f9\" data-element_type=\"column\" data-e-type=\"column\" data-settings=\"{&quot;background_background&quot;:&quot;classic&quot;}\">\n\t\t\t<div class=\"elementor-widget-wrap elementor-element-populated\">\n\t\t\t\t\t\t<div class=\"elementor-element elementor-element-39c9321d elementor-widget elementor-widget-html\" data-id=\"39c9321d\" data-element_type=\"widget\" data-e-type=\"widget\" data-widget_type=\"html.default\">\n\t\t\t\t<div class=\"elementor-widget-container\">\n\t\t\t\t\t<a class=\"gamas\" href=\"https:\/\/ferlux.es\/fr\/chimeneas-con-horno\/\">\t\t\t\t<\/div>\n\t\t\t\t<\/div>\n\t\t\t\t<div class=\"elementor-element elementor-element-4a8fb980 elementor-widget elementor-widget-heading\" data-id=\"4a8fb980\" data-element_type=\"widget\" data-e-type=\"widget\" data-widget_type=\"heading.default\">\n\t\t\t\t<div class=\"elementor-widget-container\">\n\t\t\t\t\t<h2 class=\"elementor-heading-title elementor-size-default\">Chemin\u00e9es avec four<\/h2>\t\t\t\t<\/div>\n\t\t\t\t<\/div>\n\t\t\t\t<div class=\"elementor-element elementor-element-3d377fa1 elementor-widget elementor-widget-image\" data-id=\"3d377fa1\" data-element_type=\"widget\" data-e-type=\"widget\" data-widget_type=\"image.default\">\n\t\t\t\t<div class=\"elementor-widget-container\">\n\t\t\t\t\t\t\t\t\t\t\t\t\t\t\t<img loading=\"lazy\" decoding=\"async\" width=\"150\" height=\"150\" src=\"https:\/\/ferlux.es\/wp-content\/uploads\/2022\/05\/Ambiente-Forno-encastrado-150-x-150.jpg\" class=\"attachment-large size-large wp-image-15930\" alt=\"\" srcset=\"https:\/\/ferlux.es\/wp-content\/uploads\/2022\/05\/Ambiente-Forno-encastrado-150-x-150.jpg 150w, https:\/\/ferlux.es\/wp-content\/uploads\/2022\/05\/Ambiente-Forno-encastrado-150-x-150-12x12.jpg 12w, https:\/\/ferlux.es\/wp-content\/uploads\/2022\/05\/Ambiente-Forno-encastrado-150-x-150-100x100.jpg 100w\" sizes=\"(max-width: 150px) 100vw, 150px\" \/>\t\t\t\t\t\t\t\t\t\t\t\t\t\t\t<\/div>\n\t\t\t\t<\/div>\n\t\t\t\t<div class=\"elementor-element elementor-element-7d802334 elementor-widget elementor-widget-html\" data-id=\"7d802334\" data-element_type=\"widget\" data-e-type=\"widget\" data-widget_type=\"html.default\">\n\t\t\t\t<div class=\"elementor-widget-container\">\n\t\t\t\t\t<\/a>\t\t\t\t<\/div>\n\t\t\t\t<\/div>\n\t\t\t\t\t<\/div>\n\t\t<\/div>\n\t\t\t\t\t<\/div>\n\t\t<\/section>\n\t\t\t\t<\/div>","protected":false},"excerpt":{"rendered":"<p>Chimeneas y Estufas de Le\u00f1a Ferlux es tu mejor opci\u00f3n en estufas de le\u00f1a. Ofrecemos una amplia gama de estufas de alta calidad y eficiencia para calentar tu hogar con estilo. Nuestras estufas de le\u00f1a son ideales para aquellos que buscan una forma tradicional y ecol\u00f3gica de calentar su hogar. Adem\u00e1s, nuestras estufas son f\u00e1ciles [&hellip;]<\/p>\n","protected":false},"author":1,"featured_media":0,"parent":0,"menu_order":0,"comment_status":"closed","ping_status":"closed","template":"","meta":{"_acf_changed":false,"footnotes":""},"class_list":["post-10747","page","type-page","status-publish","hentry"],"acf":[],"yoast_head":"<!-- This site is optimized with the Yoast SEO plugin v27.3 - https:\/\/yoast.com\/product\/yoast-seo-wordpress\/ -->\n<title>\u25b7 Estufas y chimeneas de Le\u00f1a - Ferlux<\/title>\n<meta name=\"description\" content=\"Nuestra completa gama de estufas y chimeneas de le\u00f1a. Entra y visita nuestro a amplio cat\u00e1logo.\" \/>\n<meta name=\"robots\" content=\"index, follow, max-snippet:-1, max-image-preview:large, max-video-preview:-1\" \/>\n<link rel=\"canonical\" href=\"https:\/\/ferlux.es\/fr\/gama-lena\/\" \/>\n<meta property=\"og:locale\" content=\"fr_FR\" \/>\n<meta property=\"og:type\" content=\"article\" \/>\n<meta property=\"og:title\" content=\"\u25b7 Estufas y chimeneas de Le\u00f1a - Ferlux\" \/>\n<meta property=\"og:description\" content=\"Nuestra completa gama de estufas y chimeneas de le\u00f1a. Entra y visita nuestro a amplio cat\u00e1logo.\" \/>\n<meta property=\"og:url\" content=\"https:\/\/ferlux.es\/fr\/gama-lena\/\" \/>\n<meta property=\"og:site_name\" content=\"Ferlux\" \/>\n<meta property=\"article:modified_time\" content=\"2026-02-07T12:44:04+00:00\" \/>\n<meta property=\"og:image\" content=\"https:\/\/ferlux.es\/wp-content\/uploads\/2022\/09\/Ambiente-Galaxy-150-x-150.jpg\" \/>\n\t<meta property=\"og:image:width\" content=\"150\" \/>\n\t<meta property=\"og:image:height\" content=\"150\" \/>\n\t<meta property=\"og:image:type\" content=\"image\/jpeg\" \/>\n<meta name=\"twitter:card\" content=\"summary_large_image\" \/>\n<meta name=\"twitter:label1\" content=\"Dur\u00e9e de lecture estim\u00e9e\" \/>\n\t<meta name=\"twitter:data1\" content=\"2 minutes\" \/>\n<script type=\"application\/ld+json\" class=\"yoast-schema-graph\">{\"@context\":\"https:\\\/\\\/schema.org\",\"@graph\":[{\"@type\":\"WebPage\",\"@id\":\"https:\\\/\\\/ferlux.es\\\/gama-lena\\\/\",\"url\":\"https:\\\/\\\/ferlux.es\\\/gama-lena\\\/\",\"name\":\"\u25b7 Estufas y chimeneas de Le\u00f1a - Ferlux\",\"isPartOf\":{\"@id\":\"https:\\\/\\\/ferlux.es\\\/fr\\\/#website\"},\"primaryImageOfPage\":{\"@id\":\"https:\\\/\\\/ferlux.es\\\/gama-lena\\\/#primaryimage\"},\"image\":{\"@id\":\"https:\\\/\\\/ferlux.es\\\/gama-lena\\\/#primaryimage\"},\"thumbnailUrl\":\"https:\\\/\\\/ferlux.es\\\/wp-content\\\/uploads\\\/2022\\\/09\\\/Ambiente-Galaxy-150-x-150.jpg\",\"datePublished\":\"2021-02-08T10:26:16+00:00\",\"dateModified\":\"2026-02-07T12:44:04+00:00\",\"description\":\"Nuestra completa gama de estufas y chimeneas de le\u00f1a. Entra y visita nuestro a amplio cat\u00e1logo.\",\"breadcrumb\":{\"@id\":\"https:\\\/\\\/ferlux.es\\\/gama-lena\\\/#breadcrumb\"},\"inLanguage\":\"fr-FR\",\"potentialAction\":[{\"@type\":\"ReadAction\",\"target\":[\"https:\\\/\\\/ferlux.es\\\/gama-lena\\\/\"]}]},{\"@type\":\"ImageObject\",\"inLanguage\":\"fr-FR\",\"@id\":\"https:\\\/\\\/ferlux.es\\\/gama-lena\\\/#primaryimage\",\"url\":\"https:\\\/\\\/ferlux.es\\\/wp-content\\\/uploads\\\/2022\\\/09\\\/Ambiente-Galaxy-150-x-150.jpg\",\"contentUrl\":\"https:\\\/\\\/ferlux.es\\\/wp-content\\\/uploads\\\/2022\\\/09\\\/Ambiente-Galaxy-150-x-150.jpg\"},{\"@type\":\"BreadcrumbList\",\"@id\":\"https:\\\/\\\/ferlux.es\\\/gama-lena\\\/#breadcrumb\",\"itemListElement\":[{\"@type\":\"ListItem\",\"position\":1,\"name\":\"Portada\",\"item\":\"https:\\\/\\\/ferlux.es\\\/\"},{\"@type\":\"ListItem\",\"position\":2,\"name\":\"Serie Le\u00f1a\"}]},{\"@type\":\"WebSite\",\"@id\":\"https:\\\/\\\/ferlux.es\\\/fr\\\/#website\",\"url\":\"https:\\\/\\\/ferlux.es\\\/fr\\\/\",\"name\":\"Ferlux\",\"description\":\"\",\"publisher\":{\"@id\":\"https:\\\/\\\/ferlux.es\\\/fr\\\/#organization\"},\"potentialAction\":[{\"@type\":\"SearchAction\",\"target\":{\"@type\":\"EntryPoint\",\"urlTemplate\":\"https:\\\/\\\/ferlux.es\\\/fr\\\/?s={search_term_string}\"},\"query-input\":{\"@type\":\"PropertyValueSpecification\",\"valueRequired\":true,\"valueName\":\"search_term_string\"}}],\"inLanguage\":\"fr-FR\"},{\"@type\":\"Organization\",\"@id\":\"https:\\\/\\\/ferlux.es\\\/fr\\\/#organization\",\"name\":\"Ferlux\",\"url\":\"https:\\\/\\\/ferlux.es\\\/fr\\\/\",\"logo\":{\"@type\":\"ImageObject\",\"inLanguage\":\"fr-FR\",\"@id\":\"https:\\\/\\\/ferlux.es\\\/fr\\\/#\\\/schema\\\/logo\\\/image\\\/\",\"url\":\"https:\\\/\\\/ferlux.es\\\/wp-content\\\/uploads\\\/2021\\\/07\\\/logo-ferlux.png\",\"contentUrl\":\"https:\\\/\\\/ferlux.es\\\/wp-content\\\/uploads\\\/2021\\\/07\\\/logo-ferlux.png\",\"width\":20835,\"height\":4702,\"caption\":\"Ferlux\"},\"image\":{\"@id\":\"https:\\\/\\\/ferlux.es\\\/fr\\\/#\\\/schema\\\/logo\\\/image\\\/\"}}]}<\/script>\n<!-- \/ Yoast SEO plugin. -->","yoast_head_json":{"title":"\u25b7 Estufas y chimeneas de Le\u00f1a - Ferlux","description":"Nuestra completa gama de estufas y chimeneas de le\u00f1a. Entra y visita nuestro a amplio cat\u00e1logo.","robots":{"index":"index","follow":"follow","max-snippet":"max-snippet:-1","max-image-preview":"max-image-preview:large","max-video-preview":"max-video-preview:-1"},"canonical":"https:\/\/ferlux.es\/fr\/gama-lena\/","og_locale":"fr_FR","og_type":"article","og_title":"\u25b7 Estufas y chimeneas de Le\u00f1a - Ferlux","og_description":"Nuestra completa gama de estufas y chimeneas de le\u00f1a. Entra y visita nuestro a amplio cat\u00e1logo.","og_url":"https:\/\/ferlux.es\/fr\/gama-lena\/","og_site_name":"Ferlux","article_modified_time":"2026-02-07T12:44:04+00:00","og_image":[{"width":150,"height":150,"url":"https:\/\/ferlux.es\/wp-content\/uploads\/2022\/09\/Ambiente-Galaxy-150-x-150.jpg","type":"image\/jpeg"}],"twitter_card":"summary_large_image","twitter_misc":{"Dur\u00e9e de lecture estim\u00e9e":"2 minutes"},"schema":{"@context":"https:\/\/schema.org","@graph":[{"@type":"WebPage","@id":"https:\/\/ferlux.es\/gama-lena\/","url":"https:\/\/ferlux.es\/gama-lena\/","name":"\u25b7 Estufas y chimeneas de Le\u00f1a - Ferlux","isPartOf":{"@id":"https:\/\/ferlux.es\/fr\/#website"},"primaryImageOfPage":{"@id":"https:\/\/ferlux.es\/gama-lena\/#primaryimage"},"image":{"@id":"https:\/\/ferlux.es\/gama-lena\/#primaryimage"},"thumbnailUrl":"https:\/\/ferlux.es\/wp-content\/uploads\/2022\/09\/Ambiente-Galaxy-150-x-150.jpg","datePublished":"2021-02-08T10:26:16+00:00","dateModified":"2026-02-07T12:44:04+00:00","description":"Nuestra completa gama de estufas y chimeneas de le\u00f1a. Entra y visita nuestro a amplio cat\u00e1logo.","breadcrumb":{"@id":"https:\/\/ferlux.es\/gama-lena\/#breadcrumb"},"inLanguage":"fr-FR","potentialAction":[{"@type":"ReadAction","target":["https:\/\/ferlux.es\/gama-lena\/"]}]},{"@type":"ImageObject","inLanguage":"fr-FR","@id":"https:\/\/ferlux.es\/gama-lena\/#primaryimage","url":"https:\/\/ferlux.es\/wp-content\/uploads\/2022\/09\/Ambiente-Galaxy-150-x-150.jpg","contentUrl":"https:\/\/ferlux.es\/wp-content\/uploads\/2022\/09\/Ambiente-Galaxy-150-x-150.jpg"},{"@type":"BreadcrumbList","@id":"https:\/\/ferlux.es\/gama-lena\/#breadcrumb","itemListElement":[{"@type":"ListItem","position":1,"name":"Portada","item":"https:\/\/ferlux.es\/"},{"@type":"ListItem","position":2,"name":"Serie Le\u00f1a"}]},{"@type":"WebSite","@id":"https:\/\/ferlux.es\/fr\/#website","url":"https:\/\/ferlux.es\/fr\/","name":"Ferlux","description":"","publisher":{"@id":"https:\/\/ferlux.es\/fr\/#organization"},"potentialAction":[{"@type":"SearchAction","target":{"@type":"EntryPoint","urlTemplate":"https:\/\/ferlux.es\/fr\/?s={search_term_string}"},"query-input":{"@type":"PropertyValueSpecification","valueRequired":true,"valueName":"search_term_string"}}],"inLanguage":"fr-FR"},{"@type":"Organization","@id":"https:\/\/ferlux.es\/fr\/#organization","name":"Ferlux","url":"https:\/\/ferlux.es\/fr\/","logo":{"@type":"ImageObject","inLanguage":"fr-FR","@id":"https:\/\/ferlux.es\/fr\/#\/schema\/logo\/image\/","url":"https:\/\/ferlux.es\/wp-content\/uploads\/2021\/07\/logo-ferlux.png","contentUrl":"https:\/\/ferlux.es\/wp-content\/uploads\/2021\/07\/logo-ferlux.png","width":20835,"height":4702,"caption":"Ferlux"},"image":{"@id":"https:\/\/ferlux.es\/fr\/#\/schema\/logo\/image\/"}}]}},"_links":{"self":[{"href":"https:\/\/ferlux.es\/fr\/wp-json\/wp\/v2\/pages\/10747","targetHints":{"allow":["GET"]}}],"collection":[{"href":"https:\/\/ferlux.es\/fr\/wp-json\/wp\/v2\/pages"}],"about":[{"href":"https:\/\/ferlux.es\/fr\/wp-json\/wp\/v2\/types\/page"}],"author":[{"embeddable":true,"href":"https:\/\/ferlux.es\/fr\/wp-json\/wp\/v2\/users\/1"}],"replies":[{"embeddable":true,"href":"https:\/\/ferlux.es\/fr\/wp-json\/wp\/v2\/comments?post=10747"}],"version-history":[{"count":156,"href":"https:\/\/ferlux.es\/fr\/wp-json\/wp\/v2\/pages\/10747\/revisions"}],"predecessor-version":[{"id":19189,"href":"https:\/\/ferlux.es\/fr\/wp-json\/wp\/v2\/pages\/10747\/revisions\/19189"}],"wp:attachment":[{"href":"https:\/\/ferlux.es\/fr\/wp-json\/wp\/v2\/media?parent=10747"}],"curies":[{"name":"wp","href":"https:\/\/api.w.org\/{rel}","templated":true}]}}