{"id":19345,"date":"2026-02-10T09:12:48","date_gmt":"2026-02-10T09:12:48","guid":{"rendered":"https:\/\/ferlux.es\/?post_type=product&#038;p=19345"},"modified":"2026-03-21T15:48:53","modified_gmt":"2026-03-21T15:48:53","slug":"termochimenea-k-100-escamoteable-copia","status":"publish","type":"product","link":"https:\/\/ferlux.es\/en\/product\/termochimenea-k-100-escamoteable-copia\/","title":{"rendered":"K-100 Termochimenea Puerta Escamoteable"},"content":{"rendered":"<div data-elementor-type=\"product-post\" data-elementor-id=\"19345\" class=\"elementor elementor-19345\" data-elementor-post-type=\"product\">\n\t\t\t\t\t\t<section class=\"elementor-section elementor-top-section elementor-element elementor-element-167cbffc elementor-section-boxed elementor-section-height-default elementor-section-height-default\" data-id=\"167cbffc\" data-element_type=\"section\" data-e-type=\"section\">\n\t\t\t\t\t\t<div class=\"elementor-container elementor-column-gap-default\">\n\t\t\t\t\t<div class=\"elementor-column elementor-col-100 elementor-top-column elementor-element elementor-element-2e4db968\" data-id=\"2e4db968\" data-element_type=\"column\" data-e-type=\"column\">\n\t\t\t<div class=\"elementor-widget-wrap elementor-element-populated\">\n\t\t\t\t\t\t<div class=\"elementor-element elementor-element-16747ca4 elementor-tabs-view-horizontal elementor-widget elementor-widget-tabs\" data-id=\"16747ca4\" data-element_type=\"widget\" data-e-type=\"widget\" data-widget_type=\"tabs.default\">\n\t\t\t\t<div class=\"elementor-widget-container\">\n\t\t\t\t\t\t\t<div class=\"elementor-tabs\">\n\t\t\t<div class=\"elementor-tabs-wrapper\" role=\"tablist\" >\n\t\t\t\t\t\t\t\t\t<div id=\"elementor-tab-title-3761\" class=\"elementor-tab-title elementor-tab-desktop-title\" aria-selected=\"true\" data-tab=\"1\" role=\"tab\" tabindex=\"0\" aria-controls=\"elementor-tab-content-3761\" aria-expanded=\"false\">Manual<\/div>\n\t\t\t\t\t\t\t\t\t<div id=\"elementor-tab-title-3762\" class=\"elementor-tab-title elementor-tab-desktop-title\" aria-selected=\"false\" data-tab=\"2\" role=\"tab\" tabindex=\"-1\" aria-controls=\"elementor-tab-content-3762\" aria-expanded=\"false\">Ficha T\u00e9cnica<\/div>\n\t\t\t\t\t\t\t\t\t<div id=\"elementor-tab-title-3763\" class=\"elementor-tab-title elementor-tab-desktop-title\" aria-selected=\"false\" data-tab=\"3\" role=\"tab\" tabindex=\"-1\" aria-controls=\"elementor-tab-content-3763\" aria-expanded=\"false\">Ecodesign<\/div>\n\t\t\t\t\t\t\t\t\t<div id=\"elementor-tab-title-3764\" class=\"elementor-tab-title elementor-tab-desktop-title\" aria-selected=\"false\" data-tab=\"4\" role=\"tab\" tabindex=\"-1\" aria-controls=\"elementor-tab-content-3764\" aria-expanded=\"false\">D.O.P<\/div>\n\t\t\t\t\t\t\t\t\t<div id=\"elementor-tab-title-3765\" class=\"elementor-tab-title elementor-tab-desktop-title\" aria-selected=\"false\" data-tab=\"5\" role=\"tab\" tabindex=\"-1\" aria-controls=\"elementor-tab-content-3765\" aria-expanded=\"false\">Energy Label<\/div>\n\t\t\t\t\t\t\t<\/div>\n\t\t\t<div class=\"elementor-tabs-content-wrapper\" role=\"tablist\" aria-orientation=\"vertical\">\n\t\t\t\t\t\t\t\t\t<div class=\"elementor-tab-title elementor-tab-mobile-title\" aria-selected=\"true\" data-tab=\"1\" role=\"tab\" tabindex=\"0\" aria-controls=\"elementor-tab-content-3761\" aria-expanded=\"false\">Manual<\/div>\n\t\t\t\t\t<div id=\"elementor-tab-content-3761\" class=\"elementor-tab-content elementor-clearfix\" data-tab=\"1\" role=\"tabpanel\" aria-labelledby=\"elementor-tab-title-3761\" tabindex=\"0\" hidden=\"false\"><ul><li><a href=\"https:\/\/ferlux.es\/wp-content\/uploads\/2022\/10\/Manual-TERMOCHIMENEAS-Ferlux-R02-ES-FR-PT-EN.pdf\">Manual K-100<\/a><\/li><\/ul><\/div>\n\t\t\t\t\t\t\t\t\t<div class=\"elementor-tab-title elementor-tab-mobile-title\" aria-selected=\"false\" data-tab=\"2\" role=\"tab\" tabindex=\"-1\" aria-controls=\"elementor-tab-content-3762\" aria-expanded=\"false\">Ficha T\u00e9cnica<\/div>\n\t\t\t\t\t<div id=\"elementor-tab-content-3762\" class=\"elementor-tab-content elementor-clearfix\" data-tab=\"2\" role=\"tabpanel\" aria-labelledby=\"elementor-tab-title-3762\" tabindex=\"0\" hidden=\"hidden\"><ul><li><a href=\"https:\/\/ferlux.es\/wp-content\/uploads\/2022\/10\/Ficha-tecnica-K100-R01-ES.pdf\">Ficha t\u00e9cnica K-100<\/a><\/li><\/ul><\/div>\n\t\t\t\t\t\t\t\t\t<div class=\"elementor-tab-title elementor-tab-mobile-title\" aria-selected=\"false\" data-tab=\"3\" role=\"tab\" tabindex=\"-1\" aria-controls=\"elementor-tab-content-3763\" aria-expanded=\"false\">Ecodesign<\/div>\n\t\t\t\t\t<div id=\"elementor-tab-content-3763\" class=\"elementor-tab-content elementor-clearfix\" data-tab=\"3\" role=\"tabpanel\" aria-labelledby=\"elementor-tab-title-3763\" tabindex=\"0\" hidden=\"hidden\"><ul><li><a href=\"https:\/\/ferlux.es\/wp-content\/uploads\/2022\/10\/EcoDesign-FERLUX-K100-R01.pdf\">Ecodesign K-100<\/a><\/li><\/ul><\/div>\n\t\t\t\t\t\t\t\t\t<div class=\"elementor-tab-title elementor-tab-mobile-title\" aria-selected=\"false\" data-tab=\"4\" role=\"tab\" tabindex=\"-1\" aria-controls=\"elementor-tab-content-3764\" aria-expanded=\"false\">D.O.P<\/div>\n\t\t\t\t\t<div id=\"elementor-tab-content-3764\" class=\"elementor-tab-content elementor-clearfix\" data-tab=\"4\" role=\"tabpanel\" aria-labelledby=\"elementor-tab-title-3764\" tabindex=\"0\" hidden=\"hidden\"><ul><li><a href=\"https:\/\/ferlux.es\/wp-content\/uploads\/2022\/10\/Declaracion-de-Prestaciones-FERLUX-CPD-TC-K100-R02-ES.pdf\">D.O.P K-100<\/a><\/li><\/ul><\/div>\n\t\t\t\t\t\t\t\t\t<div class=\"elementor-tab-title elementor-tab-mobile-title\" aria-selected=\"false\" data-tab=\"5\" role=\"tab\" tabindex=\"-1\" aria-controls=\"elementor-tab-content-3765\" aria-expanded=\"false\">Energy Label<\/div>\n\t\t\t\t\t<div id=\"elementor-tab-content-3765\" class=\"elementor-tab-content elementor-clearfix\" data-tab=\"5\" role=\"tabpanel\" aria-labelledby=\"elementor-tab-title-3765\" tabindex=\"0\" hidden=\"hidden\"><ul><li><a href=\"https:\/\/ferlux.es\/wp-content\/uploads\/2022\/10\/ETIQUETA-ENERGETICA-K100.pdf\">EEE K-100<\/a><\/li><\/ul><\/div>\n\t\t\t\t\t\t\t<\/div>\n\t\t<\/div>\n\t\t\t\t\t\t<\/div>\n\t\t\t\t<\/div>\n\t\t\t\t\t<\/div>\n\t\t<\/div>\n\t\t\t\t\t<\/div>\n\t\t<\/section>\n\t\t\t\t<\/div>","protected":false},"excerpt":{"rendered":"<ul id=\"product-list\">\n<li>Puerta Escamoteable<\/li>\n<li>Carbon steel block with water heating system<\/li>\n<li>Clean glass system<\/li>\n<li>Primary and secondary air control<\/li>\n<li>Adjustable in height<\/li>\n<li>Cristal negro serigrafiado<\/li>\n<li>Marco serie de 4 lados de 40mm<\/li>\n<\/ul>","protected":false},"featured_media":19336,"template":"","meta":{"_acf_changed":false},"product_brand":[],"product_cat":[446,421],"product_tag":[149,128,150],"class_list":{"0":"post-19345","1":"product","2":"type-product","3":"status-publish","4":"has-post-thumbnail","6":"product_cat-novedades","7":"product_cat-termochimeneas","8":"product_tag-agua","9":"product_tag-chimeneas","10":"product_tag-hidrochimeneas","12":"first","13":"instock","14":"shipping-taxable","15":"product-type-simple"},"acf":[],"yoast_head":"<!-- This site is optimized with the Yoast SEO plugin v27.3 - https:\/\/yoast.com\/product\/yoast-seo-wordpress\/ -->\n<title>Termochimenea Modelo K-100 Escamoteable| Ferlux<\/title>\n<meta name=\"description\" content=\"Termochimenea Modelo K-100. Ferlux: m\u00e1s de 28 a\u00f1os dedicados a la fabricaci\u00f3n de aparatos de calefacci\u00f3n.\" \/>\n<meta name=\"robots\" content=\"index, follow, max-snippet:-1, max-image-preview:large, max-video-preview:-1\" \/>\n<link rel=\"canonical\" href=\"https:\/\/ferlux.es\/en\/product\/termochimenea-k-100-escamoteable-copia\/\" \/>\n<meta property=\"og:locale\" content=\"en_GB\" \/>\n<meta property=\"og:type\" content=\"article\" \/>\n<meta property=\"og:title\" content=\"Termochimenea Modelo K-100 Escamoteable| Ferlux\" \/>\n<meta property=\"og:description\" content=\"Termochimenea Modelo K-100. Ferlux: m\u00e1s de 28 a\u00f1os dedicados a la fabricaci\u00f3n de aparatos de calefacci\u00f3n.\" \/>\n<meta property=\"og:url\" content=\"https:\/\/ferlux.es\/en\/product\/termochimenea-k-100-escamoteable-copia\/\" \/>\n<meta property=\"og:site_name\" content=\"Ferlux\" \/>\n<meta property=\"article:modified_time\" content=\"2026-03-21T15:48:53+00:00\" \/>\n<meta property=\"og:image\" content=\"https:\/\/ferlux.es\/wp-content\/uploads\/2026\/02\/K100-ESCAMOTEABLE-scaled.jpg\" \/>\n\t<meta property=\"og:image:width\" content=\"2061\" \/>\n\t<meta property=\"og:image:height\" content=\"2560\" \/>\n\t<meta property=\"og:image:type\" content=\"image\/jpeg\" \/>\n<meta name=\"twitter:card\" content=\"summary_large_image\" \/>\n<meta name=\"twitter:label1\" content=\"Estimated reading time\" \/>\n\t<meta name=\"twitter:data1\" content=\"1 minute\" \/>\n<script type=\"application\/ld+json\" class=\"yoast-schema-graph\">{\"@context\":\"https:\\\/\\\/schema.org\",\"@graph\":[{\"@type\":\"WebPage\",\"@id\":\"https:\\\/\\\/ferlux.es\\\/producto\\\/termochimenea-k-100-escamoteable-copia\\\/\",\"url\":\"https:\\\/\\\/ferlux.es\\\/producto\\\/termochimenea-k-100-escamoteable-copia\\\/\",\"name\":\"Termochimenea Modelo K-100 Escamoteable| Ferlux\",\"isPartOf\":{\"@id\":\"https:\\\/\\\/ferlux.es\\\/fr\\\/#website\"},\"primaryImageOfPage\":{\"@id\":\"https:\\\/\\\/ferlux.es\\\/producto\\\/termochimenea-k-100-escamoteable-copia\\\/#primaryimage\"},\"image\":{\"@id\":\"https:\\\/\\\/ferlux.es\\\/producto\\\/termochimenea-k-100-escamoteable-copia\\\/#primaryimage\"},\"thumbnailUrl\":\"https:\\\/\\\/ferlux.es\\\/wp-content\\\/uploads\\\/2026\\\/02\\\/K100-ESCAMOTEABLE-scaled.jpg\",\"datePublished\":\"2026-02-10T09:12:48+00:00\",\"dateModified\":\"2026-03-21T15:48:53+00:00\",\"description\":\"Termochimenea Modelo K-100. Ferlux: m\u00e1s de 28 a\u00f1os dedicados a la fabricaci\u00f3n de aparatos de calefacci\u00f3n.\",\"breadcrumb\":{\"@id\":\"https:\\\/\\\/ferlux.es\\\/producto\\\/termochimenea-k-100-escamoteable-copia\\\/#breadcrumb\"},\"inLanguage\":\"en-GB\",\"potentialAction\":[{\"@type\":\"ReadAction\",\"target\":[\"https:\\\/\\\/ferlux.es\\\/producto\\\/termochimenea-k-100-escamoteable-copia\\\/\"]}]},{\"@type\":\"ImageObject\",\"inLanguage\":\"en-GB\",\"@id\":\"https:\\\/\\\/ferlux.es\\\/producto\\\/termochimenea-k-100-escamoteable-copia\\\/#primaryimage\",\"url\":\"https:\\\/\\\/ferlux.es\\\/wp-content\\\/uploads\\\/2026\\\/02\\\/K100-ESCAMOTEABLE-scaled.jpg\",\"contentUrl\":\"https:\\\/\\\/ferlux.es\\\/wp-content\\\/uploads\\\/2026\\\/02\\\/K100-ESCAMOTEABLE-scaled.jpg\",\"width\":2061,\"height\":2560},{\"@type\":\"BreadcrumbList\",\"@id\":\"https:\\\/\\\/ferlux.es\\\/producto\\\/termochimenea-k-100-escamoteable-copia\\\/#breadcrumb\",\"itemListElement\":[{\"@type\":\"ListItem\",\"position\":1,\"name\":\"Portada\",\"item\":\"https:\\\/\\\/ferlux.es\\\/\"},{\"@type\":\"ListItem\",\"position\":2,\"name\":\"Tienda\",\"item\":\"https:\\\/\\\/ferlux.es\\\/tienda\\\/\"},{\"@type\":\"ListItem\",\"position\":3,\"name\":\"K-100 Termochimenea Puerta Escamoteable\"}]},{\"@type\":\"WebSite\",\"@id\":\"https:\\\/\\\/ferlux.es\\\/fr\\\/#website\",\"url\":\"https:\\\/\\\/ferlux.es\\\/fr\\\/\",\"name\":\"Ferlux\",\"description\":\"\",\"publisher\":{\"@id\":\"https:\\\/\\\/ferlux.es\\\/fr\\\/#organization\"},\"potentialAction\":[{\"@type\":\"SearchAction\",\"target\":{\"@type\":\"EntryPoint\",\"urlTemplate\":\"https:\\\/\\\/ferlux.es\\\/fr\\\/?s={search_term_string}\"},\"query-input\":{\"@type\":\"PropertyValueSpecification\",\"valueRequired\":true,\"valueName\":\"search_term_string\"}}],\"inLanguage\":\"en-GB\"},{\"@type\":\"Organization\",\"@id\":\"https:\\\/\\\/ferlux.es\\\/fr\\\/#organization\",\"name\":\"Ferlux\",\"url\":\"https:\\\/\\\/ferlux.es\\\/fr\\\/\",\"logo\":{\"@type\":\"ImageObject\",\"inLanguage\":\"en-GB\",\"@id\":\"https:\\\/\\\/ferlux.es\\\/fr\\\/#\\\/schema\\\/logo\\\/image\\\/\",\"url\":\"https:\\\/\\\/ferlux.es\\\/wp-content\\\/uploads\\\/2021\\\/07\\\/logo-ferlux.png\",\"contentUrl\":\"https:\\\/\\\/ferlux.es\\\/wp-content\\\/uploads\\\/2021\\\/07\\\/logo-ferlux.png\",\"width\":20835,\"height\":4702,\"caption\":\"Ferlux\"},\"image\":{\"@id\":\"https:\\\/\\\/ferlux.es\\\/fr\\\/#\\\/schema\\\/logo\\\/image\\\/\"}}]}<\/script>\n<!-- \/ Yoast SEO plugin. -->","yoast_head_json":{"title":"Termochimenea Modelo K-100 Escamoteable| Ferlux","description":"Termochimenea Modelo K-100. Ferlux: m\u00e1s de 28 a\u00f1os dedicados a la fabricaci\u00f3n de aparatos de calefacci\u00f3n.","robots":{"index":"index","follow":"follow","max-snippet":"max-snippet:-1","max-image-preview":"max-image-preview:large","max-video-preview":"max-video-preview:-1"},"canonical":"https:\/\/ferlux.es\/en\/product\/termochimenea-k-100-escamoteable-copia\/","og_locale":"en_GB","og_type":"article","og_title":"Termochimenea Modelo K-100 Escamoteable| Ferlux","og_description":"Termochimenea Modelo K-100. Ferlux: m\u00e1s de 28 a\u00f1os dedicados a la fabricaci\u00f3n de aparatos de calefacci\u00f3n.","og_url":"https:\/\/ferlux.es\/en\/product\/termochimenea-k-100-escamoteable-copia\/","og_site_name":"Ferlux","article_modified_time":"2026-03-21T15:48:53+00:00","og_image":[{"width":2061,"height":2560,"url":"https:\/\/ferlux.es\/wp-content\/uploads\/2026\/02\/K100-ESCAMOTEABLE-scaled.jpg","type":"image\/jpeg"}],"twitter_card":"summary_large_image","twitter_misc":{"Estimated reading time":"1 minute"},"schema":{"@context":"https:\/\/schema.org","@graph":[{"@type":"WebPage","@id":"https:\/\/ferlux.es\/producto\/termochimenea-k-100-escamoteable-copia\/","url":"https:\/\/ferlux.es\/producto\/termochimenea-k-100-escamoteable-copia\/","name":"Termochimenea Modelo K-100 Escamoteable| Ferlux","isPartOf":{"@id":"https:\/\/ferlux.es\/fr\/#website"},"primaryImageOfPage":{"@id":"https:\/\/ferlux.es\/producto\/termochimenea-k-100-escamoteable-copia\/#primaryimage"},"image":{"@id":"https:\/\/ferlux.es\/producto\/termochimenea-k-100-escamoteable-copia\/#primaryimage"},"thumbnailUrl":"https:\/\/ferlux.es\/wp-content\/uploads\/2026\/02\/K100-ESCAMOTEABLE-scaled.jpg","datePublished":"2026-02-10T09:12:48+00:00","dateModified":"2026-03-21T15:48:53+00:00","description":"Termochimenea Modelo K-100. Ferlux: m\u00e1s de 28 a\u00f1os dedicados a la fabricaci\u00f3n de aparatos de calefacci\u00f3n.","breadcrumb":{"@id":"https:\/\/ferlux.es\/producto\/termochimenea-k-100-escamoteable-copia\/#breadcrumb"},"inLanguage":"en-GB","potentialAction":[{"@type":"ReadAction","target":["https:\/\/ferlux.es\/producto\/termochimenea-k-100-escamoteable-copia\/"]}]},{"@type":"ImageObject","inLanguage":"en-GB","@id":"https:\/\/ferlux.es\/producto\/termochimenea-k-100-escamoteable-copia\/#primaryimage","url":"https:\/\/ferlux.es\/wp-content\/uploads\/2026\/02\/K100-ESCAMOTEABLE-scaled.jpg","contentUrl":"https:\/\/ferlux.es\/wp-content\/uploads\/2026\/02\/K100-ESCAMOTEABLE-scaled.jpg","width":2061,"height":2560},{"@type":"BreadcrumbList","@id":"https:\/\/ferlux.es\/producto\/termochimenea-k-100-escamoteable-copia\/#breadcrumb","itemListElement":[{"@type":"ListItem","position":1,"name":"Portada","item":"https:\/\/ferlux.es\/"},{"@type":"ListItem","position":2,"name":"Tienda","item":"https:\/\/ferlux.es\/tienda\/"},{"@type":"ListItem","position":3,"name":"K-100 Termochimenea Puerta Escamoteable"}]},{"@type":"WebSite","@id":"https:\/\/ferlux.es\/fr\/#website","url":"https:\/\/ferlux.es\/fr\/","name":"Ferlux","description":"","publisher":{"@id":"https:\/\/ferlux.es\/fr\/#organization"},"potentialAction":[{"@type":"SearchAction","target":{"@type":"EntryPoint","urlTemplate":"https:\/\/ferlux.es\/fr\/?s={search_term_string}"},"query-input":{"@type":"PropertyValueSpecification","valueRequired":true,"valueName":"search_term_string"}}],"inLanguage":"en-GB"},{"@type":"Organization","@id":"https:\/\/ferlux.es\/fr\/#organization","name":"Ferlux","url":"https:\/\/ferlux.es\/fr\/","logo":{"@type":"ImageObject","inLanguage":"en-GB","@id":"https:\/\/ferlux.es\/fr\/#\/schema\/logo\/image\/","url":"https:\/\/ferlux.es\/wp-content\/uploads\/2021\/07\/logo-ferlux.png","contentUrl":"https:\/\/ferlux.es\/wp-content\/uploads\/2021\/07\/logo-ferlux.png","width":20835,"height":4702,"caption":"Ferlux"},"image":{"@id":"https:\/\/ferlux.es\/fr\/#\/schema\/logo\/image\/"}}]}},"_links":{"self":[{"href":"https:\/\/ferlux.es\/en\/wp-json\/wp\/v2\/product\/19345","targetHints":{"allow":["GET"]}}],"collection":[{"href":"https:\/\/ferlux.es\/en\/wp-json\/wp\/v2\/product"}],"about":[{"href":"https:\/\/ferlux.es\/en\/wp-json\/wp\/v2\/types\/product"}],"version-history":[{"count":2,"href":"https:\/\/ferlux.es\/en\/wp-json\/wp\/v2\/product\/19345\/revisions"}],"predecessor-version":[{"id":19578,"href":"https:\/\/ferlux.es\/en\/wp-json\/wp\/v2\/product\/19345\/revisions\/19578"}],"wp:featuredmedia":[{"embeddable":true,"href":"https:\/\/ferlux.es\/en\/wp-json\/wp\/v2\/media\/19336"}],"wp:attachment":[{"href":"https:\/\/ferlux.es\/en\/wp-json\/wp\/v2\/media?parent=19345"}],"wp:term":[{"taxonomy":"product_brand","embeddable":true,"href":"https:\/\/ferlux.es\/en\/wp-json\/wp\/v2\/product_brand?post=19345"},{"taxonomy":"product_cat","embeddable":true,"href":"https:\/\/ferlux.es\/en\/wp-json\/wp\/v2\/product_cat?post=19345"},{"taxonomy":"product_tag","embeddable":true,"href":"https:\/\/ferlux.es\/en\/wp-json\/wp\/v2\/product_tag?post=19345"}],"curies":[{"name":"wp","href":"https:\/\/api.w.org\/{rel}","templated":true}]}}