{"id":18259,"date":"2024-09-13T12:36:29","date_gmt":"2024-09-13T12:36:29","guid":{"rendered":"https:\/\/ferlux.es\/?post_type=product&#038;p=18259"},"modified":"2026-03-21T15:42:36","modified_gmt":"2026-03-21T15:42:36","slug":"odin-acabado-en-piedra","status":"publish","type":"product","link":"https:\/\/ferlux.es\/en\/product\/odin-acabado-en-piedra\/","title":{"rendered":"ODIN acabado en Piedra"},"content":{"rendered":"<div data-elementor-type=\"product-post\" data-elementor-id=\"18259\" class=\"elementor elementor-18259\" data-elementor-post-type=\"product\">\n\t\t\t\t\t\t<section class=\"elementor-section elementor-top-section elementor-element elementor-element-a8f6e6d elementor-section-boxed elementor-section-height-default elementor-section-height-default\" data-id=\"a8f6e6d\" data-element_type=\"section\" data-e-type=\"section\">\n\t\t\t\t\t\t<div class=\"elementor-container elementor-column-gap-default\">\n\t\t\t\t\t<div class=\"elementor-column elementor-col-100 elementor-top-column elementor-element elementor-element-a8ba109\" data-id=\"a8ba109\" data-element_type=\"column\" data-e-type=\"column\">\n\t\t\t<div class=\"elementor-widget-wrap elementor-element-populated\">\n\t\t\t\t\t\t<div class=\"elementor-element elementor-element-4ad4c09 elementor-tabs-view-horizontal elementor-widget elementor-widget-tabs\" data-id=\"4ad4c09\" data-element_type=\"widget\" data-e-type=\"widget\" data-widget_type=\"tabs.default\">\n\t\t\t\t<div class=\"elementor-widget-container\">\n\t\t\t\t\t\t\t<div class=\"elementor-tabs\">\n\t\t\t<div class=\"elementor-tabs-wrapper\" role=\"tablist\" >\n\t\t\t\t\t\t\t\t\t<div id=\"elementor-tab-title-7841\" class=\"elementor-tab-title elementor-tab-desktop-title\" aria-selected=\"true\" data-tab=\"1\" role=\"tab\" tabindex=\"0\" aria-controls=\"elementor-tab-content-7841\" aria-expanded=\"false\">Manual <\/div>\n\t\t\t\t\t\t\t\t\t<div id=\"elementor-tab-title-7842\" class=\"elementor-tab-title elementor-tab-desktop-title\" aria-selected=\"false\" data-tab=\"2\" role=\"tab\" tabindex=\"-1\" aria-controls=\"elementor-tab-content-7842\" aria-expanded=\"false\">Technical Data<\/div>\n\t\t\t\t\t\t\t\t\t<div id=\"elementor-tab-title-7843\" class=\"elementor-tab-title elementor-tab-desktop-title\" aria-selected=\"false\" data-tab=\"3\" role=\"tab\" tabindex=\"-1\" aria-controls=\"elementor-tab-content-7843\" aria-expanded=\"false\">Declaraci\u00f3n de prestaciones<\/div>\n\t\t\t\t\t\t\t\t\t<div id=\"elementor-tab-title-7844\" class=\"elementor-tab-title elementor-tab-desktop-title\" aria-selected=\"false\" data-tab=\"4\" role=\"tab\" tabindex=\"-1\" aria-controls=\"elementor-tab-content-7844\" aria-expanded=\"false\">Ecodise\u00f1o<\/div>\n\t\t\t\t\t\t\t<\/div>\n\t\t\t<div class=\"elementor-tabs-content-wrapper\" role=\"tablist\" aria-orientation=\"vertical\">\n\t\t\t\t\t\t\t\t\t<div class=\"elementor-tab-title elementor-tab-mobile-title\" aria-selected=\"true\" data-tab=\"1\" role=\"tab\" tabindex=\"0\" aria-controls=\"elementor-tab-content-7841\" aria-expanded=\"false\">Manual <\/div>\n\t\t\t\t\t<div id=\"elementor-tab-content-7841\" class=\"elementor-tab-content elementor-clearfix\" data-tab=\"1\" role=\"tabpanel\" aria-labelledby=\"elementor-tab-title-7841\" tabindex=\"0\" hidden=\"false\"><ul><li><a href=\"https:\/\/ferlux.es\/wp-content\/uploads\/2024\/09\/ODIN6.pdf\">Manual 6 Kw<\/a><\/li><li><a href=\"https:\/\/ferlux.es\/wp-content\/uploads\/2024\/09\/Odin8.pdf\">Manual 8 Kw<\/a><\/li><li><a href=\"https:\/\/ferlux.es\/wp-content\/uploads\/2024\/09\/Odin10.pdf\">Manual 10 Kw<\/a><\/li><\/ul><\/div>\n\t\t\t\t\t\t\t\t\t<div class=\"elementor-tab-title elementor-tab-mobile-title\" aria-selected=\"false\" data-tab=\"2\" role=\"tab\" tabindex=\"-1\" aria-controls=\"elementor-tab-content-7842\" aria-expanded=\"false\">Technical Data<\/div>\n\t\t\t\t\t<div id=\"elementor-tab-content-7842\" class=\"elementor-tab-content elementor-clearfix\" data-tab=\"2\" role=\"tabpanel\" aria-labelledby=\"elementor-tab-title-7842\" tabindex=\"0\" hidden=\"hidden\"><ul><li><a href=\"https:\/\/ferlux.es\/wp-content\/uploads\/2026\/03\/FT-Odin10.pdf\">Ficha T\u00e9cnica Odin 10 kw<\/a><\/li><li><a href=\"https:\/\/ferlux.es\/wp-content\/uploads\/2026\/03\/FT-Odin-8.pdf\">Ficha T\u00e9cnica Odin 8 Kw<\/a><\/li><li><a href=\"https:\/\/ferlux.es\/wp-content\/uploads\/2026\/03\/FT-Odin-6.pdf\">Ficha T\u00e9cnica Odin 6 Kw<\/a><\/li><\/ul><\/div>\n\t\t\t\t\t\t\t\t\t<div class=\"elementor-tab-title elementor-tab-mobile-title\" aria-selected=\"false\" data-tab=\"3\" role=\"tab\" tabindex=\"-1\" aria-controls=\"elementor-tab-content-7843\" aria-expanded=\"false\">Declaraci\u00f3n de prestaciones<\/div>\n\t\t\t\t\t<div id=\"elementor-tab-content-7843\" class=\"elementor-tab-content elementor-clearfix\" data-tab=\"3\" role=\"tabpanel\" aria-labelledby=\"elementor-tab-title-7843\" tabindex=\"0\" hidden=\"hidden\"><ul><li><a href=\"https:\/\/ferlux.es\/wp-content\/uploads\/2026\/03\/Declaracion-de-Prestaciones-FERLUX-CPD-EP-ODIN-10.pdf\">Declarac. Prestaciones Odin 10 Kw<\/a><\/li><li><a href=\"https:\/\/ferlux.es\/wp-content\/uploads\/2026\/03\/Declaracion-de-Prestaciones-FERLUX-CPD-EP-ODIN-8.pdf\">Declarac. Prestaciones Odin 8 Kw<\/a><\/li><li><a href=\"https:\/\/ferlux.es\/wp-content\/uploads\/2026\/03\/Declaracion-de-Prestaciones-FERLUX-CPD-EP-ODIN-6.pdf\">Declarac. Prestaciones Odin 6 Kw<\/a><\/li><\/ul><\/div>\n\t\t\t\t\t\t\t\t\t<div class=\"elementor-tab-title elementor-tab-mobile-title\" aria-selected=\"false\" data-tab=\"4\" role=\"tab\" tabindex=\"-1\" aria-controls=\"elementor-tab-content-7844\" aria-expanded=\"false\">Ecodise\u00f1o<\/div>\n\t\t\t\t\t<div id=\"elementor-tab-content-7844\" class=\"elementor-tab-content elementor-clearfix\" data-tab=\"4\" role=\"tabpanel\" aria-labelledby=\"elementor-tab-title-7844\" tabindex=\"0\" hidden=\"hidden\"><ul><li><a href=\"https:\/\/ferlux.es\/wp-content\/uploads\/2026\/03\/D.O.P-Ecodiseno-Odin-10.pdf\">Ecodise\u00f1o Odin 10 Kw<\/a><\/li><li><a href=\"https:\/\/ferlux.es\/wp-content\/uploads\/2026\/03\/D.O.P-Ecodiseno-Odin-8.pdf\">Ecodise\u00f1o Odin 8 Kw<\/a><\/li><li><a href=\"https:\/\/ferlux.es\/wp-content\/uploads\/2026\/03\/D.O.P-Ecodiseno-Odin-6.pdf\">Ecodise\u00f1o Odin 6 Kw<\/a><\/li><\/ul><\/div>\n\t\t\t\t\t\t\t<\/div>\n\t\t<\/div>\n\t\t\t\t\t\t<\/div>\n\t\t\t\t<\/div>\n\t\t\t\t\t<\/div>\n\t\t<\/div>\n\t\t\t\t\t<\/div>\n\t\t<\/section>\n\t\t\t\t<\/div>","protected":false},"excerpt":{"rendered":"<ul>\n<li>Sistema Confortlux<\/li>\n<li>AIRSILENCE sistema silencioso<\/li>\n<li>Programas diario, semanal y fin de semana<\/li>\n<li>Vermiculita en el interior<\/li>\n<li>Quemador hierro fundido<\/li>\n<li>Intercambiador de calor<\/li>\n<li>Mando a distancia incluido<\/li>\n<li>Estufa de pellets ideal para sitios con poca altura.<\/li>\n<li>Posibilidad de carga superior y frontal<\/li>\n<li>2 acabado en Piedra Gris o Oxido<\/li>\n<li><a href=\"https:\/\/ferlux.es\/en\/product\/kit-salida-humos-mod-b\/\">Opcional : Kit B salida vertical<\/a><\/li>\n<li><a href=\"https:\/\/ferlux.es\/en\/product\/4-heat\/\">Opcional : Kit WIFI Pinkey<\/a><\/li>\n<li><a href=\"https:\/\/ferlux.es\/en\/product\/monilite\/\">Opcional : Monolite<\/a><\/li>\n<\/ul>","protected":false},"featured_media":18228,"template":"","meta":{"_acf_changed":false},"product_brand":[],"product_cat":[403],"product_tag":[],"class_list":{"0":"post-18259","1":"product","2":"type-product","3":"status-publish","4":"has-post-thumbnail","6":"product_cat-gama-aire","8":"first","9":"instock","10":"shipping-taxable","11":"product-type-simple"},"acf":[],"yoast_head":"<!-- This site is optimized with the Yoast SEO plugin v27.3 - https:\/\/yoast.com\/product\/yoast-seo-wordpress\/ -->\n<title>Modelo ODIN acabado en Piedra | Ferlux<\/title>\n<meta name=\"description\" content=\"Modelo ODIN acabado en Piedra. Ferlux: m\u00e1s de 28 a\u00f1os dedicados a la fabricaci\u00f3n de aparatos de calefacci\u00f3n.\" \/>\n<meta name=\"robots\" content=\"index, follow, max-snippet:-1, max-image-preview:large, max-video-preview:-1\" \/>\n<link rel=\"canonical\" href=\"https:\/\/ferlux.es\/en\/product\/odin-acabado-en-piedra\/\" \/>\n<meta property=\"og:locale\" content=\"en_GB\" \/>\n<meta property=\"og:type\" content=\"article\" \/>\n<meta property=\"og:title\" content=\"Modelo ODIN acabado en Piedra | Ferlux\" \/>\n<meta property=\"og:description\" content=\"Modelo ODIN acabado en Piedra. Ferlux: m\u00e1s de 28 a\u00f1os dedicados a la fabricaci\u00f3n de aparatos de calefacci\u00f3n.\" \/>\n<meta property=\"og:url\" content=\"https:\/\/ferlux.es\/en\/product\/odin-acabado-en-piedra\/\" \/>\n<meta property=\"og:site_name\" content=\"Ferlux\" \/>\n<meta property=\"article:modified_time\" content=\"2026-03-21T15:42:36+00:00\" \/>\n<meta property=\"og:image\" content=\"https:\/\/ferlux.es\/wp-content\/uploads\/2024\/09\/ODIN_Piedra_oxido-removebg-preview.png\" \/>\n\t<meta property=\"og:image:width\" content=\"482\" \/>\n\t<meta property=\"og:image:height\" content=\"517\" \/>\n\t<meta property=\"og:image:type\" content=\"image\/png\" \/>\n<meta name=\"twitter:card\" content=\"summary_large_image\" \/>\n<script type=\"application\/ld+json\" class=\"yoast-schema-graph\">{\"@context\":\"https:\\\/\\\/schema.org\",\"@graph\":[{\"@type\":\"WebPage\",\"@id\":\"https:\\\/\\\/ferlux.es\\\/producto\\\/odin-acabado-en-piedra\\\/\",\"url\":\"https:\\\/\\\/ferlux.es\\\/producto\\\/odin-acabado-en-piedra\\\/\",\"name\":\"Modelo ODIN acabado en Piedra | Ferlux\",\"isPartOf\":{\"@id\":\"https:\\\/\\\/ferlux.es\\\/fr\\\/#website\"},\"primaryImageOfPage\":{\"@id\":\"https:\\\/\\\/ferlux.es\\\/producto\\\/odin-acabado-en-piedra\\\/#primaryimage\"},\"image\":{\"@id\":\"https:\\\/\\\/ferlux.es\\\/producto\\\/odin-acabado-en-piedra\\\/#primaryimage\"},\"thumbnailUrl\":\"https:\\\/\\\/ferlux.es\\\/wp-content\\\/uploads\\\/2024\\\/09\\\/ODIN_Piedra_oxido-removebg-preview.png\",\"datePublished\":\"2024-09-13T12:36:29+00:00\",\"dateModified\":\"2026-03-21T15:42:36+00:00\",\"description\":\"Modelo ODIN acabado en Piedra. Ferlux: m\u00e1s de 28 a\u00f1os dedicados a la fabricaci\u00f3n de aparatos de calefacci\u00f3n.\",\"breadcrumb\":{\"@id\":\"https:\\\/\\\/ferlux.es\\\/producto\\\/odin-acabado-en-piedra\\\/#breadcrumb\"},\"inLanguage\":\"en-GB\",\"potentialAction\":[{\"@type\":\"ReadAction\",\"target\":[\"https:\\\/\\\/ferlux.es\\\/producto\\\/odin-acabado-en-piedra\\\/\"]}]},{\"@type\":\"ImageObject\",\"inLanguage\":\"en-GB\",\"@id\":\"https:\\\/\\\/ferlux.es\\\/producto\\\/odin-acabado-en-piedra\\\/#primaryimage\",\"url\":\"https:\\\/\\\/ferlux.es\\\/wp-content\\\/uploads\\\/2024\\\/09\\\/ODIN_Piedra_oxido-removebg-preview.png\",\"contentUrl\":\"https:\\\/\\\/ferlux.es\\\/wp-content\\\/uploads\\\/2024\\\/09\\\/ODIN_Piedra_oxido-removebg-preview.png\",\"width\":482,\"height\":517},{\"@type\":\"BreadcrumbList\",\"@id\":\"https:\\\/\\\/ferlux.es\\\/producto\\\/odin-acabado-en-piedra\\\/#breadcrumb\",\"itemListElement\":[{\"@type\":\"ListItem\",\"position\":1,\"name\":\"Portada\",\"item\":\"https:\\\/\\\/ferlux.es\\\/\"},{\"@type\":\"ListItem\",\"position\":2,\"name\":\"Tienda\",\"item\":\"https:\\\/\\\/ferlux.es\\\/tienda\\\/\"},{\"@type\":\"ListItem\",\"position\":3,\"name\":\"ODIN acabado en Piedra\"}]},{\"@type\":\"WebSite\",\"@id\":\"https:\\\/\\\/ferlux.es\\\/fr\\\/#website\",\"url\":\"https:\\\/\\\/ferlux.es\\\/fr\\\/\",\"name\":\"Ferlux\",\"description\":\"\",\"publisher\":{\"@id\":\"https:\\\/\\\/ferlux.es\\\/fr\\\/#organization\"},\"potentialAction\":[{\"@type\":\"SearchAction\",\"target\":{\"@type\":\"EntryPoint\",\"urlTemplate\":\"https:\\\/\\\/ferlux.es\\\/fr\\\/?s={search_term_string}\"},\"query-input\":{\"@type\":\"PropertyValueSpecification\",\"valueRequired\":true,\"valueName\":\"search_term_string\"}}],\"inLanguage\":\"en-GB\"},{\"@type\":\"Organization\",\"@id\":\"https:\\\/\\\/ferlux.es\\\/fr\\\/#organization\",\"name\":\"Ferlux\",\"url\":\"https:\\\/\\\/ferlux.es\\\/fr\\\/\",\"logo\":{\"@type\":\"ImageObject\",\"inLanguage\":\"en-GB\",\"@id\":\"https:\\\/\\\/ferlux.es\\\/fr\\\/#\\\/schema\\\/logo\\\/image\\\/\",\"url\":\"https:\\\/\\\/ferlux.es\\\/wp-content\\\/uploads\\\/2021\\\/07\\\/logo-ferlux.png\",\"contentUrl\":\"https:\\\/\\\/ferlux.es\\\/wp-content\\\/uploads\\\/2021\\\/07\\\/logo-ferlux.png\",\"width\":20835,\"height\":4702,\"caption\":\"Ferlux\"},\"image\":{\"@id\":\"https:\\\/\\\/ferlux.es\\\/fr\\\/#\\\/schema\\\/logo\\\/image\\\/\"}}]}<\/script>\n<!-- \/ Yoast SEO plugin. -->","yoast_head_json":{"title":"Modelo ODIN acabado en Piedra | Ferlux","description":"Modelo ODIN acabado en Piedra. Ferlux: m\u00e1s de 28 a\u00f1os dedicados a la fabricaci\u00f3n de aparatos de calefacci\u00f3n.","robots":{"index":"index","follow":"follow","max-snippet":"max-snippet:-1","max-image-preview":"max-image-preview:large","max-video-preview":"max-video-preview:-1"},"canonical":"https:\/\/ferlux.es\/en\/product\/odin-acabado-en-piedra\/","og_locale":"en_GB","og_type":"article","og_title":"Modelo ODIN acabado en Piedra | Ferlux","og_description":"Modelo ODIN acabado en Piedra. Ferlux: m\u00e1s de 28 a\u00f1os dedicados a la fabricaci\u00f3n de aparatos de calefacci\u00f3n.","og_url":"https:\/\/ferlux.es\/en\/product\/odin-acabado-en-piedra\/","og_site_name":"Ferlux","article_modified_time":"2026-03-21T15:42:36+00:00","og_image":[{"width":482,"height":517,"url":"https:\/\/ferlux.es\/wp-content\/uploads\/2024\/09\/ODIN_Piedra_oxido-removebg-preview.png","type":"image\/png"}],"twitter_card":"summary_large_image","schema":{"@context":"https:\/\/schema.org","@graph":[{"@type":"WebPage","@id":"https:\/\/ferlux.es\/producto\/odin-acabado-en-piedra\/","url":"https:\/\/ferlux.es\/producto\/odin-acabado-en-piedra\/","name":"Modelo ODIN acabado en Piedra | Ferlux","isPartOf":{"@id":"https:\/\/ferlux.es\/fr\/#website"},"primaryImageOfPage":{"@id":"https:\/\/ferlux.es\/producto\/odin-acabado-en-piedra\/#primaryimage"},"image":{"@id":"https:\/\/ferlux.es\/producto\/odin-acabado-en-piedra\/#primaryimage"},"thumbnailUrl":"https:\/\/ferlux.es\/wp-content\/uploads\/2024\/09\/ODIN_Piedra_oxido-removebg-preview.png","datePublished":"2024-09-13T12:36:29+00:00","dateModified":"2026-03-21T15:42:36+00:00","description":"Modelo ODIN acabado en Piedra. Ferlux: m\u00e1s de 28 a\u00f1os dedicados a la fabricaci\u00f3n de aparatos de calefacci\u00f3n.","breadcrumb":{"@id":"https:\/\/ferlux.es\/producto\/odin-acabado-en-piedra\/#breadcrumb"},"inLanguage":"en-GB","potentialAction":[{"@type":"ReadAction","target":["https:\/\/ferlux.es\/producto\/odin-acabado-en-piedra\/"]}]},{"@type":"ImageObject","inLanguage":"en-GB","@id":"https:\/\/ferlux.es\/producto\/odin-acabado-en-piedra\/#primaryimage","url":"https:\/\/ferlux.es\/wp-content\/uploads\/2024\/09\/ODIN_Piedra_oxido-removebg-preview.png","contentUrl":"https:\/\/ferlux.es\/wp-content\/uploads\/2024\/09\/ODIN_Piedra_oxido-removebg-preview.png","width":482,"height":517},{"@type":"BreadcrumbList","@id":"https:\/\/ferlux.es\/producto\/odin-acabado-en-piedra\/#breadcrumb","itemListElement":[{"@type":"ListItem","position":1,"name":"Portada","item":"https:\/\/ferlux.es\/"},{"@type":"ListItem","position":2,"name":"Tienda","item":"https:\/\/ferlux.es\/tienda\/"},{"@type":"ListItem","position":3,"name":"ODIN acabado en Piedra"}]},{"@type":"WebSite","@id":"https:\/\/ferlux.es\/fr\/#website","url":"https:\/\/ferlux.es\/fr\/","name":"Ferlux","description":"","publisher":{"@id":"https:\/\/ferlux.es\/fr\/#organization"},"potentialAction":[{"@type":"SearchAction","target":{"@type":"EntryPoint","urlTemplate":"https:\/\/ferlux.es\/fr\/?s={search_term_string}"},"query-input":{"@type":"PropertyValueSpecification","valueRequired":true,"valueName":"search_term_string"}}],"inLanguage":"en-GB"},{"@type":"Organization","@id":"https:\/\/ferlux.es\/fr\/#organization","name":"Ferlux","url":"https:\/\/ferlux.es\/fr\/","logo":{"@type":"ImageObject","inLanguage":"en-GB","@id":"https:\/\/ferlux.es\/fr\/#\/schema\/logo\/image\/","url":"https:\/\/ferlux.es\/wp-content\/uploads\/2021\/07\/logo-ferlux.png","contentUrl":"https:\/\/ferlux.es\/wp-content\/uploads\/2021\/07\/logo-ferlux.png","width":20835,"height":4702,"caption":"Ferlux"},"image":{"@id":"https:\/\/ferlux.es\/fr\/#\/schema\/logo\/image\/"}}]}},"_links":{"self":[{"href":"https:\/\/ferlux.es\/en\/wp-json\/wp\/v2\/product\/18259","targetHints":{"allow":["GET"]}}],"collection":[{"href":"https:\/\/ferlux.es\/en\/wp-json\/wp\/v2\/product"}],"about":[{"href":"https:\/\/ferlux.es\/en\/wp-json\/wp\/v2\/types\/product"}],"version-history":[{"count":14,"href":"https:\/\/ferlux.es\/en\/wp-json\/wp\/v2\/product\/18259\/revisions"}],"predecessor-version":[{"id":19576,"href":"https:\/\/ferlux.es\/en\/wp-json\/wp\/v2\/product\/18259\/revisions\/19576"}],"wp:featuredmedia":[{"embeddable":true,"href":"https:\/\/ferlux.es\/en\/wp-json\/wp\/v2\/media\/18228"}],"wp:attachment":[{"href":"https:\/\/ferlux.es\/en\/wp-json\/wp\/v2\/media?parent=18259"}],"wp:term":[{"taxonomy":"product_brand","embeddable":true,"href":"https:\/\/ferlux.es\/en\/wp-json\/wp\/v2\/product_brand?post=18259"},{"taxonomy":"product_cat","embeddable":true,"href":"https:\/\/ferlux.es\/en\/wp-json\/wp\/v2\/product_cat?post=18259"},{"taxonomy":"product_tag","embeddable":true,"href":"https:\/\/ferlux.es\/en\/wp-json\/wp\/v2\/product_tag?post=18259"}],"curies":[{"name":"wp","href":"https:\/\/api.w.org\/{rel}","templated":true}]}}