{"id":12480,"date":"2021-08-03T07:59:33","date_gmt":"2021-08-03T07:59:33","guid":{"rendered":"https:\/\/citysem.net\/ferlux\/?post_type=product&#038;p=12480"},"modified":"2026-02-10T14:00:28","modified_gmt":"2026-02-10T14:00:28","slug":"maia","status":"publish","type":"product","link":"https:\/\/ferlux.es\/en\/product\/maia\/","title":{"rendered":"Maia"},"content":{"rendered":"<div data-elementor-type=\"product-post\" data-elementor-id=\"12480\" class=\"elementor elementor-12480\" data-elementor-post-type=\"product\">\n\t\t\t\t\t\t<section class=\"elementor-section elementor-top-section elementor-element elementor-element-5f4393dd elementor-section-boxed elementor-section-height-default elementor-section-height-default\" data-id=\"5f4393dd\" data-element_type=\"section\" data-e-type=\"section\">\n\t\t\t\t\t\t<div class=\"elementor-container elementor-column-gap-default\">\n\t\t\t\t\t<div class=\"elementor-column elementor-col-100 elementor-top-column elementor-element elementor-element-53fdd8f4\" data-id=\"53fdd8f4\" data-element_type=\"column\" data-e-type=\"column\">\n\t\t\t<div class=\"elementor-widget-wrap elementor-element-populated\">\n\t\t\t\t\t\t<div class=\"elementor-element elementor-element-1f15be5d elementor-tabs-view-horizontal elementor-widget elementor-widget-tabs\" data-id=\"1f15be5d\" data-element_type=\"widget\" data-e-type=\"widget\" data-widget_type=\"tabs.default\">\n\t\t\t\t<div class=\"elementor-widget-container\">\n\t\t\t\t\t\t\t<div class=\"elementor-tabs\">\n\t\t\t<div class=\"elementor-tabs-wrapper\" role=\"tablist\" >\n\t\t\t\t\t\t\t\t\t<div id=\"elementor-tab-title-5211\" class=\"elementor-tab-title elementor-tab-desktop-title\" aria-selected=\"true\" data-tab=\"1\" role=\"tab\" tabindex=\"0\" aria-controls=\"elementor-tab-content-5211\" aria-expanded=\"false\">Manual <\/div>\n\t\t\t\t\t\t\t\t\t<div id=\"elementor-tab-title-5212\" class=\"elementor-tab-title elementor-tab-desktop-title\" aria-selected=\"false\" data-tab=\"2\" role=\"tab\" tabindex=\"-1\" aria-controls=\"elementor-tab-content-5212\" aria-expanded=\"false\">Technical Data<\/div>\n\t\t\t\t\t\t\t\t\t<div id=\"elementor-tab-title-5213\" class=\"elementor-tab-title elementor-tab-desktop-title\" aria-selected=\"false\" data-tab=\"3\" role=\"tab\" tabindex=\"-1\" aria-controls=\"elementor-tab-content-5213\" aria-expanded=\"false\">Ecodesign<\/div>\n\t\t\t\t\t\t\t\t\t<div id=\"elementor-tab-title-5214\" class=\"elementor-tab-title elementor-tab-desktop-title\" aria-selected=\"false\" data-tab=\"4\" role=\"tab\" tabindex=\"-1\" aria-controls=\"elementor-tab-content-5214\" aria-expanded=\"false\">D.O.P<\/div>\n\t\t\t\t\t\t\t\t\t<div id=\"elementor-tab-title-5215\" class=\"elementor-tab-title elementor-tab-desktop-title\" aria-selected=\"false\" data-tab=\"5\" role=\"tab\" tabindex=\"-1\" aria-controls=\"elementor-tab-content-5215\" aria-expanded=\"false\">Energy Label<\/div>\n\t\t\t\t\t\t\t\t\t<div id=\"elementor-tab-title-5216\" class=\"elementor-tab-title elementor-tab-desktop-title\" aria-selected=\"false\" data-tab=\"6\" role=\"tab\" tabindex=\"-1\" aria-controls=\"elementor-tab-content-5216\" aria-expanded=\"false\">Short Report<\/div>\n\t\t\t\t\t\t\t<\/div>\n\t\t\t<div class=\"elementor-tabs-content-wrapper\" role=\"tablist\" aria-orientation=\"vertical\">\n\t\t\t\t\t\t\t\t\t<div class=\"elementor-tab-title elementor-tab-mobile-title\" aria-selected=\"true\" data-tab=\"1\" role=\"tab\" tabindex=\"0\" aria-controls=\"elementor-tab-content-5211\" aria-expanded=\"false\">Manual <\/div>\n\t\t\t\t\t<div id=\"elementor-tab-content-5211\" class=\"elementor-tab-content elementor-clearfix\" data-tab=\"1\" role=\"tabpanel\" aria-labelledby=\"elementor-tab-title-5211\" tabindex=\"0\" hidden=\"false\"><ul><li><a href=\"https:\/\/ferlux.es\/wp-content\/uploads\/2022\/03\/MANUAL-GAMA-AIRE-ferlux-espanol.pdf\">Manual aire espa\u00f1ol<\/a><\/li><li><a href=\"https:\/\/ferlux.es\/wp-content\/uploads\/2022\/03\/MANUAL-GAMA-AIRE-ferlux-danes.pdf\">Manual aire dan\u00e9s<\/a><\/li><li><a href=\"https:\/\/ferlux.es\/wp-content\/uploads\/2022\/03\/MANUAL-GAMA-AIRE-ferlux-frances.pdf\">Manual aire franc\u00e9s<\/a><\/li><li><a href=\"https:\/\/ferlux.es\/wp-content\/uploads\/2022\/03\/MANUAL-GAMA-AIRE-ferlux-griego.pdf\">Manual aire griego<\/a><\/li><li><a href=\"https:\/\/ferlux.es\/wp-content\/uploads\/2022\/03\/MANUAL-GAMA-AIRE-ferlux-holandes.pdf\">Manual aire holand\u00e9s<\/a><\/li><li><a href=\"https:\/\/ferlux.es\/wp-content\/uploads\/2022\/03\/MANUAL-GAMA-AIRE-ferlux-ingles.pdf\">Manual aire ingl\u00e9s<\/a><\/li><li><a href=\"https:\/\/ferlux.es\/wp-content\/uploads\/2022\/03\/MANUAL-GAMA-AIRE-ferlux-italiano.pdf\">Manual aire italiano<\/a><\/li><li><a href=\"https:\/\/ferlux.es\/wp-content\/uploads\/2022\/03\/MANUAL-GAMA-AIRE-ferlux-portugues.pdf\">Manual aire portugu\u00e9s<\/a><\/li><\/ul><\/div>\n\t\t\t\t\t\t\t\t\t<div class=\"elementor-tab-title elementor-tab-mobile-title\" aria-selected=\"false\" data-tab=\"2\" role=\"tab\" tabindex=\"-1\" aria-controls=\"elementor-tab-content-5212\" aria-expanded=\"false\">Technical Data<\/div>\n\t\t\t\t\t<div id=\"elementor-tab-content-5212\" class=\"elementor-tab-content elementor-clearfix\" data-tab=\"2\" role=\"tabpanel\" aria-labelledby=\"elementor-tab-title-5212\" tabindex=\"0\" hidden=\"hidden\"><ul><li><a href=\"https:\/\/ferlux.es\/wp-content\/uploads\/2022\/03\/Maia-6.pdf\">Ficha t\u00e9cnica Maia 6<\/a><\/li><li><a href=\"https:\/\/ferlux.es\/wp-content\/uploads\/2022\/03\/Maia-8.pdf\">Ficha t\u00e9cnica Maia 8<\/a><\/li><li><a href=\"https:\/\/ferlux.es\/wp-content\/uploads\/2022\/03\/Maia-10.pdf\">Ficha t\u00e9cnica Maia 10<\/a><\/li><\/ul><\/div>\n\t\t\t\t\t\t\t\t\t<div class=\"elementor-tab-title elementor-tab-mobile-title\" aria-selected=\"false\" data-tab=\"3\" role=\"tab\" tabindex=\"-1\" aria-controls=\"elementor-tab-content-5213\" aria-expanded=\"false\">Ecodesign<\/div>\n\t\t\t\t\t<div id=\"elementor-tab-content-5213\" class=\"elementor-tab-content elementor-clearfix\" data-tab=\"3\" role=\"tabpanel\" aria-labelledby=\"elementor-tab-title-5213\" tabindex=\"0\" hidden=\"hidden\"><ul><li><a href=\"https:\/\/ferlux.es\/wp-content\/uploads\/2022\/10\/Maia-6.pdf\">Ecodesign Maia 6<\/a><\/li><li><a href=\"https:\/\/ferlux.es\/wp-content\/uploads\/2022\/10\/Maia-8.pdf\">Ecodesign Maia 8<\/a><\/li><li><a href=\"https:\/\/ferlux.es\/wp-content\/uploads\/2022\/10\/Maia-10.pdf\">Ecodesign Maia 10<\/a><\/li><\/ul><\/div>\n\t\t\t\t\t\t\t\t\t<div class=\"elementor-tab-title elementor-tab-mobile-title\" aria-selected=\"false\" data-tab=\"4\" role=\"tab\" tabindex=\"-1\" aria-controls=\"elementor-tab-content-5214\" aria-expanded=\"false\">D.O.P<\/div>\n\t\t\t\t\t<div id=\"elementor-tab-content-5214\" class=\"elementor-tab-content elementor-clearfix\" data-tab=\"4\" role=\"tabpanel\" aria-labelledby=\"elementor-tab-title-5214\" tabindex=\"0\" hidden=\"hidden\"><ul><li><a href=\"https:\/\/ferlux.es\/wp-content\/uploads\/2022\/03\/Declaracion-de-Prestaciones-FERLUX-CPD-EP-MAIA-6.pdf\">D.O.P Maia 6<\/a><\/li><li><a href=\"https:\/\/ferlux.es\/wp-content\/uploads\/2022\/03\/Declaracion-de-Prestaciones-FERLUX-CPD-EP-MAIA-8.pdf\">D.O.P Maia 8<\/a><\/li><li><a href=\"https:\/\/ferlux.es\/wp-content\/uploads\/2022\/03\/Declaracion-de-Prestaciones-FERLUX-CPD-EP-MAIA-10.pdf\">D.O.P Maia 10<\/a><\/li><\/ul><\/div>\n\t\t\t\t\t\t\t\t\t<div class=\"elementor-tab-title elementor-tab-mobile-title\" aria-selected=\"false\" data-tab=\"5\" role=\"tab\" tabindex=\"-1\" aria-controls=\"elementor-tab-content-5215\" aria-expanded=\"false\">Energy Label<\/div>\n\t\t\t\t\t<div id=\"elementor-tab-content-5215\" class=\"elementor-tab-content elementor-clearfix\" data-tab=\"5\" role=\"tabpanel\" aria-labelledby=\"elementor-tab-title-5215\" tabindex=\"0\" hidden=\"hidden\"><ul><li><a href=\"https:\/\/ferlux.es\/wp-content\/uploads\/2022\/03\/MAIA-6.pdf\">EEE Maia 6<\/a><\/li><li><a href=\"https:\/\/ferlux.es\/wp-content\/uploads\/2022\/03\/MAIA-8.pdf\">EEE Maia 8<\/a><\/li><li><a href=\"https:\/\/ferlux.es\/wp-content\/uploads\/2022\/03\/MAIA-10.pdf\">EEE Maia 10<\/a><\/li><\/ul><\/div>\n\t\t\t\t\t\t\t\t\t<div class=\"elementor-tab-title elementor-tab-mobile-title\" aria-selected=\"false\" data-tab=\"6\" role=\"tab\" tabindex=\"-1\" aria-controls=\"elementor-tab-content-5216\" aria-expanded=\"false\">Short Report<\/div>\n\t\t\t\t\t<div id=\"elementor-tab-content-5216\" class=\"elementor-tab-content elementor-clearfix\" data-tab=\"6\" role=\"tabpanel\" aria-labelledby=\"elementor-tab-title-5216\" tabindex=\"0\" hidden=\"hidden\"><ul><li><a href=\"https:\/\/ferlux.es\/wp-content\/uploads\/2022\/03\/Declaracion-Maia6-Ferlux-Denmark.pdf\">Short Report Maia 6<\/a><\/li><li><a href=\"https:\/\/ferlux.es\/wp-content\/uploads\/2022\/03\/Declaracion-Maia8-Ferlux-Denmark.pdf\">Short Report Maia 8<\/a><\/li><li><a href=\"https:\/\/ferlux.es\/wp-content\/uploads\/2022\/03\/Declaracion-10-kW-CEE0131-20-Ferlux-Denmark.pdf\">Short Report Maia 10<\/a><\/li><\/ul><\/div>\n\t\t\t\t\t\t\t<\/div>\n\t\t<\/div>\n\t\t\t\t\t\t<\/div>\n\t\t\t\t<\/div>\n\t\t\t\t\t<\/div>\n\t\t<\/div>\n\t\t\t\t\t<\/div>\n\t\t<\/section>\n\t\t\t\t<\/div>","protected":false},"excerpt":{"rendered":"<ul id=\"product-list\">\n<li>Sistema Confortlux<\/li>\n<li>AIRSILENCE sistema silencioso<\/li>\n<li>Programas diario, semanal y fin de semana<\/li>\n<li>Vermiculita en el interior<\/li>\n<li>Intercambiador de calor<\/li>\n<li>Mando a distancia incluido<\/li>\n<li><\/li>\n<li>Passenger stove with very small dimensions<\/li>\n<li><i class=\"icon-ok\"><\/i>Minimalist design with a delicate, subtle and light style<\/li>\n<li><i class=\"icon-ok\"><\/i>Screen-printed glass door<\/li>\n<li><i class=\"icon-ok\"><\/i>Three smoke outlet options<\/li>\n<li><a href=\"https:\/\/ferlux.es\/en\/product\/4-heat\/\">Opcional : Dispositivo WIFI Pinkey<\/a><\/li>\n<li>Opcional : <a href=\"https:\/\/ferlux.es\/en\/product\/monilite\/\">Monolite<\/a><\/li>\n<\/ul>","protected":false},"featured_media":12483,"template":"","meta":{"_acf_changed":false},"product_brand":[],"product_cat":[403],"product_tag":[201,164,165],"class_list":{"0":"post-12480","1":"product","2":"type-product","3":"status-publish","4":"has-post-thumbnail","6":"product_cat-gama-aire","7":"product_tag-aire","8":"product_tag-estufas","9":"product_tag-pellets","11":"first","12":"instock","13":"shipping-taxable","14":"product-type-simple"},"acf":[],"yoast_head":"<!-- This site is optimized with the Yoast SEO plugin v27.4 - https:\/\/yoast.com\/product\/yoast-seo-wordpress\/ -->\n<title>Modelo Maia | Ferlux<\/title>\n<meta name=\"description\" content=\"Modelo Maia. Ferlux: m\u00e1s de 28 a\u00f1os dedicados a la fabricaci\u00f3n de aparatos de calefacci\u00f3n.\" \/>\n<meta name=\"robots\" content=\"index, follow, max-snippet:-1, max-image-preview:large, max-video-preview:-1\" \/>\n<link rel=\"canonical\" href=\"https:\/\/ferlux.es\/en\/product\/maia\/\" \/>\n<meta property=\"og:locale\" content=\"en_GB\" \/>\n<meta property=\"og:type\" content=\"article\" \/>\n<meta property=\"og:title\" content=\"Modelo Maia | Ferlux\" \/>\n<meta property=\"og:description\" content=\"Modelo Maia. Ferlux: m\u00e1s de 28 a\u00f1os dedicados a la fabricaci\u00f3n de aparatos de calefacci\u00f3n.\" \/>\n<meta property=\"og:url\" content=\"https:\/\/ferlux.es\/en\/product\/maia\/\" \/>\n<meta property=\"og:site_name\" content=\"Ferlux\" \/>\n<meta property=\"article:modified_time\" content=\"2026-02-10T14:00:28+00:00\" \/>\n<meta property=\"og:image\" content=\"https:\/\/ferlux.es\/wp-content\/uploads\/2021\/08\/MAIA-Marron-P1-1024x1024.png\" \/>\n\t<meta property=\"og:image:width\" content=\"1024\" \/>\n\t<meta property=\"og:image:height\" content=\"1024\" \/>\n\t<meta property=\"og:image:type\" content=\"image\/png\" \/>\n<meta name=\"twitter:card\" content=\"summary_large_image\" \/>\n<meta name=\"twitter:label1\" content=\"Estimated reading time\" \/>\n\t<meta name=\"twitter:data1\" content=\"1 minute\" \/>\n<script type=\"application\/ld+json\" class=\"yoast-schema-graph\">{\"@context\":\"https:\\\/\\\/schema.org\",\"@graph\":[{\"@type\":\"WebPage\",\"@id\":\"https:\\\/\\\/ferlux.es\\\/producto\\\/maia\\\/\",\"url\":\"https:\\\/\\\/ferlux.es\\\/producto\\\/maia\\\/\",\"name\":\"Modelo Maia | Ferlux\",\"isPartOf\":{\"@id\":\"https:\\\/\\\/ferlux.es\\\/fr\\\/#website\"},\"primaryImageOfPage\":{\"@id\":\"https:\\\/\\\/ferlux.es\\\/producto\\\/maia\\\/#primaryimage\"},\"image\":{\"@id\":\"https:\\\/\\\/ferlux.es\\\/producto\\\/maia\\\/#primaryimage\"},\"thumbnailUrl\":\"https:\\\/\\\/ferlux.es\\\/wp-content\\\/uploads\\\/2021\\\/08\\\/MAIA-Marron-P1.png\",\"datePublished\":\"2021-08-03T07:59:33+00:00\",\"dateModified\":\"2026-02-10T14:00:28+00:00\",\"description\":\"Modelo Maia. Ferlux: m\u00e1s de 28 a\u00f1os dedicados a la fabricaci\u00f3n de aparatos de calefacci\u00f3n.\",\"breadcrumb\":{\"@id\":\"https:\\\/\\\/ferlux.es\\\/producto\\\/maia\\\/#breadcrumb\"},\"inLanguage\":\"en-GB\",\"potentialAction\":[{\"@type\":\"ReadAction\",\"target\":[\"https:\\\/\\\/ferlux.es\\\/producto\\\/maia\\\/\"]}]},{\"@type\":\"ImageObject\",\"inLanguage\":\"en-GB\",\"@id\":\"https:\\\/\\\/ferlux.es\\\/producto\\\/maia\\\/#primaryimage\",\"url\":\"https:\\\/\\\/ferlux.es\\\/wp-content\\\/uploads\\\/2021\\\/08\\\/MAIA-Marron-P1.png\",\"contentUrl\":\"https:\\\/\\\/ferlux.es\\\/wp-content\\\/uploads\\\/2021\\\/08\\\/MAIA-Marron-P1.png\",\"width\":2000,\"height\":2000},{\"@type\":\"BreadcrumbList\",\"@id\":\"https:\\\/\\\/ferlux.es\\\/producto\\\/maia\\\/#breadcrumb\",\"itemListElement\":[{\"@type\":\"ListItem\",\"position\":1,\"name\":\"Portada\",\"item\":\"https:\\\/\\\/ferlux.es\\\/\"},{\"@type\":\"ListItem\",\"position\":2,\"name\":\"Tienda\",\"item\":\"https:\\\/\\\/ferlux.es\\\/tienda\\\/\"},{\"@type\":\"ListItem\",\"position\":3,\"name\":\"Maia\"}]},{\"@type\":\"WebSite\",\"@id\":\"https:\\\/\\\/ferlux.es\\\/fr\\\/#website\",\"url\":\"https:\\\/\\\/ferlux.es\\\/fr\\\/\",\"name\":\"Ferlux\",\"description\":\"\",\"publisher\":{\"@id\":\"https:\\\/\\\/ferlux.es\\\/fr\\\/#organization\"},\"potentialAction\":[{\"@type\":\"SearchAction\",\"target\":{\"@type\":\"EntryPoint\",\"urlTemplate\":\"https:\\\/\\\/ferlux.es\\\/fr\\\/?s={search_term_string}\"},\"query-input\":{\"@type\":\"PropertyValueSpecification\",\"valueRequired\":true,\"valueName\":\"search_term_string\"}}],\"inLanguage\":\"en-GB\"},{\"@type\":\"Organization\",\"@id\":\"https:\\\/\\\/ferlux.es\\\/fr\\\/#organization\",\"name\":\"Ferlux\",\"url\":\"https:\\\/\\\/ferlux.es\\\/fr\\\/\",\"logo\":{\"@type\":\"ImageObject\",\"inLanguage\":\"en-GB\",\"@id\":\"https:\\\/\\\/ferlux.es\\\/fr\\\/#\\\/schema\\\/logo\\\/image\\\/\",\"url\":\"https:\\\/\\\/ferlux.es\\\/wp-content\\\/uploads\\\/2021\\\/07\\\/logo-ferlux.png\",\"contentUrl\":\"https:\\\/\\\/ferlux.es\\\/wp-content\\\/uploads\\\/2021\\\/07\\\/logo-ferlux.png\",\"width\":20835,\"height\":4702,\"caption\":\"Ferlux\"},\"image\":{\"@id\":\"https:\\\/\\\/ferlux.es\\\/fr\\\/#\\\/schema\\\/logo\\\/image\\\/\"}}]}<\/script>\n<!-- \/ Yoast SEO plugin. -->","yoast_head_json":{"title":"Modelo Maia | Ferlux","description":"Modelo Maia. Ferlux: m\u00e1s de 28 a\u00f1os dedicados a la fabricaci\u00f3n de aparatos de calefacci\u00f3n.","robots":{"index":"index","follow":"follow","max-snippet":"max-snippet:-1","max-image-preview":"max-image-preview:large","max-video-preview":"max-video-preview:-1"},"canonical":"https:\/\/ferlux.es\/en\/product\/maia\/","og_locale":"en_GB","og_type":"article","og_title":"Modelo Maia | Ferlux","og_description":"Modelo Maia. Ferlux: m\u00e1s de 28 a\u00f1os dedicados a la fabricaci\u00f3n de aparatos de calefacci\u00f3n.","og_url":"https:\/\/ferlux.es\/en\/product\/maia\/","og_site_name":"Ferlux","article_modified_time":"2026-02-10T14:00:28+00:00","og_image":[{"width":1024,"height":1024,"url":"https:\/\/ferlux.es\/wp-content\/uploads\/2021\/08\/MAIA-Marron-P1-1024x1024.png","type":"image\/png"}],"twitter_card":"summary_large_image","twitter_misc":{"Estimated reading time":"1 minute"},"schema":{"@context":"https:\/\/schema.org","@graph":[{"@type":"WebPage","@id":"https:\/\/ferlux.es\/producto\/maia\/","url":"https:\/\/ferlux.es\/producto\/maia\/","name":"Modelo Maia | Ferlux","isPartOf":{"@id":"https:\/\/ferlux.es\/fr\/#website"},"primaryImageOfPage":{"@id":"https:\/\/ferlux.es\/producto\/maia\/#primaryimage"},"image":{"@id":"https:\/\/ferlux.es\/producto\/maia\/#primaryimage"},"thumbnailUrl":"https:\/\/ferlux.es\/wp-content\/uploads\/2021\/08\/MAIA-Marron-P1.png","datePublished":"2021-08-03T07:59:33+00:00","dateModified":"2026-02-10T14:00:28+00:00","description":"Modelo Maia. Ferlux: m\u00e1s de 28 a\u00f1os dedicados a la fabricaci\u00f3n de aparatos de calefacci\u00f3n.","breadcrumb":{"@id":"https:\/\/ferlux.es\/producto\/maia\/#breadcrumb"},"inLanguage":"en-GB","potentialAction":[{"@type":"ReadAction","target":["https:\/\/ferlux.es\/producto\/maia\/"]}]},{"@type":"ImageObject","inLanguage":"en-GB","@id":"https:\/\/ferlux.es\/producto\/maia\/#primaryimage","url":"https:\/\/ferlux.es\/wp-content\/uploads\/2021\/08\/MAIA-Marron-P1.png","contentUrl":"https:\/\/ferlux.es\/wp-content\/uploads\/2021\/08\/MAIA-Marron-P1.png","width":2000,"height":2000},{"@type":"BreadcrumbList","@id":"https:\/\/ferlux.es\/producto\/maia\/#breadcrumb","itemListElement":[{"@type":"ListItem","position":1,"name":"Portada","item":"https:\/\/ferlux.es\/"},{"@type":"ListItem","position":2,"name":"Tienda","item":"https:\/\/ferlux.es\/tienda\/"},{"@type":"ListItem","position":3,"name":"Maia"}]},{"@type":"WebSite","@id":"https:\/\/ferlux.es\/fr\/#website","url":"https:\/\/ferlux.es\/fr\/","name":"Ferlux","description":"","publisher":{"@id":"https:\/\/ferlux.es\/fr\/#organization"},"potentialAction":[{"@type":"SearchAction","target":{"@type":"EntryPoint","urlTemplate":"https:\/\/ferlux.es\/fr\/?s={search_term_string}"},"query-input":{"@type":"PropertyValueSpecification","valueRequired":true,"valueName":"search_term_string"}}],"inLanguage":"en-GB"},{"@type":"Organization","@id":"https:\/\/ferlux.es\/fr\/#organization","name":"Ferlux","url":"https:\/\/ferlux.es\/fr\/","logo":{"@type":"ImageObject","inLanguage":"en-GB","@id":"https:\/\/ferlux.es\/fr\/#\/schema\/logo\/image\/","url":"https:\/\/ferlux.es\/wp-content\/uploads\/2021\/07\/logo-ferlux.png","contentUrl":"https:\/\/ferlux.es\/wp-content\/uploads\/2021\/07\/logo-ferlux.png","width":20835,"height":4702,"caption":"Ferlux"},"image":{"@id":"https:\/\/ferlux.es\/fr\/#\/schema\/logo\/image\/"}}]}},"_links":{"self":[{"href":"https:\/\/ferlux.es\/en\/wp-json\/wp\/v2\/product\/12480","targetHints":{"allow":["GET"]}}],"collection":[{"href":"https:\/\/ferlux.es\/en\/wp-json\/wp\/v2\/product"}],"about":[{"href":"https:\/\/ferlux.es\/en\/wp-json\/wp\/v2\/types\/product"}],"version-history":[{"count":38,"href":"https:\/\/ferlux.es\/en\/wp-json\/wp\/v2\/product\/12480\/revisions"}],"predecessor-version":[{"id":19474,"href":"https:\/\/ferlux.es\/en\/wp-json\/wp\/v2\/product\/12480\/revisions\/19474"}],"wp:featuredmedia":[{"embeddable":true,"href":"https:\/\/ferlux.es\/en\/wp-json\/wp\/v2\/media\/12483"}],"wp:attachment":[{"href":"https:\/\/ferlux.es\/en\/wp-json\/wp\/v2\/media?parent=12480"}],"wp:term":[{"taxonomy":"product_brand","embeddable":true,"href":"https:\/\/ferlux.es\/en\/wp-json\/wp\/v2\/product_brand?post=12480"},{"taxonomy":"product_cat","embeddable":true,"href":"https:\/\/ferlux.es\/en\/wp-json\/wp\/v2\/product_cat?post=12480"},{"taxonomy":"product_tag","embeddable":true,"href":"https:\/\/ferlux.es\/en\/wp-json\/wp\/v2\/product_tag?post=12480"}],"curies":[{"name":"wp","href":"https:\/\/api.w.org\/{rel}","templated":true}]}}