{"id":9761,"date":"2021-02-05T16:29:18","date_gmt":"2021-02-05T16:29:18","guid":{"rendered":"https:\/\/ferlux.es\/?page_id=9761"},"modified":"2026-02-07T09:05:16","modified_gmt":"2026-02-07T09:05:16","slug":"gama-calderas","status":"publish","type":"page","link":"https:\/\/ferlux.es\/en\/gama-calderas\/","title":{"rendered":"Calderas"},"content":{"rendered":"<div data-elementor-type=\"wp-page\" data-elementor-id=\"9761\" class=\"elementor elementor-9761\" data-elementor-post-type=\"page\">\n\t\t\t\t\t\t<section class=\"elementor-section elementor-top-section elementor-element elementor-element-333b442d elementor-section-height-min-height elementor-section-boxed elementor-section-height-default elementor-section-items-middle\" data-id=\"333b442d\" data-element_type=\"section\" data-e-type=\"section\" data-settings=\"{&quot;background_background&quot;:&quot;classic&quot;}\">\n\t\t\t\t\t\t\t<div class=\"elementor-background-overlay\"><\/div>\n\t\t\t\t\t\t\t<div class=\"elementor-container elementor-column-gap-default\">\n\t\t\t\t\t<div class=\"elementor-column elementor-col-100 elementor-top-column elementor-element elementor-element-30d8b482\" data-id=\"30d8b482\" data-element_type=\"column\" data-e-type=\"column\">\n\t\t\t<div class=\"elementor-widget-wrap elementor-element-populated\">\n\t\t\t\t\t\t<div class=\"elementor-element elementor-element-3f375d07 elementor-widget elementor-widget-heading\" data-id=\"3f375d07\" data-element_type=\"widget\" data-e-type=\"widget\" data-widget_type=\"heading.default\">\n\t\t\t\t<div class=\"elementor-widget-container\">\n\t\t\t\t\t<h1 class=\"elementor-heading-title elementor-size-default\">Pellet boiler<\/h1>\t\t\t\t<\/div>\n\t\t\t\t<\/div>\n\t\t\t\t\t<\/div>\n\t\t<\/div>\n\t\t\t\t\t<\/div>\n\t\t<\/section>\n\t\t\t\t<section class=\"elementor-section elementor-top-section elementor-element elementor-element-33319caf elementor-section-boxed elementor-section-height-default elementor-section-height-default\" data-id=\"33319caf\" data-element_type=\"section\" data-e-type=\"section\">\n\t\t\t\t\t\t<div class=\"elementor-container elementor-column-gap-default\">\n\t\t\t\t\t<div class=\"elementor-column elementor-col-33 elementor-top-column elementor-element elementor-element-4d6e2f6f\" data-id=\"4d6e2f6f\" data-element_type=\"column\" data-e-type=\"column\">\n\t\t\t<div class=\"elementor-widget-wrap\">\n\t\t\t\t\t\t\t<\/div>\n\t\t<\/div>\n\t\t\t\t<div class=\"elementor-column elementor-col-66 elementor-top-column elementor-element elementor-element-69c3f4d2\" data-id=\"69c3f4d2\" data-element_type=\"column\" data-e-type=\"column\" data-settings=\"{&quot;background_background&quot;:&quot;classic&quot;}\">\n\t\t\t<div class=\"elementor-widget-wrap elementor-element-populated\">\n\t\t\t\t\t\t<div class=\"elementor-element elementor-element-1e85940e elementor-widget elementor-widget-text-editor\" data-id=\"1e85940e\" data-element_type=\"widget\" data-e-type=\"widget\" data-widget_type=\"text-editor.default\">\n\t\t\t\t<div class=\"elementor-widget-container\">\n\t\t\t\t\t\t\t\t\t<p>Designed to be installed in small rooms thanks to its reduced dimensions.<\/p><p>Manufactured with the best components and the latest advanced technology, to guarantee maximum comfort to our customers.<\/p>\t\t\t\t\t\t\t\t<\/div>\n\t\t\t\t<\/div>\n\t\t\t\t\t<\/div>\n\t\t<\/div>\n\t\t\t\t\t<\/div>\n\t\t<\/section>\n\t\t\t\t<section class=\"elementor-section elementor-top-section elementor-element elementor-element-482bc6d0 elementor-section-boxed elementor-section-height-default elementor-section-height-default\" data-id=\"482bc6d0\" data-element_type=\"section\" data-e-type=\"section\">\n\t\t\t\t\t\t<div class=\"elementor-container elementor-column-gap-default\">\n\t\t\t\t\t<div class=\"elementor-column elementor-col-100 elementor-top-column elementor-element elementor-element-6c2b81b0\" data-id=\"6c2b81b0\" data-element_type=\"column\" data-e-type=\"column\">\n\t\t\t<div class=\"elementor-widget-wrap elementor-element-populated\">\n\t\t\t\t\t\t<div class=\"elementor-element elementor-element-8a54fd1 elementor-widget elementor-widget-text-editor\" data-id=\"8a54fd1\" data-element_type=\"widget\" data-e-type=\"widget\" data-widget_type=\"text-editor.default\">\n\t\t\t\t<div class=\"elementor-widget-container\">\n\t\t\t\t\t\t\t\t\t<h6>Ofrecemos una amplia variedad de calderas eficientes y de alta calidad para satisfacer las necesidades de nuestros clientes. Nuestras calderas de pellets son ideales para aquellos que buscan <strong>reducir su huella de carbono y ahorrar dinero en sus facturas de energ\u00eda<\/strong>. Adem\u00e1s, nuestras calderas son <strong>f\u00e1ciles de usar y mantener<\/strong>. Si est\u00e1 buscando una forma eficiente de calentar su hogar o negocio, Ferlux es la opci\u00f3n perfecta.<\/h6>\t\t\t\t\t\t\t\t<\/div>\n\t\t\t\t<\/div>\n\t\t\t\t<div class=\"elementor-element elementor-element-17993b72 elementor-grid-tablet-3 elementor-posts--thumbnail-top elementor-grid-3 elementor-grid-mobile-1 elementor-widget elementor-widget-posts\" data-id=\"17993b72\" data-element_type=\"widget\" data-e-type=\"widget\" data-settings=\"{&quot;custom_columns_tablet&quot;:&quot;3&quot;,&quot;custom_columns&quot;:&quot;3&quot;,&quot;custom_columns_mobile&quot;:&quot;1&quot;,&quot;custom_row_gap&quot;:{&quot;unit&quot;:&quot;px&quot;,&quot;size&quot;:35,&quot;sizes&quot;:[]},&quot;custom_row_gap_tablet&quot;:{&quot;unit&quot;:&quot;px&quot;,&quot;size&quot;:&quot;&quot;,&quot;sizes&quot;:[]},&quot;custom_row_gap_mobile&quot;:{&quot;unit&quot;:&quot;px&quot;,&quot;size&quot;:&quot;&quot;,&quot;sizes&quot;:[]}}\" data-widget_type=\"posts.custom\">\n\t\t\t\t<div class=\"elementor-widget-container\">\n\t\t\t\t\t      <div class=\"ecs-posts elementor-posts-container elementor-posts   elementor-grid elementor-posts--skin-custom\" data-settings=\"{&quot;current_page&quot;:1,&quot;max_num_pages&quot;:1,&quot;load_method&quot;:&quot;&quot;,&quot;widget_id&quot;:&quot;17993b72&quot;,&quot;post_id&quot;:9761,&quot;theme_id&quot;:9761,&quot;change_url&quot;:false,&quot;reinit_js&quot;:false}\">\n      \t\t<article id=\"post-12793\" class=\"elementor-post elementor-grid-item ecs-post-loop post-12793 product type-product status-publish has-post-thumbnail product_cat-gama-calderas product_tag-agua product_tag-hidrochimeneas first instock shipping-taxable product-type-simple\">\n\t\t\t\t<div data-elementor-type=\"loop\" data-elementor-id=\"11446\" class=\"elementor elementor-11446 post-12793 product type-product status-publish has-post-thumbnail product_cat-gama-calderas product_tag-agua product_tag-hidrochimeneas  instock shipping-taxable product-type-simple\" data-elementor-post-type=\"elementor_library\">\n\t\t\t\t\t<section class=\"elementor-section elementor-top-section elementor-element elementor-element-516096f elementor-section-boxed elementor-section-height-default elementor-section-height-default\" data-id=\"516096f\" data-element_type=\"section\" data-e-type=\"section\">\n\t\t\t\t\t\t<div class=\"elementor-container elementor-column-gap-default\">\n\t\t\t\t\t<div class=\"elementor-column elementor-col-100 elementor-top-column elementor-element elementor-element-14b746b bucle-producto\" data-id=\"14b746b\" data-element_type=\"column\" data-e-type=\"column\" data-settings=\"{&quot;background_background&quot;:&quot;classic&quot;}\">\n\t\t\t<div class=\"elementor-widget-wrap elementor-element-populated\">\n\t\t\t\t\t\t<div class=\"elementor-element elementor-element-f1bf55a elementor-widget elementor-widget-image\" data-id=\"f1bf55a\" data-element_type=\"widget\" data-e-type=\"widget\" data-widget_type=\"image.default\">\n\t\t\t\t<div class=\"elementor-widget-container\">\n\t\t\t\t\t\t\t\t\t\t\t\t\t\t\t\t<a href=\"https:\/\/ferlux.es\/en\/product\/f-18\/\">\n\t\t\t\t\t\t\t<img fetchpriority=\"high\" decoding=\"async\" width=\"2000\" height=\"2000\" src=\"https:\/\/ferlux.es\/wp-content\/uploads\/2022\/10\/F18.png\" class=\"attachment-full size-full wp-image-17232\" alt=\"\" srcset=\"https:\/\/ferlux.es\/wp-content\/uploads\/2022\/10\/F18.png 2000w, https:\/\/ferlux.es\/wp-content\/uploads\/2022\/10\/F18-300x300.png 300w, https:\/\/ferlux.es\/wp-content\/uploads\/2022\/10\/F18-1024x1024.png 1024w, https:\/\/ferlux.es\/wp-content\/uploads\/2022\/10\/F18-150x150.png 150w, https:\/\/ferlux.es\/wp-content\/uploads\/2022\/10\/F18-768x768.png 768w, https:\/\/ferlux.es\/wp-content\/uploads\/2022\/10\/F18-1536x1536.png 1536w, https:\/\/ferlux.es\/wp-content\/uploads\/2022\/10\/F18-12x12.png 12w, https:\/\/ferlux.es\/wp-content\/uploads\/2022\/10\/F18-600x600.png 600w, https:\/\/ferlux.es\/wp-content\/uploads\/2022\/10\/F18-100x100.png 100w\" sizes=\"(max-width: 2000px) 100vw, 2000px\" \/>\t\t\t\t\t\t\t\t<\/a>\n\t\t\t\t\t\t\t\t\t\t\t\t\t\t\t<\/div>\n\t\t\t\t<\/div>\n\t\t\t\t<div class=\"elementor-element elementor-element-0d50f89 elementor-widget elementor-widget-heading\" data-id=\"0d50f89\" data-element_type=\"widget\" data-e-type=\"widget\" data-widget_type=\"heading.default\">\n\t\t\t\t<div class=\"elementor-widget-container\">\n\t\t\t\t\t<h2 class=\"elementor-heading-title elementor-size-default\"><a href=\"https:\/\/ferlux.es\/en\/product\/f-18\/\">CALDERA F-18<\/a><\/h2>\t\t\t\t<\/div>\n\t\t\t\t<\/div>\n\t\t\t\t\t<\/div>\n\t\t<\/div>\n\t\t\t\t\t<\/div>\n\t\t<\/section>\n\t\t\t\t<\/div>\n\t\t\t\t<\/article>\n\t\t\t\t<article id=\"post-15651\" class=\"elementor-post elementor-grid-item ecs-post-loop post-15651 product type-product status-publish has-post-thumbnail product_cat-gama-calderas product_tag-agua product_tag-hidrochimeneas last instock shipping-taxable product-type-simple\">\n\t\t\t\t<div data-elementor-type=\"loop\" data-elementor-id=\"11446\" class=\"elementor elementor-11446 post-15651 product type-product status-publish has-post-thumbnail product_cat-gama-calderas product_tag-agua product_tag-hidrochimeneas first instock shipping-taxable product-type-simple\" data-elementor-post-type=\"elementor_library\">\n\t\t\t\t\t<section class=\"elementor-section elementor-top-section elementor-element elementor-element-516096f elementor-section-boxed elementor-section-height-default elementor-section-height-default\" data-id=\"516096f\" data-element_type=\"section\" data-e-type=\"section\">\n\t\t\t\t\t\t<div class=\"elementor-container elementor-column-gap-default\">\n\t\t\t\t\t<div class=\"elementor-column elementor-col-100 elementor-top-column elementor-element elementor-element-14b746b bucle-producto\" data-id=\"14b746b\" data-element_type=\"column\" data-e-type=\"column\" data-settings=\"{&quot;background_background&quot;:&quot;classic&quot;}\">\n\t\t\t<div class=\"elementor-widget-wrap elementor-element-populated\">\n\t\t\t\t\t\t<div class=\"elementor-element elementor-element-f1bf55a elementor-widget elementor-widget-image\" data-id=\"f1bf55a\" data-element_type=\"widget\" data-e-type=\"widget\" data-widget_type=\"image.default\">\n\t\t\t\t<div class=\"elementor-widget-container\">\n\t\t\t\t\t\t\t\t\t\t\t\t\t\t\t\t<a href=\"https:\/\/ferlux.es\/en\/product\/hidromatic-12-18\/\">\n\t\t\t\t\t\t\t<img decoding=\"async\" width=\"2000\" height=\"2000\" src=\"https:\/\/ferlux.es\/wp-content\/uploads\/2022\/03\/HIDROMATIC-18.png\" class=\"attachment-full size-full wp-image-15652\" alt=\"\" srcset=\"https:\/\/ferlux.es\/wp-content\/uploads\/2022\/03\/HIDROMATIC-18.png 2000w, https:\/\/ferlux.es\/wp-content\/uploads\/2022\/03\/HIDROMATIC-18-300x300.png 300w, https:\/\/ferlux.es\/wp-content\/uploads\/2022\/03\/HIDROMATIC-18-1024x1024.png 1024w, https:\/\/ferlux.es\/wp-content\/uploads\/2022\/03\/HIDROMATIC-18-150x150.png 150w, https:\/\/ferlux.es\/wp-content\/uploads\/2022\/03\/HIDROMATIC-18-768x768.png 768w, https:\/\/ferlux.es\/wp-content\/uploads\/2022\/03\/HIDROMATIC-18-1536x1536.png 1536w, https:\/\/ferlux.es\/wp-content\/uploads\/2022\/03\/HIDROMATIC-18-12x12.png 12w, https:\/\/ferlux.es\/wp-content\/uploads\/2022\/03\/HIDROMATIC-18-600x600.png 600w, https:\/\/ferlux.es\/wp-content\/uploads\/2022\/03\/HIDROMATIC-18-100x100.png 100w\" sizes=\"(max-width: 2000px) 100vw, 2000px\" \/>\t\t\t\t\t\t\t\t<\/a>\n\t\t\t\t\t\t\t\t\t\t\t\t\t\t\t<\/div>\n\t\t\t\t<\/div>\n\t\t\t\t<div class=\"elementor-element elementor-element-0d50f89 elementor-widget elementor-widget-heading\" data-id=\"0d50f89\" data-element_type=\"widget\" data-e-type=\"widget\" data-widget_type=\"heading.default\">\n\t\t\t\t<div class=\"elementor-widget-container\">\n\t\t\t\t\t<h2 class=\"elementor-heading-title elementor-size-default\"><a href=\"https:\/\/ferlux.es\/en\/product\/hidromatic-12-18\/\">Hidromatic 12-18<\/a><\/h2>\t\t\t\t<\/div>\n\t\t\t\t<\/div>\n\t\t\t\t\t<\/div>\n\t\t<\/div>\n\t\t\t\t\t<\/div>\n\t\t<\/section>\n\t\t\t\t<\/div>\n\t\t\t\t<\/article>\n\t\t\t\t<article id=\"post-15682\" class=\"elementor-post elementor-grid-item ecs-post-loop post-15682 product type-product status-publish has-post-thumbnail product_cat-gama-calderas product_tag-agua product_tag-hidrochimeneas  instock shipping-taxable product-type-simple\">\n\t\t\t\t<div data-elementor-type=\"loop\" data-elementor-id=\"11446\" class=\"elementor elementor-11446 post-15682 product type-product status-publish has-post-thumbnail product_cat-gama-calderas product_tag-agua product_tag-hidrochimeneas last instock shipping-taxable product-type-simple\" data-elementor-post-type=\"elementor_library\">\n\t\t\t\t\t<section class=\"elementor-section elementor-top-section elementor-element elementor-element-516096f elementor-section-boxed elementor-section-height-default elementor-section-height-default\" data-id=\"516096f\" data-element_type=\"section\" data-e-type=\"section\">\n\t\t\t\t\t\t<div class=\"elementor-container elementor-column-gap-default\">\n\t\t\t\t\t<div class=\"elementor-column elementor-col-100 elementor-top-column elementor-element elementor-element-14b746b bucle-producto\" data-id=\"14b746b\" data-element_type=\"column\" data-e-type=\"column\" data-settings=\"{&quot;background_background&quot;:&quot;classic&quot;}\">\n\t\t\t<div class=\"elementor-widget-wrap elementor-element-populated\">\n\t\t\t\t\t\t<div class=\"elementor-element elementor-element-f1bf55a elementor-widget elementor-widget-image\" data-id=\"f1bf55a\" data-element_type=\"widget\" data-e-type=\"widget\" data-widget_type=\"image.default\">\n\t\t\t\t<div class=\"elementor-widget-container\">\n\t\t\t\t\t\t\t\t\t\t\t\t\t\t\t\t<a href=\"https:\/\/ferlux.es\/en\/product\/hidromatic-24-30-35\/\">\n\t\t\t\t\t\t\t<img decoding=\"async\" width=\"2000\" height=\"2000\" src=\"https:\/\/ferlux.es\/wp-content\/uploads\/2022\/03\/HIDROMATIC-24-30-35KW.png\" class=\"attachment-full size-full wp-image-15686\" alt=\"\" srcset=\"https:\/\/ferlux.es\/wp-content\/uploads\/2022\/03\/HIDROMATIC-24-30-35KW.png 2000w, https:\/\/ferlux.es\/wp-content\/uploads\/2022\/03\/HIDROMATIC-24-30-35KW-300x300.png 300w, https:\/\/ferlux.es\/wp-content\/uploads\/2022\/03\/HIDROMATIC-24-30-35KW-1024x1024.png 1024w, https:\/\/ferlux.es\/wp-content\/uploads\/2022\/03\/HIDROMATIC-24-30-35KW-150x150.png 150w, https:\/\/ferlux.es\/wp-content\/uploads\/2022\/03\/HIDROMATIC-24-30-35KW-768x768.png 768w, https:\/\/ferlux.es\/wp-content\/uploads\/2022\/03\/HIDROMATIC-24-30-35KW-1536x1536.png 1536w, https:\/\/ferlux.es\/wp-content\/uploads\/2022\/03\/HIDROMATIC-24-30-35KW-12x12.png 12w, https:\/\/ferlux.es\/wp-content\/uploads\/2022\/03\/HIDROMATIC-24-30-35KW-600x600.png 600w, https:\/\/ferlux.es\/wp-content\/uploads\/2022\/03\/HIDROMATIC-24-30-35KW-100x100.png 100w\" sizes=\"(max-width: 2000px) 100vw, 2000px\" \/>\t\t\t\t\t\t\t\t<\/a>\n\t\t\t\t\t\t\t\t\t\t\t\t\t\t\t<\/div>\n\t\t\t\t<\/div>\n\t\t\t\t<div class=\"elementor-element elementor-element-0d50f89 elementor-widget elementor-widget-heading\" data-id=\"0d50f89\" data-element_type=\"widget\" data-e-type=\"widget\" data-widget_type=\"heading.default\">\n\t\t\t\t<div class=\"elementor-widget-container\">\n\t\t\t\t\t<h2 class=\"elementor-heading-title elementor-size-default\"><a href=\"https:\/\/ferlux.es\/en\/product\/hidromatic-24-30-35\/\">Hidromatic 24-30-35<\/a><\/h2>\t\t\t\t<\/div>\n\t\t\t\t<\/div>\n\t\t\t\t\t<\/div>\n\t\t<\/div>\n\t\t\t\t\t<\/div>\n\t\t<\/section>\n\t\t\t\t<\/div>\n\t\t\t\t<\/article>\n\t\t\t\t<article id=\"post-17287\" class=\"elementor-post elementor-grid-item ecs-post-loop post-17287 product type-product status-publish has-post-thumbnail product_cat-gama-calderas product_tag-agua product_tag-hidrochimeneas first instock shipping-taxable product-type-simple\">\n\t\t\t\t<div data-elementor-type=\"loop\" data-elementor-id=\"11446\" class=\"elementor elementor-11446 post-17287 product type-product status-publish has-post-thumbnail product_cat-gama-calderas product_tag-agua product_tag-hidrochimeneas  instock shipping-taxable product-type-simple\" data-elementor-post-type=\"elementor_library\">\n\t\t\t\t\t<section class=\"elementor-section elementor-top-section elementor-element elementor-element-516096f elementor-section-boxed elementor-section-height-default elementor-section-height-default\" data-id=\"516096f\" data-element_type=\"section\" data-e-type=\"section\">\n\t\t\t\t\t\t<div class=\"elementor-container elementor-column-gap-default\">\n\t\t\t\t\t<div class=\"elementor-column elementor-col-100 elementor-top-column elementor-element elementor-element-14b746b bucle-producto\" data-id=\"14b746b\" data-element_type=\"column\" data-e-type=\"column\" data-settings=\"{&quot;background_background&quot;:&quot;classic&quot;}\">\n\t\t\t<div class=\"elementor-widget-wrap elementor-element-populated\">\n\t\t\t\t\t\t<div class=\"elementor-element elementor-element-f1bf55a elementor-widget elementor-widget-image\" data-id=\"f1bf55a\" data-element_type=\"widget\" data-e-type=\"widget\" data-widget_type=\"image.default\">\n\t\t\t\t<div class=\"elementor-widget-container\">\n\t\t\t\t\t\t\t\t\t\t\t\t\t\t\t\t<a href=\"https:\/\/ferlux.es\/en\/product\/f-24-atena\/\">\n\t\t\t\t\t\t\t<img fetchpriority=\"high\" decoding=\"async\" width=\"2000\" height=\"2000\" src=\"https:\/\/ferlux.es\/wp-content\/uploads\/2022\/10\/F18.png\" class=\"attachment-full size-full wp-image-17232\" alt=\"\" srcset=\"https:\/\/ferlux.es\/wp-content\/uploads\/2022\/10\/F18.png 2000w, https:\/\/ferlux.es\/wp-content\/uploads\/2022\/10\/F18-300x300.png 300w, https:\/\/ferlux.es\/wp-content\/uploads\/2022\/10\/F18-1024x1024.png 1024w, https:\/\/ferlux.es\/wp-content\/uploads\/2022\/10\/F18-150x150.png 150w, https:\/\/ferlux.es\/wp-content\/uploads\/2022\/10\/F18-768x768.png 768w, https:\/\/ferlux.es\/wp-content\/uploads\/2022\/10\/F18-1536x1536.png 1536w, https:\/\/ferlux.es\/wp-content\/uploads\/2022\/10\/F18-12x12.png 12w, https:\/\/ferlux.es\/wp-content\/uploads\/2022\/10\/F18-600x600.png 600w, https:\/\/ferlux.es\/wp-content\/uploads\/2022\/10\/F18-100x100.png 100w\" sizes=\"(max-width: 2000px) 100vw, 2000px\" \/>\t\t\t\t\t\t\t\t<\/a>\n\t\t\t\t\t\t\t\t\t\t\t\t\t\t\t<\/div>\n\t\t\t\t<\/div>\n\t\t\t\t<div class=\"elementor-element elementor-element-0d50f89 elementor-widget elementor-widget-heading\" data-id=\"0d50f89\" data-element_type=\"widget\" data-e-type=\"widget\" data-widget_type=\"heading.default\">\n\t\t\t\t<div class=\"elementor-widget-container\">\n\t\t\t\t\t<h2 class=\"elementor-heading-title elementor-size-default\"><a href=\"https:\/\/ferlux.es\/en\/product\/f-24-atena\/\">CALDERA F-24<\/a><\/h2>\t\t\t\t<\/div>\n\t\t\t\t<\/div>\n\t\t\t\t\t<\/div>\n\t\t<\/div>\n\t\t\t\t\t<\/div>\n\t\t<\/section>\n\t\t\t\t<\/div>\n\t\t\t\t<\/article>\n\t\t\t\t<\/div>\n\t\t\t\t\t\t<\/div>\n\t\t\t\t<\/div>\n\t\t\t\t\t<\/div>\n\t\t<\/div>\n\t\t\t\t\t<\/div>\n\t\t<\/section>\n\t\t\t\t<\/div>","protected":false},"excerpt":{"rendered":"<p>Caldera de pellets Pensadas para instalarse en peque\u00f1os habit\u00e1culos gracias a sus dimensiones reducidas. Fabricadas con los mejores componentes y la \u00faltima tecnolog\u00eda avanzada, para garantizar el m\u00e1ximo confort a nuestros clientes. Ofrecemos una amplia variedad de calderas eficientes y de alta calidad para satisfacer las necesidades de nuestros clientes. Nuestras calderas de pellets son [&hellip;]<\/p>\n","protected":false},"author":1,"featured_media":0,"parent":0,"menu_order":0,"comment_status":"closed","ping_status":"closed","template":"","meta":{"_acf_changed":false,"footnotes":""},"class_list":["post-9761","page","type-page","status-publish","hentry"],"acf":[],"yoast_head":"<!-- This site is optimized with the Yoast SEO plugin v27.4 - https:\/\/yoast.com\/product\/yoast-seo-wordpress\/ -->\n<title>\u25b7 Calderas de pellets - Ferlux<\/title>\n<meta name=\"description\" content=\"Pensadas para instalarse en peque\u00f1os habit\u00e1culos gracias a sus dimensiones reducidas. Descubra todos nuestros productos AQU\u00cd.\" \/>\n<meta name=\"robots\" content=\"index, follow, max-snippet:-1, max-image-preview:large, max-video-preview:-1\" \/>\n<link rel=\"canonical\" href=\"https:\/\/ferlux.es\/en\/gama-calderas\/\" \/>\n<meta property=\"og:locale\" content=\"en_GB\" \/>\n<meta property=\"og:type\" content=\"article\" \/>\n<meta property=\"og:title\" content=\"\u25b7 Calderas de pellets - Ferlux\" \/>\n<meta property=\"og:description\" content=\"Pensadas para instalarse en peque\u00f1os habit\u00e1culos gracias a sus dimensiones reducidas. Descubra todos nuestros productos AQU\u00cd.\" \/>\n<meta property=\"og:url\" content=\"https:\/\/ferlux.es\/en\/gama-calderas\/\" \/>\n<meta property=\"og:site_name\" content=\"Ferlux\" \/>\n<meta property=\"article:modified_time\" content=\"2026-02-07T09:05:16+00:00\" \/>\n<meta name=\"twitter:card\" content=\"summary_large_image\" \/>\n<meta name=\"twitter:label1\" content=\"Estimated reading time\" \/>\n\t<meta name=\"twitter:data1\" content=\"1 minute\" \/>\n<script type=\"application\/ld+json\" class=\"yoast-schema-graph\">{\"@context\":\"https:\\\/\\\/schema.org\",\"@graph\":[{\"@type\":\"WebPage\",\"@id\":\"https:\\\/\\\/ferlux.es\\\/gama-calderas\\\/\",\"url\":\"https:\\\/\\\/ferlux.es\\\/gama-calderas\\\/\",\"name\":\"\u25b7 Calderas de pellets - Ferlux\",\"isPartOf\":{\"@id\":\"https:\\\/\\\/ferlux.es\\\/fr\\\/#website\"},\"datePublished\":\"2021-02-05T16:29:18+00:00\",\"dateModified\":\"2026-02-07T09:05:16+00:00\",\"description\":\"Pensadas para instalarse en peque\u00f1os habit\u00e1culos gracias a sus dimensiones reducidas. Descubra todos nuestros productos AQU\u00cd.\",\"breadcrumb\":{\"@id\":\"https:\\\/\\\/ferlux.es\\\/gama-calderas\\\/#breadcrumb\"},\"inLanguage\":\"en-GB\",\"potentialAction\":[{\"@type\":\"ReadAction\",\"target\":[\"https:\\\/\\\/ferlux.es\\\/gama-calderas\\\/\"]}]},{\"@type\":\"BreadcrumbList\",\"@id\":\"https:\\\/\\\/ferlux.es\\\/gama-calderas\\\/#breadcrumb\",\"itemListElement\":[{\"@type\":\"ListItem\",\"position\":1,\"name\":\"Portada\",\"item\":\"https:\\\/\\\/ferlux.es\\\/\"},{\"@type\":\"ListItem\",\"position\":2,\"name\":\"Calderas\"}]},{\"@type\":\"WebSite\",\"@id\":\"https:\\\/\\\/ferlux.es\\\/fr\\\/#website\",\"url\":\"https:\\\/\\\/ferlux.es\\\/fr\\\/\",\"name\":\"Ferlux\",\"description\":\"\",\"publisher\":{\"@id\":\"https:\\\/\\\/ferlux.es\\\/fr\\\/#organization\"},\"potentialAction\":[{\"@type\":\"SearchAction\",\"target\":{\"@type\":\"EntryPoint\",\"urlTemplate\":\"https:\\\/\\\/ferlux.es\\\/fr\\\/?s={search_term_string}\"},\"query-input\":{\"@type\":\"PropertyValueSpecification\",\"valueRequired\":true,\"valueName\":\"search_term_string\"}}],\"inLanguage\":\"en-GB\"},{\"@type\":\"Organization\",\"@id\":\"https:\\\/\\\/ferlux.es\\\/fr\\\/#organization\",\"name\":\"Ferlux\",\"url\":\"https:\\\/\\\/ferlux.es\\\/fr\\\/\",\"logo\":{\"@type\":\"ImageObject\",\"inLanguage\":\"en-GB\",\"@id\":\"https:\\\/\\\/ferlux.es\\\/fr\\\/#\\\/schema\\\/logo\\\/image\\\/\",\"url\":\"https:\\\/\\\/ferlux.es\\\/wp-content\\\/uploads\\\/2021\\\/07\\\/logo-ferlux.png\",\"contentUrl\":\"https:\\\/\\\/ferlux.es\\\/wp-content\\\/uploads\\\/2021\\\/07\\\/logo-ferlux.png\",\"width\":20835,\"height\":4702,\"caption\":\"Ferlux\"},\"image\":{\"@id\":\"https:\\\/\\\/ferlux.es\\\/fr\\\/#\\\/schema\\\/logo\\\/image\\\/\"}}]}<\/script>\n<!-- \/ Yoast SEO plugin. -->","yoast_head_json":{"title":"\u25b7 Calderas de pellets - Ferlux","description":"Pensadas para instalarse en peque\u00f1os habit\u00e1culos gracias a sus dimensiones reducidas. Descubra todos nuestros productos AQU\u00cd.","robots":{"index":"index","follow":"follow","max-snippet":"max-snippet:-1","max-image-preview":"max-image-preview:large","max-video-preview":"max-video-preview:-1"},"canonical":"https:\/\/ferlux.es\/en\/gama-calderas\/","og_locale":"en_GB","og_type":"article","og_title":"\u25b7 Calderas de pellets - Ferlux","og_description":"Pensadas para instalarse en peque\u00f1os habit\u00e1culos gracias a sus dimensiones reducidas. Descubra todos nuestros productos AQU\u00cd.","og_url":"https:\/\/ferlux.es\/en\/gama-calderas\/","og_site_name":"Ferlux","article_modified_time":"2026-02-07T09:05:16+00:00","twitter_card":"summary_large_image","twitter_misc":{"Estimated reading time":"1 minute"},"schema":{"@context":"https:\/\/schema.org","@graph":[{"@type":"WebPage","@id":"https:\/\/ferlux.es\/gama-calderas\/","url":"https:\/\/ferlux.es\/gama-calderas\/","name":"\u25b7 Calderas de pellets - Ferlux","isPartOf":{"@id":"https:\/\/ferlux.es\/fr\/#website"},"datePublished":"2021-02-05T16:29:18+00:00","dateModified":"2026-02-07T09:05:16+00:00","description":"Pensadas para instalarse en peque\u00f1os habit\u00e1culos gracias a sus dimensiones reducidas. Descubra todos nuestros productos AQU\u00cd.","breadcrumb":{"@id":"https:\/\/ferlux.es\/gama-calderas\/#breadcrumb"},"inLanguage":"en-GB","potentialAction":[{"@type":"ReadAction","target":["https:\/\/ferlux.es\/gama-calderas\/"]}]},{"@type":"BreadcrumbList","@id":"https:\/\/ferlux.es\/gama-calderas\/#breadcrumb","itemListElement":[{"@type":"ListItem","position":1,"name":"Portada","item":"https:\/\/ferlux.es\/"},{"@type":"ListItem","position":2,"name":"Calderas"}]},{"@type":"WebSite","@id":"https:\/\/ferlux.es\/fr\/#website","url":"https:\/\/ferlux.es\/fr\/","name":"Ferlux","description":"","publisher":{"@id":"https:\/\/ferlux.es\/fr\/#organization"},"potentialAction":[{"@type":"SearchAction","target":{"@type":"EntryPoint","urlTemplate":"https:\/\/ferlux.es\/fr\/?s={search_term_string}"},"query-input":{"@type":"PropertyValueSpecification","valueRequired":true,"valueName":"search_term_string"}}],"inLanguage":"en-GB"},{"@type":"Organization","@id":"https:\/\/ferlux.es\/fr\/#organization","name":"Ferlux","url":"https:\/\/ferlux.es\/fr\/","logo":{"@type":"ImageObject","inLanguage":"en-GB","@id":"https:\/\/ferlux.es\/fr\/#\/schema\/logo\/image\/","url":"https:\/\/ferlux.es\/wp-content\/uploads\/2021\/07\/logo-ferlux.png","contentUrl":"https:\/\/ferlux.es\/wp-content\/uploads\/2021\/07\/logo-ferlux.png","width":20835,"height":4702,"caption":"Ferlux"},"image":{"@id":"https:\/\/ferlux.es\/fr\/#\/schema\/logo\/image\/"}}]}},"_links":{"self":[{"href":"https:\/\/ferlux.es\/en\/wp-json\/wp\/v2\/pages\/9761","targetHints":{"allow":["GET"]}}],"collection":[{"href":"https:\/\/ferlux.es\/en\/wp-json\/wp\/v2\/pages"}],"about":[{"href":"https:\/\/ferlux.es\/en\/wp-json\/wp\/v2\/types\/page"}],"author":[{"embeddable":true,"href":"https:\/\/ferlux.es\/en\/wp-json\/wp\/v2\/users\/1"}],"replies":[{"embeddable":true,"href":"https:\/\/ferlux.es\/en\/wp-json\/wp\/v2\/comments?post=9761"}],"version-history":[{"count":41,"href":"https:\/\/ferlux.es\/en\/wp-json\/wp\/v2\/pages\/9761\/revisions"}],"predecessor-version":[{"id":19171,"href":"https:\/\/ferlux.es\/en\/wp-json\/wp\/v2\/pages\/9761\/revisions\/19171"}],"wp:attachment":[{"href":"https:\/\/ferlux.es\/en\/wp-json\/wp\/v2\/media?parent=9761"}],"curies":[{"name":"wp","href":"https:\/\/api.w.org\/{rel}","templated":true}]}}